{"id":841,"date":"2019-11-28T11:53:11","date_gmt":"2019-11-28T11:53:11","guid":{"rendered":"http:\/\/tours4you.online\/?page_id=841"},"modified":"2023-06-08T14:00:46","modified_gmt":"2023-06-08T12:00:46","slug":"obzor","status":"publish","type":"page","link":"https:\/\/tours4you.online\/de\/destinationen-schwarzmeerkueste\/obzor\/","title":{"rendered":"Obzor"},"content":{"rendered":"\n<h2 class=\"wp-block-heading\">Der Sommerferienort Obzor, Bulgarien <\/h2>\n\n\n\n<p><strong>Obzor, <\/strong>Bulgarien ist ein relativ kleiner Urlaubsort im Vergleich zu den gr\u00f6\u00dften St\u00e4dten Sonnenstrand und <a href=\"https:\/\/tours4you.online\/de\/destinationen-schwarzmeerkueste\/goldstrand\/\" target=\"_blank\" rel=\"noreferrer noopener\">Goldstrand<\/a>. Es ist auch sehr ruhig und wundersch\u00f6n, weit weg von den belebtesten lauten Sommerdestinationen. Sie finden dieses klein St\u00fcck Land im zentralen Teil der bulgarischen Schwarzmeerk\u00fcste &#8211; an der Hauptstra\u00dfe zwischen Varna und Burgas.<\/p>\n\n\n\n<h3 class=\"wp-block-heading\" style=\"text-align:center\"> Die Geschichte von Obzor  <\/h3>\n\n\n\n<p>Sie begann vor mehr als 3000 Jahren. Die Thraker gr\u00fcndeten hier ihre ersten Siedlungen \u201eNaulohas\u201c. Sp\u00e4ter, im 1. Jahrtausend v. Chr., gr\u00fcndeten griechische Siedler die Stadt Heliopolis (das hei\u00dft \u201edie sonnige Stadt\u201c). Nachdem wurde die Stadt von den R\u00f6mern erobert und sie bauten einen Tempel des Jupiter und die Stadt erhielt der Name \u201eTheopolis&#8220; (\u201eGottesstadt&#8220;). Die \u00dcberreste dieses Tempels sind heute im Stadtzentrum erhalten. Sp\u00e4ter befand sich hier die Sommerresidenz der byzantinischen Kaiser. Die Geschichte geht weiter mit der bulgarischen Festung \u201eKozyak\u201c, die hier erbaut wurde. Zur Zeit des Osmanischen Reiches nannte man das Dorf \u201eGozeken\u201c (&#8222;Obzor&#8220; auf T\u00fcrkisch), der Name wird seit 1936 verwendet.<\/p>\n\n\n\n<div class=\"wp-block-cover has-background-dim\" style=\"background-image:url(http:\/\/tours4you.online\/wp-content\/uploads\/2019\/11\/obzor-beach.jpg)\"><div class=\"wp-block-cover__inner-container is-layout-flow wp-block-cover-is-layout-flow\">\n<h3 class=\"wp-block-heading\" style=\"text-align:center\">Die Lage von Obzor:<\/h3>\n<\/div><\/div>\n\n\n\n<p>Die Stadt genie\u00dft eine perfekte Lage zwischen den wichtigsten St\u00e4dten an der Schwarzmeerk\u00fcste Varna und Burgas und die Bequemlichkeit, 2 nahegelegene Flugh\u00e4fen zu nutzen. <a href=\"http:\/\/www.bulgarientransfers.de\/\" target=\"_blank\" rel=\"noopener noreferrer\">Buchen Sie hier online Transfer nach Obzor<\/a>:&nbsp; Das Badeort ist weit weg von den \u00fcberf\u00fcllten Sommerferienorten, aber mit einfachem Zugang zum Sonnenstrand und zum Sveti Vlas, wo die Party nie aufh\u00f6rt.<\/p>\n\n\n\n<p>Die Stadt Obzor liegt in einer Bucht, und ist im Norden vom Kap St. Athanasius und im S\u00fcden vom Emine-Berg umgeben. Diese unglaubliche Kombination aus Meer und Bergen ist der gr\u00f6\u00dfte Vorteil des Ortes. Das ist auch die Ursache f\u00fcr ein g\u00fcnstiges Klima, das zur Behandlung verschiedener Erkrankungen der Atemwege und des Nervensystems geeignet ist. Deswegen bietet das Badeort M\u00f6glichkeiten f\u00fcr den Tourismus in jeden Jahreszeit an.<\/p>\n\n\n\n<h4 class=\"wp-block-heading\">&#8211; Der Strand von Obzor<\/h4>\n\n\n\n<p>Eine andere Sache, die Sie nicht \u00fcber Obzor wissen, ist, dass der <strong>Strand <\/strong>einer der l\u00e4ngsten in Bulgarien ist &#8211; ungef\u00e4hr 10 km. Sehr sch\u00f6n sind der S\u00fcdstrand und der <a rel=\"noopener noreferrer\" href=\"https:\/\/www.tripadvisor.de\/Attraction_Review-g644064-d6967006-Reviews-Irakli_Beach-Obzor_Burgas_Province.html\" target=\"_blank\">Irakli Strand<\/a>, man kann sie nicht verfehlen. Der Sand ist golden und fein. An der Promenade finden Sie kleine gem\u00fctliche Strandbars und nette Restaurants. Der Berg Stara Planina umgibt die Stadt und erreicht den Strand, sodass k\u00f6nnen Sie vor der hei\u00dfen Sonne fliehen und durch die gr\u00fcne Natur im Wald wandern.<\/p>\n\n\n\n<p>Obzor ist der perfekte Ort f\u00fcr Familien mit Kindern, Jugendlichen oder Rentnern. Das Seebad bietet gro\u00dfe Komplexe, kleine Hotels, Pensionen und private Zimmer oder Apartments an &#8211; jeder findet die beste Unterkunft.<\/p>\n\n\n\n<div class=\"wp-block-cover has-background-dim\" style=\"background-image:url(http:\/\/tours4you.online\/wp-content\/uploads\/2019\/11\/obzor-the-center.jpg)\"><div class=\"wp-block-cover__inner-container is-layout-flow wp-block-cover-is-layout-flow\">\n<h3 class=\"wp-block-heading\" style=\"text-align:center\">Was zu tun in Obzor?<\/h3>\n<\/div><\/div>\n\n\n\n<p>Obzor ist der perfekte Ort zum Entspannen und Sonnenbaden am Strand. Es bietet alle Arten von Strand- und Sommersportarten an.&nbsp; Zur Verf\u00fcgung sind eine Vielzahl von Sehensw\u00fcrdigkeiten und Orten in der Umgebung.<\/p>\n\n\n\n<p>Wenn Sie auf der Suche nach Nachtleben sind, werden Ihnen die Strandbars in Obzor auf jeden Fall gefallen. Das beste Partyziel in Bulgarien &#8211; <a href=\"https:\/\/tours4you.online\/de\/was-zu-tun-in-sonnenstrand-bulgarien\/\" target=\"_blank\" rel=\"noreferrer noopener\" aria-label=\"Sonnenstrand (opens in a new tab)\">Sonnenstrand<\/a> liegt 30 km s\u00fcdlich.<\/p>\n\n\n\n<p>F\u00fcr diejenigen, die Kulturdenkm\u00e4ler und Kirchen erkunden m\u00f6chten, ist <a href=\"https:\/\/tours4you.online\/de\/destinationen-schwarzmeerkueste\/nessebar\/\" target=\"_blank\" rel=\"noreferrer noopener\">Nessebar<\/a> (der \u00e4lteste antike Badeort in Bulgarien) der richtige Ort.<\/p>\n\n\n\n<h4 class=\"wp-block-heading\">&#8211; Das Stadtzentrum in Obzor<\/h4>\n\n\n\n<p>Sie k\u00f6nnen den zentralen Teil von Obzor mit seinen kleinen Stra\u00dfen und gr\u00fcnen Parks nicht verfehlen. Sie werden von dem wundersch\u00f6nen Park mit Springbrunnen, dem Sommertheater und den Erholungsgebieten \u00fcberrascht sein. Ihre Hauptaugenmerk sind die \u00dcberresten der antiken Stadt Heliopolis und Fragmenten des sp\u00e4tr\u00f6mischen Jupitertempels. Wenn Sie mehr \u00fcber die Geschichte von Obzor erfahren m\u00f6chten, besuchen Sie das historische Museum in der N\u00e4he des Meeres.<\/p>\n\n\n\n<h4 class=\"wp-block-heading\">&#8211; Restaurant und Zoo Goritsa<\/h4>\n\n\n\n<p>Es liegt etwa 10 Kilometer n\u00f6rdlich von Obzor in Richtung Varna und ist ein einzigartiger Komplex mit Restaurant, Park und Zooecke. Die Gartenfl\u00e4che betr\u00e4gt \u00fcber 4000 Quadratmeter. Hier k\u00f6nnen Sie verschiedene Arten von Tieren und V\u00f6geln wie Ponys, Enten, Fasane, Wildschweine, Strau\u00dfe, Lamas, Pferde und mehr treffen. Mehr Information:<\/p>\n\n\n\n<div class=\"wp-block-cover has-background-dim\" style=\"background-image:url(http:\/\/tours4you.online\/wp-content\/uploads\/2019\/01\/nessebar-church.jpg)\"><div class=\"wp-block-cover__inner-container is-layout-flow wp-block-cover-is-layout-flow\">\n<h3 class=\"wp-block-heading\" style=\"text-align:center\">Die beste Ausfl\u00fcge von Obzor:<\/h3>\n<\/div><\/div>\n\n\n\n<p>W\u00e4hrend Ihres Aufenthalts in Obzor k\u00f6nnen Sie zahlreiche Sportm\u00f6glichkeiten nutzen oder an kulturellen Ausfl\u00fcgen, Weinproben, Bergsafari und weiteren Ausfl\u00fcgen ab Obzor teilnehmen. Die besten Ausfl\u00fcge und Reisen, die Sie online auf unserer Website buchen k\u00f6nnen, sind:<\/p>\n\n\n\n<div class=\"wp-block-ugb-feature-grid ugb-feature-grid ugb-feature-grid--columns-2\"><div class=\"ugb-feature-grid__item ugb--shadow-5\" style=\"border-radius:20px\"><div class=\"ugb-feature-grid__image\"><img decoding=\"async\" src=\"http:\/\/tours4you.online\/wp-content\/uploads\/2021\/01\/nessebar.jpg\" style=\"width:100%\" alt=\" Tagesausflug nach die Alte Stadt von Nessebar \"\/><\/div><div class=\"ugb-feature-grid__content\"><h5 class=\"ugb-feature-grid__title\"> <strong>Tagesausflug nach die Alte Stadt von Nessebar<\/strong> <\/h5><p class=\"ugb-feature-grid__description\">\u0415iner der Sch\u00e4tze der UNESCO, ist ein Muss f\u00fcr jeden Touristen, der Bulgarien besucht. <a rel=\"noreferrer noopener\" aria-label=\"Finden Sie hier TOP 10 Dinge zu tunin Nessebar: (opens in a new tab)\" href=\"https:\/\/tours4you.online\/de\/top-10-sehenswuerdigkeiten-in-nessebar-bulgarien\/\" target=\"_blank\">Finden Sie hier TOP 10 Dinge zu tun in Nessebar:<\/a> <br>Erfahren Sie mehr \u00fcber den Ausflug nach Nessebar und reservieren Sie online hier: <\/p><div><a class=\"ugb-button ugb-button--align-center ugb-button--size-normal\" href=\"https:\/\/tours4you.online\/de\/offer\/nessebar-von-obzor\/\" style=\"border-radius:1px;background-color:#3fa4e3;color:#ffffff\" target=\"_blank\" rel=\"noopener noreferrer\"><span class=\"ugb-button--inner\" style=\"color:#ffffff\">BOOK NOW!<\/span><\/a><\/div><\/div><\/div><div class=\"ugb-feature-grid__item ugb--shadow-5\" style=\"border-radius:20px\"><div class=\"ugb-feature-grid__image\"><img decoding=\"async\" src=\"http:\/\/tours4you.online\/wp-content\/uploads\/2019\/04\/varna-day-trip.jpg\" style=\"width:100%\" alt=\" Ausflug nach Varna \"\/><\/div><div class=\"ugb-feature-grid__content\"><h5 class=\"ugb-feature-grid__title\"> <strong>Ausflug nach Varna<\/strong> <\/h5><p class=\"ugb-feature-grid__description\">Erkunden Sie die Meereshauptstadt Bulgariens! Die perfekte Gelegenheit zum Einkaufen, zum Besuch des Delphinariums oder zum Spa\u00df am Hafen. Erfahren Sie in unserem Blog, <a rel=\"noreferrer noopener\" href=\"https:\/\/tours4you.online\/de\/beste-orte-varna-besuchen\/\" target=\"_blank\">was Sie in Varna besuchen k\u00f6nnen<\/a>: <\/p><div><a class=\"ugb-button ugb-button--align-center ugb-button--size-normal\" href=\"https:\/\/tours4you.online\/\" style=\"border-radius:1px;background-color:#3fa4e3;color:#ffffff\" target=\"_blank\" rel=\"noopener noreferrer\"><span class=\"ugb-button--inner\" style=\"color:#ffffff\">BOOK NOW!<\/span><\/a><\/div><\/div><\/div><\/div>\n\n\n\n<div class=\"wp-block-ugb-feature ugb-feature ugb--background-opacity-5 ugb-feature--design-basic ugb-feature--content-left ugb--has-background ugb--shadow-5\" style=\"--image-size:400px;background-color:#ffe200;border-radius:20px\"><div class=\"ugb-content-wrapper\"><div class=\"ugb-feature__content\"><h2 class=\"ugb-feature__title\">Der Badeort Obzor<\/h2><p class=\"ugb-feature__description\">Obzor ist eines der besten Sommerziele in Bulgarien und aufgrund seines sch\u00f6nen Strandes, netten Natur und des g\u00fcnstigen Klimas ist ein beliebter Ort f\u00fcr jeder. Wenn Sie Ihren Urlaub in Obzor verbringen, k\u00f6nnen Sie die Umgebung erkunden und einige Tagesausfl\u00fcge buchen, die Ihre Zeit bereichern werden: <\/p><div><a class=\"ugb-button ugb-button--align-left ugb-button--size-normal\" href=\"https:\/\/tours4you.online\/de\/destination\/obzor-de\/\" style=\"border-radius:1px\"><span class=\"ugb-button--inner\">BOOK NOW!<\/span><\/a><\/div><\/div><div class=\"ugb-feature__image-side\"><img decoding=\"async\" class=\"ugb-feature__image\" src=\"http:\/\/tours4you.online\/wp-content\/uploads\/2021\/02\/bulgarien-obzor.jpg\" alt=\"Der Badeort Obzor\"\/><\/div><\/div><\/div>\n","protected":false},"excerpt":{"rendered":"<p>Der Sommerferienort Obzor, Bulgarien Obzor, Bulgarien ist ein relativ kleiner Urlaubsort im Vergleich zu den gr\u00f6\u00dften St\u00e4dten Sonnenstrand und Goldstrand. Es ist auch sehr ruhig und wundersch\u00f6n, weit weg von den belebtesten lauten Sommerdestinationen. Sie finden dieses klein St\u00fcck Land im zentralen Teil der bulgarischen Schwarzmeerk\u00fcste &#8211; an der Hauptstra\u00dfe zwischen Varna und Burgas. Die&#8230;<\/p>\n","protected":false},"author":1,"featured_media":0,"parent":280,"menu_order":0,"comment_status":"closed","ping_status":"closed","template":"","meta":{"_acf_changed":false,"footnotes":""},"class_list":["post-841","page","type-page","status-publish","hentry"],"acf":[],"yoast_head":"<!-- This site is optimized with the Yoast SEO plugin v23.6 - https:\/\/yoast.com\/wordpress\/plugins\/seo\/ -->\n<title>Obzor - Tours 4 You<\/title>\n<meta name=\"description\" content=\"Das Seebad Obzor, Bulgarien. Tours 4 You: lernen Sie mehr \u00fcber die Lage, was zu tun in Obzor und buchen Sie online Ausfl\u00fcge von Obzor:\" \/>\n<meta name=\"robots\" content=\"index, follow, max-snippet:-1, max-image-preview:large, max-video-preview:-1\" \/>\n<link rel=\"canonical\" href=\"https:\/\/tours4you.online\/de\/destinationen-schwarzmeerkueste\/obzor\/\" \/>\n<meta property=\"og:locale\" content=\"de_DE\" \/>\n<meta property=\"og:type\" content=\"article\" \/>\n<meta property=\"og:title\" content=\"Obzor - Tours 4 You\" \/>\n<meta property=\"og:description\" content=\"Das Seebad Obzor, Bulgarien. Tours 4 You: lernen Sie mehr \u00fcber die Lage, was zu tun in Obzor und buchen Sie online Ausfl\u00fcge von Obzor:\" \/>\n<meta property=\"og:url\" content=\"https:\/\/tours4you.online\/de\/destinationen-schwarzmeerkueste\/obzor\/\" \/>\n<meta property=\"og:site_name\" content=\"Tours 4 You\" \/>\n<meta property=\"article:modified_time\" content=\"2023-06-08T12:00:46+00:00\" \/>\n<meta property=\"og:image\" content=\"http:\/\/tours4you.online\/wp-content\/uploads\/2021\/01\/nessebar.jpg\" \/>\n<meta name=\"twitter:card\" content=\"summary_large_image\" \/>\n<meta name=\"twitter:label1\" content=\"Gesch\u00e4tzte Lesezeit\" \/>\n\t<meta name=\"twitter:data1\" content=\"4\u00a0Minuten\" \/>\n<script type=\"application\/ld+json\" class=\"yoast-schema-graph\">{\"@context\":\"https:\/\/schema.org\",\"@graph\":[{\"@type\":\"WebPage\",\"@id\":\"https:\/\/tours4you.online\/de\/destinationen-schwarzmeerkueste\/obzor\/\",\"url\":\"https:\/\/tours4you.online\/de\/destinationen-schwarzmeerkueste\/obzor\/\",\"name\":\"Obzor - Tours 4 You\",\"isPartOf\":{\"@id\":\"https:\/\/tours4you.online\/de\/#website\"},\"primaryImageOfPage\":{\"@id\":\"https:\/\/tours4you.online\/de\/destinationen-schwarzmeerkueste\/obzor\/#primaryimage\"},\"image\":{\"@id\":\"https:\/\/tours4you.online\/de\/destinationen-schwarzmeerkueste\/obzor\/#primaryimage\"},\"thumbnailUrl\":\"http:\/\/tours4you.online\/wp-content\/uploads\/2021\/01\/nessebar.jpg\",\"datePublished\":\"2019-11-28T11:53:11+00:00\",\"dateModified\":\"2023-06-08T12:00:46+00:00\",\"description\":\"Das Seebad Obzor, Bulgarien. Tours 4 You: lernen Sie mehr \u00fcber die Lage, was zu tun in Obzor und buchen Sie online Ausfl\u00fcge von Obzor:\",\"breadcrumb\":{\"@id\":\"https:\/\/tours4you.online\/de\/destinationen-schwarzmeerkueste\/obzor\/#breadcrumb\"},\"inLanguage\":\"de\",\"potentialAction\":[{\"@type\":\"ReadAction\",\"target\":[\"https:\/\/tours4you.online\/de\/destinationen-schwarzmeerkueste\/obzor\/\"]}]},{\"@type\":\"ImageObject\",\"inLanguage\":\"de\",\"@id\":\"https:\/\/tours4you.online\/de\/destinationen-schwarzmeerkueste\/obzor\/#primaryimage\",\"url\":\"http:\/\/tours4you.online\/wp-content\/uploads\/2021\/01\/nessebar.jpg\",\"contentUrl\":\"http:\/\/tours4you.online\/wp-content\/uploads\/2021\/01\/nessebar.jpg\"},{\"@type\":\"BreadcrumbList\",\"@id\":\"https:\/\/tours4you.online\/de\/destinationen-schwarzmeerkueste\/obzor\/#breadcrumb\",\"itemListElement\":[{\"@type\":\"ListItem\",\"position\":1,\"name\":\"Home\",\"item\":\"https:\/\/tours4you.online\/de\/\"},{\"@type\":\"ListItem\",\"position\":2,\"name\":\"Schwarzmeerk\u00fcste\",\"item\":\"https:\/\/tours4you.online\/de\/destinationen-schwarzmeerkueste\/\"},{\"@type\":\"ListItem\",\"position\":3,\"name\":\"Obzor\"}]},{\"@type\":\"WebSite\",\"@id\":\"https:\/\/tours4you.online\/de\/#website\",\"url\":\"https:\/\/tours4you.online\/de\/\",\"name\":\"Tours 4 You\",\"description\":\"Tours 4 You\",\"publisher\":{\"@id\":\"https:\/\/tours4you.online\/de\/#organization\"},\"potentialAction\":[{\"@type\":\"SearchAction\",\"target\":{\"@type\":\"EntryPoint\",\"urlTemplate\":\"https:\/\/tours4you.online\/de\/?s={search_term_string}\"},\"query-input\":{\"@type\":\"PropertyValueSpecification\",\"valueRequired\":true,\"valueName\":\"search_term_string\"}}],\"inLanguage\":\"de\"},{\"@type\":\"Organization\",\"@id\":\"https:\/\/tours4you.online\/de\/#organization\",\"name\":\"Varna City Tour\",\"url\":\"https:\/\/tours4you.online\/de\/\",\"logo\":{\"@type\":\"ImageObject\",\"inLanguage\":\"de\",\"@id\":\"https:\/\/tours4you.online\/de\/#\/schema\/logo\/image\/\",\"url\":\"https:\/\/tours4you.online\/wp-content\/uploads\/2023\/12\/logo-t4u.png\",\"contentUrl\":\"https:\/\/tours4you.online\/wp-content\/uploads\/2023\/12\/logo-t4u.png\",\"width\":140,\"height\":60,\"caption\":\"Varna City Tour\"},\"image\":{\"@id\":\"https:\/\/tours4you.online\/de\/#\/schema\/logo\/image\/\"}}]}<\/script>\n<!-- \/ Yoast SEO plugin. -->","yoast_head_json":{"title":"Obzor - Tours 4 You","description":"Das Seebad Obzor, Bulgarien. Tours 4 You: lernen Sie mehr \u00fcber die Lage, was zu tun in Obzor und buchen Sie online Ausfl\u00fcge von Obzor:","robots":{"index":"index","follow":"follow","max-snippet":"max-snippet:-1","max-image-preview":"max-image-preview:large","max-video-preview":"max-video-preview:-1"},"canonical":"https:\/\/tours4you.online\/de\/destinationen-schwarzmeerkueste\/obzor\/","og_locale":"de_DE","og_type":"article","og_title":"Obzor - Tours 4 You","og_description":"Das Seebad Obzor, Bulgarien. Tours 4 You: lernen Sie mehr \u00fcber die Lage, was zu tun in Obzor und buchen Sie online Ausfl\u00fcge von Obzor:","og_url":"https:\/\/tours4you.online\/de\/destinationen-schwarzmeerkueste\/obzor\/","og_site_name":"Tours 4 You","article_modified_time":"2023-06-08T12:00:46+00:00","og_image":[{"url":"http:\/\/tours4you.online\/wp-content\/uploads\/2021\/01\/nessebar.jpg"}],"twitter_card":"summary_large_image","twitter_misc":{"Gesch\u00e4tzte Lesezeit":"4\u00a0Minuten"},"schema":{"@context":"https:\/\/schema.org","@graph":[{"@type":"WebPage","@id":"https:\/\/tours4you.online\/de\/destinationen-schwarzmeerkueste\/obzor\/","url":"https:\/\/tours4you.online\/de\/destinationen-schwarzmeerkueste\/obzor\/","name":"Obzor - Tours 4 You","isPartOf":{"@id":"https:\/\/tours4you.online\/de\/#website"},"primaryImageOfPage":{"@id":"https:\/\/tours4you.online\/de\/destinationen-schwarzmeerkueste\/obzor\/#primaryimage"},"image":{"@id":"https:\/\/tours4you.online\/de\/destinationen-schwarzmeerkueste\/obzor\/#primaryimage"},"thumbnailUrl":"http:\/\/tours4you.online\/wp-content\/uploads\/2021\/01\/nessebar.jpg","datePublished":"2019-11-28T11:53:11+00:00","dateModified":"2023-06-08T12:00:46+00:00","description":"Das Seebad Obzor, Bulgarien. Tours 4 You: lernen Sie mehr \u00fcber die Lage, was zu tun in Obzor und buchen Sie online Ausfl\u00fcge von Obzor:","breadcrumb":{"@id":"https:\/\/tours4you.online\/de\/destinationen-schwarzmeerkueste\/obzor\/#breadcrumb"},"inLanguage":"de","potentialAction":[{"@type":"ReadAction","target":["https:\/\/tours4you.online\/de\/destinationen-schwarzmeerkueste\/obzor\/"]}]},{"@type":"ImageObject","inLanguage":"de","@id":"https:\/\/tours4you.online\/de\/destinationen-schwarzmeerkueste\/obzor\/#primaryimage","url":"http:\/\/tours4you.online\/wp-content\/uploads\/2021\/01\/nessebar.jpg","contentUrl":"http:\/\/tours4you.online\/wp-content\/uploads\/2021\/01\/nessebar.jpg"},{"@type":"BreadcrumbList","@id":"https:\/\/tours4you.online\/de\/destinationen-schwarzmeerkueste\/obzor\/#breadcrumb","itemListElement":[{"@type":"ListItem","position":1,"name":"Home","item":"https:\/\/tours4you.online\/de\/"},{"@type":"ListItem","position":2,"name":"Schwarzmeerk\u00fcste","item":"https:\/\/tours4you.online\/de\/destinationen-schwarzmeerkueste\/"},{"@type":"ListItem","position":3,"name":"Obzor"}]},{"@type":"WebSite","@id":"https:\/\/tours4you.online\/de\/#website","url":"https:\/\/tours4you.online\/de\/","name":"Tours 4 You","description":"Tours 4 You","publisher":{"@id":"https:\/\/tours4you.online\/de\/#organization"},"potentialAction":[{"@type":"SearchAction","target":{"@type":"EntryPoint","urlTemplate":"https:\/\/tours4you.online\/de\/?s={search_term_string}"},"query-input":{"@type":"PropertyValueSpecification","valueRequired":true,"valueName":"search_term_string"}}],"inLanguage":"de"},{"@type":"Organization","@id":"https:\/\/tours4you.online\/de\/#organization","name":"Varna City Tour","url":"https:\/\/tours4you.online\/de\/","logo":{"@type":"ImageObject","inLanguage":"de","@id":"https:\/\/tours4you.online\/de\/#\/schema\/logo\/image\/","url":"https:\/\/tours4you.online\/wp-content\/uploads\/2023\/12\/logo-t4u.png","contentUrl":"https:\/\/tours4you.online\/wp-content\/uploads\/2023\/12\/logo-t4u.png","width":140,"height":60,"caption":"Varna City Tour"},"image":{"@id":"https:\/\/tours4you.online\/de\/#\/schema\/logo\/image\/"}}]}},"_links":{"self":[{"href":"https:\/\/tours4you.online\/de\/wp-json\/wp\/v2\/pages\/841","targetHints":{"allow":["GET"]}}],"collection":[{"href":"https:\/\/tours4you.online\/de\/wp-json\/wp\/v2\/pages"}],"about":[{"href":"https:\/\/tours4you.online\/de\/wp-json\/wp\/v2\/types\/page"}],"author":[{"embeddable":true,"href":"https:\/\/tours4you.online\/de\/wp-json\/wp\/v2\/users\/1"}],"replies":[{"embeddable":true,"href":"https:\/\/tours4you.online\/de\/wp-json\/wp\/v2\/comments?post=841"}],"version-history":[{"count":1,"href":"https:\/\/tours4you.online\/de\/wp-json\/wp\/v2\/pages\/841\/revisions"}],"predecessor-version":[{"id":2507,"href":"https:\/\/tours4you.online\/de\/wp-json\/wp\/v2\/pages\/841\/revisions\/2507"}],"up":[{"embeddable":true,"href":"https:\/\/tours4you.online\/de\/wp-json\/wp\/v2\/pages\/280"}],"wp:attachment":[{"href":"https:\/\/tours4you.online\/de\/wp-json\/wp\/v2\/media?parent=841"}],"curies":[{"name":"wp","href":"https:\/\/api.w.org\/{rel}","templated":true}]}}