{"id":355,"date":"2019-05-29T12:53:33","date_gmt":"2019-05-29T12:53:33","guid":{"rendered":"http:\/\/tours4you.online\/?page_id=355"},"modified":"2021-02-24T15:14:59","modified_gmt":"2021-02-24T15:14:59","slug":"ueber-tours4you","status":"publish","type":"page","link":"https:\/\/tours4you.online\/de\/ueber-tours4you\/","title":{"rendered":"\u00dcber Tours4You"},"content":{"rendered":"\n<p><strong>Tours4you.online<\/strong> ist ein Online-Buchungssystem f\u00fcr Ausfl\u00fcge und Veranstaltungen von Varna City Tour Ltd. Auf unserer Website k\u00f6nnen Sie schnell und einfach Ausfl\u00fcge an der bulgarische Schwarzmeerk\u00fcste, Unterhaltungsaktivit\u00e4ten, kulturelle und historische Besichtigungen sowie Partyveranstaltungen buchen.<\/p>\n\n\n\n<p><strong>Varna City Tour Ltd<\/strong>. hat eine Registrierung Nr. \u0420\u041a-01-6541 f\u00fcr Reiseveranstaltert\u00e4tigkeit sowie \u0420\u041a-01-6753 f\u00fcr Reiseb\u00fcrot\u00e4tigkeit, die am 04.03.2014 vom Ministerium f\u00fcr Wirtschaft und Energie der Republik Bulgarien ausgestellt worden sind.<\/p>\n\n\n\n<p>Das Unternehmen kombiniert die Bem\u00fchungen von Spezialisten mit langj\u00e4hriger Erfahrung auf dem Gebiet des internationalen Tourismus, um eine vollst\u00e4ndige Palette von Incoming-Tourismusdienstleistungen f\u00fcr ausl\u00e4ndische Partner bereitzustellen. F\u00fcr kurze Zeit haben wir das Vertrauen f\u00fcr f\u00fchrender Unternehmen und Strukturen auf dem deutschen, polnischen, ukrainischen und russischen Markt gewonnen. Ein Teil unserer Partner sind die gro\u00dfen Reiseveranstalter, die aufgrund ihrer hohen Standards auf dem Welttourismusmarkt etabliert sind: TUI, DER Touristik, Alltours, Neva Travel Company und viele andere Online-Reiseb\u00fcros.<\/p>\n\n\n\n<p>Wir bieten eine breite Palette von Dienstleistungen an, einschlie\u00dflich Unterkunft, Transfers, Ausfl\u00fcge und alle damit verbundenen Aktivit\u00e4ten, einzeln oder als Teil von einer Pauschalreise:<\/p>\n\n\n\n<ul class=\"wp-block-list\"><li>Hotelreservierungen und Unterkunft: von 2 * bis 5 * Hotels, privaten Villen, H\u00e4usern und Apartments in allen Sommer- und Winterferienorten Bulgariens sowie Unterkunft au\u00dferhalb der touristischen Gebiete &#8211; Stadt-, Land- und \u00d6kotourismus;<\/li><li>Flughafentransfer;<\/li><li>Reisevertreterservice;<\/li><li>Ausfl\u00fcge und Veranstaltungen;<\/li><li>Mietwagen;<\/li><li>Yachtkreuzfahrten und Yachtcharter.<\/li><\/ul>\n\n\n\n<div class=\"wp-block-ugb-feature ugb-feature ugb--background-opacity-5 ugb-feature--design-basic ugb-feature--content-left ugb--shadow-5\" style=\"--image-size:400px;border-radius:20px\"><div class=\"ugb-content-wrapper\"><div class=\"ugb-feature__content\"><h2 class=\"ugb-feature__title\">Party Bus<\/h2><p class=\"ugb-feature__description\"><strong>Varna City Tour Ltd.<\/strong> hat Erfahrung in der Organisation von Gruppenreisen zu individuellen Programmen, Konferenzen, Seminaren, Teambuildings, Sport- und Kindercamps. Um das Ausflugsangebot im Jugendbereich zu diversifizieren, kaufte und sanierte das Unternehmen zusammen mit einem deutschen Reiseveranstalter einen Doppeldeckerbus <\/p><div><a class=\"ugb-button ugb-button--align-left ugb-button--size-normal ugb-button--design-plain\" href=\"https:\/\/tours4you.online\/de\/party-bus-fotogalerie\/\"><span class=\"ugb-button--inner\">Mehr:<\/span><\/a><\/div><\/div><div class=\"ugb-feature__image-side\"><img decoding=\"async\" class=\"ugb-feature__image\" src=\"http:\/\/tours4you.online\/wp-content\/uploads\/2020\/10\/party-bus-varna-city.jpg\" alt=\"Party Bus\"\/><\/div><\/div><\/div>\n\n\n\n<div class=\"wp-block-ugb-cta ugb-cta ugb--background-opacity-5 ugb-cta--design-plain\"><div class=\"ugb-content-wrapper\"><h3 class=\"ugb-cta__title\" style=\"color:#3fa4e3\">Tours4You.Online<\/h3><p class=\"ugb-cta__description\">Um n\u00e4her an unseren Kunden zu sein, wurde 2019 unser neues Projekt <strong>Tours4You.online<\/strong> gestartet. \u00dcber unsere Online-Plattform k\u00f6nnen Sie die beliebtesten<strong> Ausfl\u00fcge und Veranstaltungen an der bulgarischen Schwarzmeerk\u00fcste<\/strong> buchen, die Ihren Aufenthalt in Bulgarien zu einem unvergesslichen Erlebnis verwenden! <\/p><div><a class=\"ugb-button ugb-button--align-center ugb-button--size-normal\" href=\"https:\/\/tours4you.online\/de\/\" style=\"border-radius:4px\"><span class=\"ugb-button--inner\">BOOK NOW!<\/span><\/a><\/div><\/div><\/div>\n","protected":false},"excerpt":{"rendered":"<p>Tours4you.online ist ein Online-Buchungssystem f\u00fcr Ausfl\u00fcge und Veranstaltungen von Varna City Tour Ltd. Auf unserer Website k\u00f6nnen Sie schnell und einfach Ausfl\u00fcge an der bulgarische Schwarzmeerk\u00fcste, Unterhaltungsaktivit\u00e4ten, kulturelle und historische Besichtigungen sowie Partyveranstaltungen buchen. Varna City Tour Ltd. hat eine Registrierung Nr. \u0420\u041a-01-6541 f\u00fcr Reiseveranstaltert\u00e4tigkeit sowie \u0420\u041a-01-6753 f\u00fcr Reiseb\u00fcrot\u00e4tigkeit, die am 04.03.2014 vom Ministerium f\u00fcr&#8230;<\/p>\n","protected":false},"author":1,"featured_media":0,"parent":0,"menu_order":0,"comment_status":"closed","ping_status":"closed","template":"","meta":{"_acf_changed":false,"footnotes":""},"class_list":["post-355","page","type-page","status-publish","hentry"],"acf":[],"yoast_head":"<!-- This site is optimized with the Yoast SEO plugin v23.6 - https:\/\/yoast.com\/wordpress\/plugins\/seo\/ -->\n<title>\u00dcber Tours4You - Tours 4 You<\/title>\n<meta name=\"description\" content=\"\u00dcber Tours4You.Online: Buchen Sie online die besten Touren und Aktivit\u00e4ten an der Schwarzmeerk\u00fcste - Nessebar, Varna, Burgas, Partytouren und andere:\" \/>\n<meta name=\"robots\" content=\"index, follow, max-snippet:-1, max-image-preview:large, max-video-preview:-1\" \/>\n<link rel=\"canonical\" href=\"https:\/\/tours4you.online\/de\/ueber-tours4you\/\" \/>\n<meta property=\"og:locale\" content=\"de_DE\" \/>\n<meta property=\"og:type\" content=\"article\" \/>\n<meta property=\"og:title\" content=\"\u00dcber Tours4You - Tours 4 You\" \/>\n<meta property=\"og:description\" content=\"\u00dcber Tours4You.Online: Buchen Sie online die besten Touren und Aktivit\u00e4ten an der Schwarzmeerk\u00fcste - Nessebar, Varna, Burgas, Partytouren und andere:\" \/>\n<meta property=\"og:url\" content=\"https:\/\/tours4you.online\/de\/ueber-tours4you\/\" \/>\n<meta property=\"og:site_name\" content=\"Tours 4 You\" \/>\n<meta property=\"article:modified_time\" content=\"2021-02-24T15:14:59+00:00\" \/>\n<meta property=\"og:image\" content=\"http:\/\/tours4you.online\/wp-content\/uploads\/2020\/10\/party-bus-varna-city.jpg\" \/>\n<meta name=\"twitter:card\" content=\"summary_large_image\" \/>\n<meta name=\"twitter:label1\" content=\"Gesch\u00e4tzte Lesezeit\" \/>\n\t<meta name=\"twitter:data1\" content=\"2\u00a0Minuten\" \/>\n<script type=\"application\/ld+json\" class=\"yoast-schema-graph\">{\"@context\":\"https:\/\/schema.org\",\"@graph\":[{\"@type\":\"WebPage\",\"@id\":\"https:\/\/tours4you.online\/de\/ueber-tours4you\/\",\"url\":\"https:\/\/tours4you.online\/de\/ueber-tours4you\/\",\"name\":\"\u00dcber Tours4You - Tours 4 You\",\"isPartOf\":{\"@id\":\"https:\/\/tours4you.online\/de\/#website\"},\"primaryImageOfPage\":{\"@id\":\"https:\/\/tours4you.online\/de\/ueber-tours4you\/#primaryimage\"},\"image\":{\"@id\":\"https:\/\/tours4you.online\/de\/ueber-tours4you\/#primaryimage\"},\"thumbnailUrl\":\"http:\/\/tours4you.online\/wp-content\/uploads\/2020\/10\/party-bus-varna-city.jpg\",\"datePublished\":\"2019-05-29T12:53:33+00:00\",\"dateModified\":\"2021-02-24T15:14:59+00:00\",\"description\":\"\u00dcber Tours4You.Online: Buchen Sie online die besten Touren und Aktivit\u00e4ten an der Schwarzmeerk\u00fcste - Nessebar, Varna, Burgas, Partytouren und andere:\",\"breadcrumb\":{\"@id\":\"https:\/\/tours4you.online\/de\/ueber-tours4you\/#breadcrumb\"},\"inLanguage\":\"de\",\"potentialAction\":[{\"@type\":\"ReadAction\",\"target\":[\"https:\/\/tours4you.online\/de\/ueber-tours4you\/\"]}]},{\"@type\":\"ImageObject\",\"inLanguage\":\"de\",\"@id\":\"https:\/\/tours4you.online\/de\/ueber-tours4you\/#primaryimage\",\"url\":\"http:\/\/tours4you.online\/wp-content\/uploads\/2020\/10\/party-bus-varna-city.jpg\",\"contentUrl\":\"http:\/\/tours4you.online\/wp-content\/uploads\/2020\/10\/party-bus-varna-city.jpg\"},{\"@type\":\"BreadcrumbList\",\"@id\":\"https:\/\/tours4you.online\/de\/ueber-tours4you\/#breadcrumb\",\"itemListElement\":[{\"@type\":\"ListItem\",\"position\":1,\"name\":\"Home\",\"item\":\"https:\/\/tours4you.online\/de\/\"},{\"@type\":\"ListItem\",\"position\":2,\"name\":\"\u00dcber Tours4You\"}]},{\"@type\":\"WebSite\",\"@id\":\"https:\/\/tours4you.online\/de\/#website\",\"url\":\"https:\/\/tours4you.online\/de\/\",\"name\":\"Tours 4 You\",\"description\":\"Tours 4 You\",\"publisher\":{\"@id\":\"https:\/\/tours4you.online\/de\/#organization\"},\"potentialAction\":[{\"@type\":\"SearchAction\",\"target\":{\"@type\":\"EntryPoint\",\"urlTemplate\":\"https:\/\/tours4you.online\/de\/?s={search_term_string}\"},\"query-input\":{\"@type\":\"PropertyValueSpecification\",\"valueRequired\":true,\"valueName\":\"search_term_string\"}}],\"inLanguage\":\"de\"},{\"@type\":\"Organization\",\"@id\":\"https:\/\/tours4you.online\/de\/#organization\",\"name\":\"Varna City Tour\",\"url\":\"https:\/\/tours4you.online\/de\/\",\"logo\":{\"@type\":\"ImageObject\",\"inLanguage\":\"de\",\"@id\":\"https:\/\/tours4you.online\/de\/#\/schema\/logo\/image\/\",\"url\":\"https:\/\/tours4you.online\/wp-content\/uploads\/2023\/12\/logo-t4u.png\",\"contentUrl\":\"https:\/\/tours4you.online\/wp-content\/uploads\/2023\/12\/logo-t4u.png\",\"width\":140,\"height\":60,\"caption\":\"Varna City Tour\"},\"image\":{\"@id\":\"https:\/\/tours4you.online\/de\/#\/schema\/logo\/image\/\"}}]}<\/script>\n<!-- \/ Yoast SEO plugin. -->","yoast_head_json":{"title":"\u00dcber Tours4You - Tours 4 You","description":"\u00dcber Tours4You.Online: Buchen Sie online die besten Touren und Aktivit\u00e4ten an der Schwarzmeerk\u00fcste - Nessebar, Varna, Burgas, Partytouren und andere:","robots":{"index":"index","follow":"follow","max-snippet":"max-snippet:-1","max-image-preview":"max-image-preview:large","max-video-preview":"max-video-preview:-1"},"canonical":"https:\/\/tours4you.online\/de\/ueber-tours4you\/","og_locale":"de_DE","og_type":"article","og_title":"\u00dcber Tours4You - Tours 4 You","og_description":"\u00dcber Tours4You.Online: Buchen Sie online die besten Touren und Aktivit\u00e4ten an der Schwarzmeerk\u00fcste - Nessebar, Varna, Burgas, Partytouren und andere:","og_url":"https:\/\/tours4you.online\/de\/ueber-tours4you\/","og_site_name":"Tours 4 You","article_modified_time":"2021-02-24T15:14:59+00:00","og_image":[{"url":"http:\/\/tours4you.online\/wp-content\/uploads\/2020\/10\/party-bus-varna-city.jpg"}],"twitter_card":"summary_large_image","twitter_misc":{"Gesch\u00e4tzte Lesezeit":"2\u00a0Minuten"},"schema":{"@context":"https:\/\/schema.org","@graph":[{"@type":"WebPage","@id":"https:\/\/tours4you.online\/de\/ueber-tours4you\/","url":"https:\/\/tours4you.online\/de\/ueber-tours4you\/","name":"\u00dcber Tours4You - Tours 4 You","isPartOf":{"@id":"https:\/\/tours4you.online\/de\/#website"},"primaryImageOfPage":{"@id":"https:\/\/tours4you.online\/de\/ueber-tours4you\/#primaryimage"},"image":{"@id":"https:\/\/tours4you.online\/de\/ueber-tours4you\/#primaryimage"},"thumbnailUrl":"http:\/\/tours4you.online\/wp-content\/uploads\/2020\/10\/party-bus-varna-city.jpg","datePublished":"2019-05-29T12:53:33+00:00","dateModified":"2021-02-24T15:14:59+00:00","description":"\u00dcber Tours4You.Online: Buchen Sie online die besten Touren und Aktivit\u00e4ten an der Schwarzmeerk\u00fcste - Nessebar, Varna, Burgas, Partytouren und andere:","breadcrumb":{"@id":"https:\/\/tours4you.online\/de\/ueber-tours4you\/#breadcrumb"},"inLanguage":"de","potentialAction":[{"@type":"ReadAction","target":["https:\/\/tours4you.online\/de\/ueber-tours4you\/"]}]},{"@type":"ImageObject","inLanguage":"de","@id":"https:\/\/tours4you.online\/de\/ueber-tours4you\/#primaryimage","url":"http:\/\/tours4you.online\/wp-content\/uploads\/2020\/10\/party-bus-varna-city.jpg","contentUrl":"http:\/\/tours4you.online\/wp-content\/uploads\/2020\/10\/party-bus-varna-city.jpg"},{"@type":"BreadcrumbList","@id":"https:\/\/tours4you.online\/de\/ueber-tours4you\/#breadcrumb","itemListElement":[{"@type":"ListItem","position":1,"name":"Home","item":"https:\/\/tours4you.online\/de\/"},{"@type":"ListItem","position":2,"name":"\u00dcber Tours4You"}]},{"@type":"WebSite","@id":"https:\/\/tours4you.online\/de\/#website","url":"https:\/\/tours4you.online\/de\/","name":"Tours 4 You","description":"Tours 4 You","publisher":{"@id":"https:\/\/tours4you.online\/de\/#organization"},"potentialAction":[{"@type":"SearchAction","target":{"@type":"EntryPoint","urlTemplate":"https:\/\/tours4you.online\/de\/?s={search_term_string}"},"query-input":{"@type":"PropertyValueSpecification","valueRequired":true,"valueName":"search_term_string"}}],"inLanguage":"de"},{"@type":"Organization","@id":"https:\/\/tours4you.online\/de\/#organization","name":"Varna City Tour","url":"https:\/\/tours4you.online\/de\/","logo":{"@type":"ImageObject","inLanguage":"de","@id":"https:\/\/tours4you.online\/de\/#\/schema\/logo\/image\/","url":"https:\/\/tours4you.online\/wp-content\/uploads\/2023\/12\/logo-t4u.png","contentUrl":"https:\/\/tours4you.online\/wp-content\/uploads\/2023\/12\/logo-t4u.png","width":140,"height":60,"caption":"Varna City Tour"},"image":{"@id":"https:\/\/tours4you.online\/de\/#\/schema\/logo\/image\/"}}]}},"_links":{"self":[{"href":"https:\/\/tours4you.online\/de\/wp-json\/wp\/v2\/pages\/355","targetHints":{"allow":["GET"]}}],"collection":[{"href":"https:\/\/tours4you.online\/de\/wp-json\/wp\/v2\/pages"}],"about":[{"href":"https:\/\/tours4you.online\/de\/wp-json\/wp\/v2\/types\/page"}],"author":[{"embeddable":true,"href":"https:\/\/tours4you.online\/de\/wp-json\/wp\/v2\/users\/1"}],"replies":[{"embeddable":true,"href":"https:\/\/tours4you.online\/de\/wp-json\/wp\/v2\/comments?post=355"}],"version-history":[{"count":0,"href":"https:\/\/tours4you.online\/de\/wp-json\/wp\/v2\/pages\/355\/revisions"}],"wp:attachment":[{"href":"https:\/\/tours4you.online\/de\/wp-json\/wp\/v2\/media?parent=355"}],"curies":[{"name":"wp","href":"https:\/\/api.w.org\/{rel}","templated":true}]}}