{"id":300,"date":"2019-05-23T13:53:55","date_gmt":"2019-05-23T13:53:55","guid":{"rendered":"http:\/\/tours4you.online\/?page_id=300"},"modified":"2020-09-16T11:21:53","modified_gmt":"2020-09-16T11:21:53","slug":"kundenbewertungen","status":"publish","type":"page","link":"https:\/\/tours4you.online\/de\/kundenbewertungen\/","title":{"rendered":"Kundenbewertungen"},"content":{"rendered":"\n<div class=\"wp-block-ugb-testimonial ugb-testimonial ugb-testimonial--v2 ugb-testimonial--columns-1 ugb-testimonial--design-basic ugb-testimonial--serif\"><div class=\"ugb-testimonial__item ugb--shadow-5\" style=\"background-color:#3fa4e3\"><div class=\"ugb-testimonial__body-wrapper\"><p class=\"ugb-testimonial__body\"> \u201eWow, was f\u00fcr ein wundersch\u00f6ner Ort!<br> So viel zu sehen, viele Geschichte, kleine L\u00e4den mit vielen Dingen zum Kaufen, viele Pflastersteine an Orten, gute Orte zum Essen und Trinken. \u201c <\/p><\/div><div class=\"ugb-testimonial__person\"><h4 class=\"ugb-testimonial__name\"> ~ Herr Steinh\u00e4usser, \u00d6sterreich <\/h4><p class=\"ugb-testimonial__position\">&#8211; Ausflug nach Nessebar <\/p><\/div><\/div><\/div>\n\n\n\n<div class=\"wp-block-ugb-testimonial ugb-testimonial ugb-testimonial--v2 ugb-testimonial--columns-1 ugb-testimonial--design-basic ugb-testimonial--serif\"><div class=\"ugb-testimonial__item ugb--shadow-5\" style=\"background-color:#eeeeee\"><div class=\"ugb-testimonial__body-wrapper\"><p class=\"ugb-testimonial__body\"> \u201eDies ist eine Stadt in Bulgarien, die jeder besuchen sollte!<br>Die einzigartige Architektur ist atemberaubend. Es hat sch\u00f6ne kleine Restaurants am Meer mit romantischer Aussicht. Alte historische Ruinen, die man sehen muss. Dieser Ort ist unglaublich und charmant und jeder sollte&nbsp; es besuchen. Wir sind sehr beeindruckt von der Reisef\u00fchrung. \u201c <\/p><\/div><div class=\"ugb-testimonial__person\"><h4 class=\"ugb-testimonial__name\"> ~ Fam. Hochberg, Deutschland  <\/h4><p class=\"ugb-testimonial__position\">&#8211; <a href=\"https:\/\/tours4you.online\/de\/offer\/nessebar\/\">Ausflug nach Nessebar<\/a> <\/p><\/div><\/div><\/div>\n\n\n\n<div class=\"wp-block-ugb-testimonial ugb-testimonial ugb-testimonial--v2 ugb-testimonial--columns-1 ugb-testimonial--design-basic ugb-testimonial--serif\"><div class=\"ugb-testimonial__item ugb--shadow-5\" style=\"background-color:#eeeeee\"><div class=\"ugb-testimonial__body-wrapper\"><p class=\"ugb-testimonial__body\">&#8222;Wenn Sie in Bulgarien sind, m\u00fcssen Sie Kap Kaliakra besuchen!&#8220;<br>Sie finden gro\u00dfartige Meereslandschaften, die Gro\u00dfe Festung von Kaliakra und das Museum. Der Resieleiter war sehr nett und kompetent. Die Bootsfahrt war interessant und ungew\u00f6hnlich Scluss des Tages! &#8222;<\/p><\/div><div class=\"ugb-testimonial__person\"><h4 class=\"ugb-testimonial__name\"> ~ Frau Hessen, Deutschland <\/h4><p class=\"ugb-testimonial__position\">&#8211; Ausflug nach Kap Kalikara &amp; K\u00fcstenfahrt <\/p><\/div><\/div><\/div>\n\n\n\n<div class=\"wp-block-ugb-testimonial ugb-testimonial ugb-testimonial--v2 ugb-testimonial--columns-1 ugb-testimonial--design-basic ugb-testimonial--serif\"><div class=\"ugb-testimonial__item ugb--shadow-5\" style=\"background-color:#eeeeee\"><div class=\"ugb-testimonial__body-wrapper\"><p class=\"ugb-testimonial__body\"> &#8222;Was f\u00fcr tolle Stunden!<br> Das ist ein besonderes Erlebnis und ich empfehle es und die Angestellten sind sehr freundlich. Wenn Sie einen Tag, voller mit Spa\u00df verbringen m\u00f6chten, k\u00f6nnen Sie diese Tour w\u00e4hlen.&#8220; <\/p><\/div><div class=\"ugb-testimonial__person\"><h4 class=\"ugb-testimonial__name\"> ~ Rachel Quinn, Gro\u00dfbritannien <\/h4><p class=\"ugb-testimonial__position\">  &#8211; <a href=\"https:\/\/tours4you.online\/de\/offer\/minikreuzfahrt\/\">Premium Kreuzfahrt <\/a><\/p><\/div><\/div><\/div>\n\n\n\n<div class=\"wp-block-ugb-testimonial ugb-testimonial ugb-testimonial--v2 ugb-testimonial--columns-1 ugb-testimonial--design-basic ugb-testimonial--serif\"><div class=\"ugb-testimonial__item ugb--shadow-5\" style=\"background-color:#eeeeee\"><div class=\"ugb-testimonial__body-wrapper\"><p class=\"ugb-testimonial__body\"> &#8222;Wir haben einen Tag voller mit Lachen und Vergn\u00fcgen!<br> Wir waren mit 2 Erwachsenen und 2 Kindern und wir hatten alle eine tolle Zeit. Wir werden es auf jeden Fall wieder tun, wenn wir das n\u00e4chste Mal in Bulgarien kommen. Vielen Dank an alle Mitarbeiter, die es so besonders gemacht haben.&#8220;  <\/p><\/div><div class=\"ugb-testimonial__person\"><h4 class=\"ugb-testimonial__name\"> ~ Familie Kramer, Deutschland <\/h4><p class=\"ugb-testimonial__position\"> &#8211; Varna City Tour <\/p><\/div><\/div><\/div>\n\n\n\n<div class=\"wp-block-ugb-testimonial ugb-testimonial ugb-testimonial--v2 ugb-testimonial--columns-1 ugb-testimonial--design-basic ugb-testimonial--serif\"><div class=\"ugb-testimonial__item ugb--shadow-5\" style=\"background-color:#eeeeee\"><div class=\"ugb-testimonial__body-wrapper\"><p class=\"ugb-testimonial__body\"> &#8222;Eine unglaubliche Erfahrung!<br> Das Team, war sehr kundig. Sie erkl\u00e4rten uns alles \u00fcber die <a href=\"https:\/\/tours4you.online\/de\/premium-yacht-cruise-fotogalerie\/\">Jacht<\/a> und sogar erlaubten uns zu fahren. Wir sind wirklich gl\u00fccklich mit dem ganzen Abenteuer! Danke sch\u00f6n!&#8220; <\/p><\/div><div class=\"ugb-testimonial__person\"><h4 class=\"ugb-testimonial__name\"> ~ Frau Hanemann, Deutschland <\/h4><p class=\"ugb-testimonial__position\">  &#8211; Premium Yacht Cruise <\/p><\/div><\/div><\/div>\n","protected":false},"excerpt":{"rendered":"","protected":false},"author":1,"featured_media":0,"parent":0,"menu_order":0,"comment_status":"closed","ping_status":"closed","template":"","meta":{"_acf_changed":false,"footnotes":""},"class_list":["post-300","page","type-page","status-publish","hentry"],"acf":[],"yoast_head":"<!-- This site is optimized with the Yoast SEO plugin v23.6 - https:\/\/yoast.com\/wordpress\/plugins\/seo\/ -->\n<title>Kundenbewertungen - Tours 4 You<\/title>\n<meta name=\"description\" content=\"Die Kunden \u00fcber uns. Tours4you.Online: Lesen Sie mehr \u00fcber die Bewertungen unserer Kunden und teilen Sie uns Ihre Erfahrungen, Vorschl\u00e4ge und Empfehlungen mit.\" \/>\n<meta name=\"robots\" content=\"index, follow, max-snippet:-1, max-image-preview:large, max-video-preview:-1\" \/>\n<link rel=\"canonical\" href=\"https:\/\/tours4you.online\/de\/kundenbewertungen\/\" \/>\n<meta property=\"og:locale\" content=\"de_DE\" \/>\n<meta property=\"og:type\" content=\"article\" \/>\n<meta property=\"og:title\" content=\"Kundenbewertungen - Tours 4 You\" \/>\n<meta property=\"og:description\" content=\"Die Kunden \u00fcber uns. Tours4you.Online: Lesen Sie mehr \u00fcber die Bewertungen unserer Kunden und teilen Sie uns Ihre Erfahrungen, Vorschl\u00e4ge und Empfehlungen mit.\" \/>\n<meta property=\"og:url\" content=\"https:\/\/tours4you.online\/de\/kundenbewertungen\/\" \/>\n<meta property=\"og:site_name\" content=\"Tours 4 You\" \/>\n<meta property=\"article:modified_time\" content=\"2020-09-16T11:21:53+00:00\" \/>\n<meta name=\"twitter:card\" content=\"summary_large_image\" \/>\n<meta name=\"twitter:label1\" content=\"Gesch\u00e4tzte Lesezeit\" \/>\n\t<meta name=\"twitter:data1\" content=\"1\u00a0Minute\" \/>\n<script type=\"application\/ld+json\" class=\"yoast-schema-graph\">{\"@context\":\"https:\/\/schema.org\",\"@graph\":[{\"@type\":\"WebPage\",\"@id\":\"https:\/\/tours4you.online\/de\/kundenbewertungen\/\",\"url\":\"https:\/\/tours4you.online\/de\/kundenbewertungen\/\",\"name\":\"Kundenbewertungen - Tours 4 You\",\"isPartOf\":{\"@id\":\"https:\/\/tours4you.online\/de\/#website\"},\"datePublished\":\"2019-05-23T13:53:55+00:00\",\"dateModified\":\"2020-09-16T11:21:53+00:00\",\"description\":\"Die Kunden \u00fcber uns. Tours4you.Online: Lesen Sie mehr \u00fcber die Bewertungen unserer Kunden und teilen Sie uns Ihre Erfahrungen, Vorschl\u00e4ge und Empfehlungen mit.\",\"breadcrumb\":{\"@id\":\"https:\/\/tours4you.online\/de\/kundenbewertungen\/#breadcrumb\"},\"inLanguage\":\"de\",\"potentialAction\":[{\"@type\":\"ReadAction\",\"target\":[\"https:\/\/tours4you.online\/de\/kundenbewertungen\/\"]}]},{\"@type\":\"BreadcrumbList\",\"@id\":\"https:\/\/tours4you.online\/de\/kundenbewertungen\/#breadcrumb\",\"itemListElement\":[{\"@type\":\"ListItem\",\"position\":1,\"name\":\"Home\",\"item\":\"https:\/\/tours4you.online\/de\/\"},{\"@type\":\"ListItem\",\"position\":2,\"name\":\"Kundenbewertungen\"}]},{\"@type\":\"WebSite\",\"@id\":\"https:\/\/tours4you.online\/de\/#website\",\"url\":\"https:\/\/tours4you.online\/de\/\",\"name\":\"Tours 4 You\",\"description\":\"Tours 4 You\",\"publisher\":{\"@id\":\"https:\/\/tours4you.online\/de\/#organization\"},\"potentialAction\":[{\"@type\":\"SearchAction\",\"target\":{\"@type\":\"EntryPoint\",\"urlTemplate\":\"https:\/\/tours4you.online\/de\/?s={search_term_string}\"},\"query-input\":{\"@type\":\"PropertyValueSpecification\",\"valueRequired\":true,\"valueName\":\"search_term_string\"}}],\"inLanguage\":\"de\"},{\"@type\":\"Organization\",\"@id\":\"https:\/\/tours4you.online\/de\/#organization\",\"name\":\"Varna City Tour\",\"url\":\"https:\/\/tours4you.online\/de\/\",\"logo\":{\"@type\":\"ImageObject\",\"inLanguage\":\"de\",\"@id\":\"https:\/\/tours4you.online\/de\/#\/schema\/logo\/image\/\",\"url\":\"https:\/\/tours4you.online\/wp-content\/uploads\/2023\/12\/logo-t4u.png\",\"contentUrl\":\"https:\/\/tours4you.online\/wp-content\/uploads\/2023\/12\/logo-t4u.png\",\"width\":140,\"height\":60,\"caption\":\"Varna City Tour\"},\"image\":{\"@id\":\"https:\/\/tours4you.online\/de\/#\/schema\/logo\/image\/\"}}]}<\/script>\n<!-- \/ Yoast SEO plugin. -->","yoast_head_json":{"title":"Kundenbewertungen - Tours 4 You","description":"Die Kunden \u00fcber uns. Tours4you.Online: Lesen Sie mehr \u00fcber die Bewertungen unserer Kunden und teilen Sie uns Ihre Erfahrungen, Vorschl\u00e4ge und Empfehlungen mit.","robots":{"index":"index","follow":"follow","max-snippet":"max-snippet:-1","max-image-preview":"max-image-preview:large","max-video-preview":"max-video-preview:-1"},"canonical":"https:\/\/tours4you.online\/de\/kundenbewertungen\/","og_locale":"de_DE","og_type":"article","og_title":"Kundenbewertungen - Tours 4 You","og_description":"Die Kunden \u00fcber uns. Tours4you.Online: Lesen Sie mehr \u00fcber die Bewertungen unserer Kunden und teilen Sie uns Ihre Erfahrungen, Vorschl\u00e4ge und Empfehlungen mit.","og_url":"https:\/\/tours4you.online\/de\/kundenbewertungen\/","og_site_name":"Tours 4 You","article_modified_time":"2020-09-16T11:21:53+00:00","twitter_card":"summary_large_image","twitter_misc":{"Gesch\u00e4tzte Lesezeit":"1\u00a0Minute"},"schema":{"@context":"https:\/\/schema.org","@graph":[{"@type":"WebPage","@id":"https:\/\/tours4you.online\/de\/kundenbewertungen\/","url":"https:\/\/tours4you.online\/de\/kundenbewertungen\/","name":"Kundenbewertungen - Tours 4 You","isPartOf":{"@id":"https:\/\/tours4you.online\/de\/#website"},"datePublished":"2019-05-23T13:53:55+00:00","dateModified":"2020-09-16T11:21:53+00:00","description":"Die Kunden \u00fcber uns. Tours4you.Online: Lesen Sie mehr \u00fcber die Bewertungen unserer Kunden und teilen Sie uns Ihre Erfahrungen, Vorschl\u00e4ge und Empfehlungen mit.","breadcrumb":{"@id":"https:\/\/tours4you.online\/de\/kundenbewertungen\/#breadcrumb"},"inLanguage":"de","potentialAction":[{"@type":"ReadAction","target":["https:\/\/tours4you.online\/de\/kundenbewertungen\/"]}]},{"@type":"BreadcrumbList","@id":"https:\/\/tours4you.online\/de\/kundenbewertungen\/#breadcrumb","itemListElement":[{"@type":"ListItem","position":1,"name":"Home","item":"https:\/\/tours4you.online\/de\/"},{"@type":"ListItem","position":2,"name":"Kundenbewertungen"}]},{"@type":"WebSite","@id":"https:\/\/tours4you.online\/de\/#website","url":"https:\/\/tours4you.online\/de\/","name":"Tours 4 You","description":"Tours 4 You","publisher":{"@id":"https:\/\/tours4you.online\/de\/#organization"},"potentialAction":[{"@type":"SearchAction","target":{"@type":"EntryPoint","urlTemplate":"https:\/\/tours4you.online\/de\/?s={search_term_string}"},"query-input":{"@type":"PropertyValueSpecification","valueRequired":true,"valueName":"search_term_string"}}],"inLanguage":"de"},{"@type":"Organization","@id":"https:\/\/tours4you.online\/de\/#organization","name":"Varna City Tour","url":"https:\/\/tours4you.online\/de\/","logo":{"@type":"ImageObject","inLanguage":"de","@id":"https:\/\/tours4you.online\/de\/#\/schema\/logo\/image\/","url":"https:\/\/tours4you.online\/wp-content\/uploads\/2023\/12\/logo-t4u.png","contentUrl":"https:\/\/tours4you.online\/wp-content\/uploads\/2023\/12\/logo-t4u.png","width":140,"height":60,"caption":"Varna City Tour"},"image":{"@id":"https:\/\/tours4you.online\/de\/#\/schema\/logo\/image\/"}}]}},"_links":{"self":[{"href":"https:\/\/tours4you.online\/de\/wp-json\/wp\/v2\/pages\/300","targetHints":{"allow":["GET"]}}],"collection":[{"href":"https:\/\/tours4you.online\/de\/wp-json\/wp\/v2\/pages"}],"about":[{"href":"https:\/\/tours4you.online\/de\/wp-json\/wp\/v2\/types\/page"}],"author":[{"embeddable":true,"href":"https:\/\/tours4you.online\/de\/wp-json\/wp\/v2\/users\/1"}],"replies":[{"embeddable":true,"href":"https:\/\/tours4you.online\/de\/wp-json\/wp\/v2\/comments?post=300"}],"version-history":[{"count":0,"href":"https:\/\/tours4you.online\/de\/wp-json\/wp\/v2\/pages\/300\/revisions"}],"wp:attachment":[{"href":"https:\/\/tours4you.online\/de\/wp-json\/wp\/v2\/media?parent=300"}],"curies":[{"name":"wp","href":"https:\/\/api.w.org\/{rel}","templated":true}]}}