{"id":291,"date":"2019-05-23T13:48:15","date_gmt":"2019-05-23T13:48:15","guid":{"rendered":"http:\/\/tours4you.online\/?page_id=291"},"modified":"2020-09-16T08:59:17","modified_gmt":"2020-09-16T08:59:17","slug":"faq","status":"publish","type":"page","link":"https:\/\/tours4you.online\/de\/faq\/","title":{"rendered":"FAQ"},"content":{"rendered":"\n<div class=\"wp-block-ugb-accordion ugb-accordion\" role=\"presentation\"><div class=\"ugb-accordion__heading\" role=\"button\" tabindex=\"0\" aria-expanded=\"false\"><h4 role=\"heading\" aria-level=\"3\">Wie reserviert man die Tour?<\/h4><svg viewbox=\"0 0 20 20\" xmlns=\"http:\/\/www.w3.org\/2000\/svg\" width=\"20\" height=\"20\"><path d=\"M16.7 3.3L10 10 3.3 3.4 0 6.7l10 10v-.1l10-9.9z\"><\/path><\/svg><\/div><p class=\"ugb-accordion__text\" role=\"region\">Sie m\u00fcssen die Tour, die Sie auf unserer Website reservieren m\u00f6chten ausw\u00e4hlen. <br><br>W\u00e4hlen Sie dann den <strong>Urlaubsort<\/strong>, von dem den Ausflug beginnt, und buchen Sie online mit <strong>&#8222;Book Now!&#8220;<\/strong>.<br>&#8211; Geben Sie die Daten korrekt ein f\u00fcr: Anzahl der Personen; Name; Telefon; E-Mail; Hotel, wo Sie sich befinden (oder befinden werden)<br><br><img loading=\"lazy\" decoding=\"async\" width=\"250\" height=\"141\" class=\"wp-image-1286\" style=\"width: 250px;\" src=\"http:\/\/tours4you.online\/wp-content\/uploads\/2020\/09\/book.png\" alt=\"Ausflug buchen\" srcset=\"https:\/\/tours4you.online\/wp-content\/uploads\/2020\/09\/book.png 744w, https:\/\/tours4you.online\/wp-content\/uploads\/2020\/09\/book-300x169.png 300w\" sizes=\"auto, (max-width: 250px) 100vw, 250px\" \/><br> <em>Dann, gehen Sie Weiter mit &#8222;Countinue&#8220;<\/em> <br><br>Der n\u00e4chste Schritt zeigt:<br>&#8211; die Daten, an denen der Ausflug wird durchgef\u00fchrt; der Zahl der freie Platzwahl (available slots) und dem Preis in bulgarischen Lewa \/f\u00fcr die Anzahl der Menschen, die von Ihnen gew\u00e4hlt wurde\/;<br>&#8211; Sie k\u00f6nnen den Treffpunkt und Abholzeit w\u00e4hlen (Pickup location);<br>&#8211; Und eine Notiz (Note) schreiben <br><br><img loading=\"lazy\" decoding=\"async\" width=\"250\" height=\"153\" class=\"wp-image-1288\" style=\"width: 250px;\" src=\"http:\/\/tours4you.online\/wp-content\/uploads\/2020\/09\/bookonline.png\" alt=\"Ausflug online buchen\" srcset=\"https:\/\/tours4you.online\/wp-content\/uploads\/2020\/09\/bookonline.png 715w, https:\/\/tours4you.online\/wp-content\/uploads\/2020\/09\/bookonline-300x184.png 300w\" sizes=\"auto, (max-width: 250px) 100vw, 250px\" \/><br><em>Dann, gehen Sie Weiter mit &#8222;Countinue&#8220;<\/em><br><br>Sie m\u00fcssen Ihre Bestellung (Order) best\u00e4tigen; und stimmen Sie den Allgemeinen Gesch\u00e4ftsbedingungen zu (Please confirm that you agree with the\u00a0Terms &amp; Conditions).<br><br><img loading=\"lazy\" decoding=\"async\" width=\"250\" height=\"109\" class=\"wp-image-1290\" style=\"width: 250px;\" src=\"http:\/\/tours4you.online\/wp-content\/uploads\/2020\/09\/book1.png\" alt=\"check out\" srcset=\"https:\/\/tours4you.online\/wp-content\/uploads\/2020\/09\/book1.png 691w, https:\/\/tours4you.online\/wp-content\/uploads\/2020\/09\/book1-300x131.png 300w\" sizes=\"auto, (max-width: 250px) 100vw, 250px\" \/><br> <em>Dann, gehen Sie Weiter mit &#8222;Check Out&#8220;<\/em> <br><br>Die Bezahlung erfolgt sich mit Kredit- \/ Debitkarte. <br><br><\/p><\/div>\n\n\n\n<div class=\"wp-block-ugb-accordion ugb-accordion\" role=\"presentation\"><div class=\"ugb-accordion__heading\" role=\"button\" tabindex=\"0\" aria-expanded=\"false\"><h4 role=\"heading\" aria-level=\"3\">Wie kann man Ihnen bezahlen? <\/h4><svg viewbox=\"0 0 20 20\" xmlns=\"http:\/\/www.w3.org\/2000\/svg\" width=\"20\" height=\"20\"><path d=\"M16.7 3.3L10 10 3.3 3.4 0 6.7l10 10v-.1l10-9.9z\"><\/path><\/svg><\/div><p class=\"ugb-accordion__text\" role=\"region\">Wir akzeptieren Visa, Maestro, Mastercard Kredit- und Debitkarten. <\/p><\/div>\n\n\n\n<div class=\"wp-block-ugb-accordion ugb-accordion\" role=\"presentation\"><div class=\"ugb-accordion__heading\" role=\"button\" tabindex=\"0\" aria-expanded=\"false\"><h4 role=\"heading\" aria-level=\"3\">K\u00f6nnen Sie unseren Hotel oder Flughafentransfer organisieren?<\/h4><svg viewbox=\"0 0 20 20\" xmlns=\"http:\/\/www.w3.org\/2000\/svg\" width=\"20\" height=\"20\"><path d=\"M16.7 3.3L10 10 3.3 3.4 0 6.7l10 10v-.1l10-9.9z\"><\/path><\/svg><\/div><p class=\"ugb-accordion__text\" role=\"region\">Ja, bitte <a href=\"https:\/\/tours4you.online\/de\/kontakte\/\">kontaktieren<\/a> Sie uns im Voraus. Gerne empfehlen und buchen wir es nach Ihren W\u00fcnschen und Ihrem Budget.<\/p><\/div>\n\n\n\n<div class=\"wp-block-ugb-accordion ugb-accordion\" role=\"presentation\"><div class=\"ugb-accordion__heading\" role=\"button\" tabindex=\"0\" aria-expanded=\"false\"><h4 role=\"heading\" aria-level=\"3\">Behandeln Sie Menschen mit Behinderungen?<\/h4><svg viewbox=\"0 0 20 20\" xmlns=\"http:\/\/www.w3.org\/2000\/svg\" width=\"20\" height=\"20\"><path d=\"M16.7 3.3L10 10 3.3 3.4 0 6.7l10 10v-.1l10-9.9z\"><\/path><\/svg><\/div><p class=\"ugb-accordion__text\" role=\"region\">Wenn jemand in Ihrer Gruppe weniger f\u00e4hig ist, kontaktieren Sie uns bitte im Voraus. Wir geben Ihnen weitere Information \u00fcber den Ausflug und die Fahrzeuge, die wir verwenden.<\/p><\/div>\n\n\n\n<div class=\"wp-block-ugb-accordion ugb-accordion\" role=\"presentation\"><div class=\"ugb-accordion__heading\" role=\"button\" tabindex=\"0\" aria-expanded=\"false\"><h4 role=\"heading\" aria-level=\"3\">Ist die Versicherung im Preis inbegriffen?<\/h4><svg viewbox=\"0 0 20 20\" xmlns=\"http:\/\/www.w3.org\/2000\/svg\" width=\"20\" height=\"20\"><path d=\"M16.7 3.3L10 10 3.3 3.4 0 6.7l10 10v-.1l10-9.9z\"><\/path><\/svg><\/div><p class=\"ugb-accordion__text\" role=\"region\">Nein, die Reiseversicherung ist normalerweise NICHT in den Touren enthalten, aber wir k\u00f6nnen Sie dabei unterst\u00fctzen.<\/p><\/div>\n\n\n\n<div class=\"wp-block-ugb-accordion ugb-accordion\" role=\"presentation\"><div class=\"ugb-accordion__heading\" role=\"button\" tabindex=\"0\" aria-expanded=\"false\"><h4 role=\"heading\" aria-level=\"3\">Werden wir die Haltestellen erkennen k\u00f6nnen?<\/h4><svg viewbox=\"0 0 20 20\" xmlns=\"http:\/\/www.w3.org\/2000\/svg\" width=\"20\" height=\"20\"><path d=\"M16.7 3.3L10 10 3.3 3.4 0 6.7l10 10v-.1l10-9.9z\"><\/path><\/svg><\/div><p class=\"ugb-accordion__text\" role=\"region\">Die Bushaltestellen haben nach M\u00f6glichkeit eine Art Beschilderung. Die meisten unserer Bushaltestellen sind jedoch verkehrsbedingt nicht beschildert. Wenn Bushaltestellen signalisiert werden, variiert die Gr\u00f6\u00dfe des Schilds von Tour zu Tour.<\/p><\/div>\n\n\n\n<div class=\"wp-block-ugb-accordion ugb-accordion\" role=\"presentation\"><div class=\"ugb-accordion__heading\" role=\"button\" tabindex=\"0\" aria-expanded=\"false\"><h4 role=\"heading\" aria-level=\"3\">Sind die Ausfl\u00fcge &#8222;kindergeeignet&#8220;?<\/h4><svg viewbox=\"0 0 20 20\" xmlns=\"http:\/\/www.w3.org\/2000\/svg\" width=\"20\" height=\"20\"><path d=\"M16.7 3.3L10 10 3.3 3.4 0 6.7l10 10v-.1l10-9.9z\"><\/path><\/svg><\/div><p class=\"ugb-accordion__text\" role=\"region\">Alle Touren sind f\u00fcr Kinder geeignet, auser \u201eParty Boot\u201c.<\/p><\/div>\n\n\n\n<div class=\"wp-block-ugb-accordion ugb-accordion\" role=\"presentation\"><div class=\"ugb-accordion__heading\" role=\"button\" tabindex=\"0\" aria-expanded=\"false\"><h4 role=\"heading\" aria-level=\"3\">Ich habe die Tickets online gebucht, aber ich erhalte keine Best\u00e4tigungs-E-Mail. Was soll ich machen?<\/h4><svg viewbox=\"0 0 20 20\" xmlns=\"http:\/\/www.w3.org\/2000\/svg\" width=\"20\" height=\"20\"><path d=\"M16.7 3.3L10 10 3.3 3.4 0 6.7l10 10v-.1l10-9.9z\"><\/path><\/svg><\/div><p class=\"ugb-accordion__text\" role=\"region\">Wenn Sie innerhalb weniger Minuten nach Abschluss der Buchung keine Best\u00e4tigungs-E-Mail erhalten, \u00fcberpr\u00fcfen Sie bitte Ihren Spam- oder Bulk-Mail-Ordner. Sollten Sie die Best\u00e4tigung dennoch vermissen, <a href=\"https:\/\/tours4you.online\/de\/kontakte\/\">melden<\/a> Sie bitte uns!<\/p><\/div>\n\n\n\n<div class=\"wp-block-ugb-accordion ugb-accordion\" role=\"presentation\"><div class=\"ugb-accordion__heading\" role=\"button\" tabindex=\"0\" aria-expanded=\"false\"><h4 role=\"heading\" aria-level=\"3\">Bieten Sie auch Ausfl\u00fcge in anderen Sprachen an?<\/h4><svg viewbox=\"0 0 20 20\" xmlns=\"http:\/\/www.w3.org\/2000\/svg\" width=\"20\" height=\"20\"><path d=\"M16.7 3.3L10 10 3.3 3.4 0 6.7l10 10v-.1l10-9.9z\"><\/path><\/svg><\/div><p class=\"ugb-accordion__text\" role=\"region\">Ja,<a href=\"https:\/\/tours4you.online\/\"> hier<\/a> finden Sie alle Touren, die wir auf English organisieren. F\u00fcr andere Sprachen kontaktieren Sie uns bitte!<\/p><\/div>\n\n\n\n<div class=\"wp-block-ugb-accordion ugb-accordion\" role=\"presentation\"><div class=\"ugb-accordion__heading\" role=\"button\" tabindex=\"0\" aria-expanded=\"false\"><h4 role=\"heading\" aria-level=\"3\">Muss ich meinem Reiseleiter \/ Fahrer ein Trinkgeld geben?<\/h4><svg viewbox=\"0 0 20 20\" xmlns=\"http:\/\/www.w3.org\/2000\/svg\" width=\"20\" height=\"20\"><path d=\"M16.7 3.3L10 10 3.3 3.4 0 6.7l10 10v-.1l10-9.9z\"><\/path><\/svg><\/div><p class=\"ugb-accordion__text\" role=\"region\">Das Trinkgeld ist nicht im Preis inbegriffen. Das Trinkgeld in Bulgarien basiert auf der Servicequalit\u00e4t, die Sie erhalten, und liegt zwischen 5 und 15%. Wenn Sie mit Ihrem Service zufrieden sind, k\u00f6nnen Sie dem Reiseleiter gerne ein Trinkgeld geben.<\/p><\/div>\n\n\n\n<div class=\"wp-block-ugb-accordion ugb-accordion\" role=\"presentation\"><div class=\"ugb-accordion__heading\" role=\"button\" tabindex=\"0\" aria-expanded=\"false\"><h4 role=\"heading\" aria-level=\"3\">Kann ich die Buchung ver\u00e4ndern oder eine R\u00fcckerstattung erhalten?<\/h4><svg viewbox=\"0 0 20 20\" xmlns=\"http:\/\/www.w3.org\/2000\/svg\" width=\"20\" height=\"20\"><path d=\"M16.7 3.3L10 10 3.3 3.4 0 6.7l10 10v-.1l10-9.9z\"><\/path><\/svg><\/div><p class=\"ugb-accordion__text\" role=\"region\">Sie k\u00f6nnen Ihre Buchung ver\u00e4ndern, wenn Sie uns mindestens 48 Stunden im Voraus <a href=\"https:\/\/tours4you.online\/de\/kontakte\/\">kontaktieren<\/a>. Sie k\u00f6nnen Ihre Buchung auch 48 Stunden vor Ihrem Ausflugstermin kostenfrei stornieren.<br><br>Bitte beachten Sie, dass die \u00dcberweisungsgeb\u00fchren von Ihnen bezahlen werden!<br><br>Leider sind alle \u00c4nderungen, die innerhalb von 48 Stunden vor dem Tourdatum vorgenommen wurden, NICHT R\u00dcCKERSTATTBAR oder kostenpflichtig.<\/p><\/div>\n","protected":false},"excerpt":{"rendered":"","protected":false},"author":1,"featured_media":0,"parent":0,"menu_order":0,"comment_status":"closed","ping_status":"closed","template":"","meta":{"_acf_changed":false,"footnotes":""},"class_list":["post-291","page","type-page","status-publish","hentry"],"acf":[],"yoast_head":"<!-- This site is optimized with the Yoast SEO plugin v23.6 - https:\/\/yoast.com\/wordpress\/plugins\/seo\/ -->\n<title>FAQ - Tours 4 You<\/title>\n<meta name=\"description\" content=\"Weitere Informationen und h\u00e4ufig gestellte Fragen. Tours4you.Online: Reservieren Sie hier die besten Ausfl\u00fcge an der bulgarischen Schwarzmeerk\u00fcste:\" \/>\n<meta name=\"robots\" content=\"index, follow, max-snippet:-1, max-image-preview:large, max-video-preview:-1\" \/>\n<link rel=\"canonical\" href=\"https:\/\/tours4you.online\/de\/faq\/\" \/>\n<meta property=\"og:locale\" content=\"de_DE\" \/>\n<meta property=\"og:type\" content=\"article\" \/>\n<meta property=\"og:title\" content=\"FAQ - Tours 4 You\" \/>\n<meta property=\"og:description\" content=\"Weitere Informationen und h\u00e4ufig gestellte Fragen. Tours4you.Online: Reservieren Sie hier die besten Ausfl\u00fcge an der bulgarischen Schwarzmeerk\u00fcste:\" \/>\n<meta property=\"og:url\" content=\"https:\/\/tours4you.online\/de\/faq\/\" \/>\n<meta property=\"og:site_name\" content=\"Tours 4 You\" \/>\n<meta property=\"article:modified_time\" content=\"2020-09-16T08:59:17+00:00\" \/>\n<meta property=\"og:image\" content=\"http:\/\/tours4you.online\/wp-content\/uploads\/2020\/09\/book.png\" \/>\n<meta name=\"twitter:card\" content=\"summary_large_image\" \/>\n<meta name=\"twitter:label1\" content=\"Gesch\u00e4tzte Lesezeit\" \/>\n\t<meta name=\"twitter:data1\" content=\"3\u00a0Minuten\" \/>\n<script type=\"application\/ld+json\" class=\"yoast-schema-graph\">{\"@context\":\"https:\/\/schema.org\",\"@graph\":[{\"@type\":\"WebPage\",\"@id\":\"https:\/\/tours4you.online\/de\/faq\/\",\"url\":\"https:\/\/tours4you.online\/de\/faq\/\",\"name\":\"FAQ - Tours 4 You\",\"isPartOf\":{\"@id\":\"https:\/\/tours4you.online\/de\/#website\"},\"primaryImageOfPage\":{\"@id\":\"https:\/\/tours4you.online\/de\/faq\/#primaryimage\"},\"image\":{\"@id\":\"https:\/\/tours4you.online\/de\/faq\/#primaryimage\"},\"thumbnailUrl\":\"http:\/\/tours4you.online\/wp-content\/uploads\/2020\/09\/book.png\",\"datePublished\":\"2019-05-23T13:48:15+00:00\",\"dateModified\":\"2020-09-16T08:59:17+00:00\",\"description\":\"Weitere Informationen und h\u00e4ufig gestellte Fragen. Tours4you.Online: Reservieren Sie hier die besten Ausfl\u00fcge an der bulgarischen Schwarzmeerk\u00fcste:\",\"breadcrumb\":{\"@id\":\"https:\/\/tours4you.online\/de\/faq\/#breadcrumb\"},\"inLanguage\":\"de\",\"potentialAction\":[{\"@type\":\"ReadAction\",\"target\":[\"https:\/\/tours4you.online\/de\/faq\/\"]}]},{\"@type\":\"ImageObject\",\"inLanguage\":\"de\",\"@id\":\"https:\/\/tours4you.online\/de\/faq\/#primaryimage\",\"url\":\"http:\/\/tours4you.online\/wp-content\/uploads\/2020\/09\/book.png\",\"contentUrl\":\"http:\/\/tours4you.online\/wp-content\/uploads\/2020\/09\/book.png\"},{\"@type\":\"BreadcrumbList\",\"@id\":\"https:\/\/tours4you.online\/de\/faq\/#breadcrumb\",\"itemListElement\":[{\"@type\":\"ListItem\",\"position\":1,\"name\":\"Home\",\"item\":\"https:\/\/tours4you.online\/de\/\"},{\"@type\":\"ListItem\",\"position\":2,\"name\":\"FAQ\"}]},{\"@type\":\"WebSite\",\"@id\":\"https:\/\/tours4you.online\/de\/#website\",\"url\":\"https:\/\/tours4you.online\/de\/\",\"name\":\"Tours 4 You\",\"description\":\"Tours 4 You\",\"publisher\":{\"@id\":\"https:\/\/tours4you.online\/de\/#organization\"},\"potentialAction\":[{\"@type\":\"SearchAction\",\"target\":{\"@type\":\"EntryPoint\",\"urlTemplate\":\"https:\/\/tours4you.online\/de\/?s={search_term_string}\"},\"query-input\":{\"@type\":\"PropertyValueSpecification\",\"valueRequired\":true,\"valueName\":\"search_term_string\"}}],\"inLanguage\":\"de\"},{\"@type\":\"Organization\",\"@id\":\"https:\/\/tours4you.online\/de\/#organization\",\"name\":\"Varna City Tour\",\"url\":\"https:\/\/tours4you.online\/de\/\",\"logo\":{\"@type\":\"ImageObject\",\"inLanguage\":\"de\",\"@id\":\"https:\/\/tours4you.online\/de\/#\/schema\/logo\/image\/\",\"url\":\"https:\/\/tours4you.online\/wp-content\/uploads\/2023\/12\/logo-t4u.png\",\"contentUrl\":\"https:\/\/tours4you.online\/wp-content\/uploads\/2023\/12\/logo-t4u.png\",\"width\":140,\"height\":60,\"caption\":\"Varna City Tour\"},\"image\":{\"@id\":\"https:\/\/tours4you.online\/de\/#\/schema\/logo\/image\/\"}}]}<\/script>\n<!-- \/ Yoast SEO plugin. -->","yoast_head_json":{"title":"FAQ - Tours 4 You","description":"Weitere Informationen und h\u00e4ufig gestellte Fragen. Tours4you.Online: Reservieren Sie hier die besten Ausfl\u00fcge an der bulgarischen Schwarzmeerk\u00fcste:","robots":{"index":"index","follow":"follow","max-snippet":"max-snippet:-1","max-image-preview":"max-image-preview:large","max-video-preview":"max-video-preview:-1"},"canonical":"https:\/\/tours4you.online\/de\/faq\/","og_locale":"de_DE","og_type":"article","og_title":"FAQ - Tours 4 You","og_description":"Weitere Informationen und h\u00e4ufig gestellte Fragen. Tours4you.Online: Reservieren Sie hier die besten Ausfl\u00fcge an der bulgarischen Schwarzmeerk\u00fcste:","og_url":"https:\/\/tours4you.online\/de\/faq\/","og_site_name":"Tours 4 You","article_modified_time":"2020-09-16T08:59:17+00:00","og_image":[{"url":"http:\/\/tours4you.online\/wp-content\/uploads\/2020\/09\/book.png"}],"twitter_card":"summary_large_image","twitter_misc":{"Gesch\u00e4tzte Lesezeit":"3\u00a0Minuten"},"schema":{"@context":"https:\/\/schema.org","@graph":[{"@type":"WebPage","@id":"https:\/\/tours4you.online\/de\/faq\/","url":"https:\/\/tours4you.online\/de\/faq\/","name":"FAQ - Tours 4 You","isPartOf":{"@id":"https:\/\/tours4you.online\/de\/#website"},"primaryImageOfPage":{"@id":"https:\/\/tours4you.online\/de\/faq\/#primaryimage"},"image":{"@id":"https:\/\/tours4you.online\/de\/faq\/#primaryimage"},"thumbnailUrl":"http:\/\/tours4you.online\/wp-content\/uploads\/2020\/09\/book.png","datePublished":"2019-05-23T13:48:15+00:00","dateModified":"2020-09-16T08:59:17+00:00","description":"Weitere Informationen und h\u00e4ufig gestellte Fragen. Tours4you.Online: Reservieren Sie hier die besten Ausfl\u00fcge an der bulgarischen Schwarzmeerk\u00fcste:","breadcrumb":{"@id":"https:\/\/tours4you.online\/de\/faq\/#breadcrumb"},"inLanguage":"de","potentialAction":[{"@type":"ReadAction","target":["https:\/\/tours4you.online\/de\/faq\/"]}]},{"@type":"ImageObject","inLanguage":"de","@id":"https:\/\/tours4you.online\/de\/faq\/#primaryimage","url":"http:\/\/tours4you.online\/wp-content\/uploads\/2020\/09\/book.png","contentUrl":"http:\/\/tours4you.online\/wp-content\/uploads\/2020\/09\/book.png"},{"@type":"BreadcrumbList","@id":"https:\/\/tours4you.online\/de\/faq\/#breadcrumb","itemListElement":[{"@type":"ListItem","position":1,"name":"Home","item":"https:\/\/tours4you.online\/de\/"},{"@type":"ListItem","position":2,"name":"FAQ"}]},{"@type":"WebSite","@id":"https:\/\/tours4you.online\/de\/#website","url":"https:\/\/tours4you.online\/de\/","name":"Tours 4 You","description":"Tours 4 You","publisher":{"@id":"https:\/\/tours4you.online\/de\/#organization"},"potentialAction":[{"@type":"SearchAction","target":{"@type":"EntryPoint","urlTemplate":"https:\/\/tours4you.online\/de\/?s={search_term_string}"},"query-input":{"@type":"PropertyValueSpecification","valueRequired":true,"valueName":"search_term_string"}}],"inLanguage":"de"},{"@type":"Organization","@id":"https:\/\/tours4you.online\/de\/#organization","name":"Varna City Tour","url":"https:\/\/tours4you.online\/de\/","logo":{"@type":"ImageObject","inLanguage":"de","@id":"https:\/\/tours4you.online\/de\/#\/schema\/logo\/image\/","url":"https:\/\/tours4you.online\/wp-content\/uploads\/2023\/12\/logo-t4u.png","contentUrl":"https:\/\/tours4you.online\/wp-content\/uploads\/2023\/12\/logo-t4u.png","width":140,"height":60,"caption":"Varna City Tour"},"image":{"@id":"https:\/\/tours4you.online\/de\/#\/schema\/logo\/image\/"}}]}},"_links":{"self":[{"href":"https:\/\/tours4you.online\/de\/wp-json\/wp\/v2\/pages\/291","targetHints":{"allow":["GET"]}}],"collection":[{"href":"https:\/\/tours4you.online\/de\/wp-json\/wp\/v2\/pages"}],"about":[{"href":"https:\/\/tours4you.online\/de\/wp-json\/wp\/v2\/types\/page"}],"author":[{"embeddable":true,"href":"https:\/\/tours4you.online\/de\/wp-json\/wp\/v2\/users\/1"}],"replies":[{"embeddable":true,"href":"https:\/\/tours4you.online\/de\/wp-json\/wp\/v2\/comments?post=291"}],"version-history":[{"count":0,"href":"https:\/\/tours4you.online\/de\/wp-json\/wp\/v2\/pages\/291\/revisions"}],"wp:attachment":[{"href":"https:\/\/tours4you.online\/de\/wp-json\/wp\/v2\/media?parent=291"}],"curies":[{"name":"wp","href":"https:\/\/api.w.org\/{rel}","templated":true}]}}