{"id":289,"date":"2019-05-23T13:47:54","date_gmt":"2019-05-23T13:47:54","guid":{"rendered":"http:\/\/tours4you.online\/?page_id=289"},"modified":"2023-06-08T13:55:49","modified_gmt":"2023-06-08T11:55:49","slug":"nessebar","status":"publish","type":"page","link":"https:\/\/tours4you.online\/de\/destinationen-schwarzmeerkueste\/nessebar\/","title":{"rendered":"Nessebar"},"content":{"rendered":"\n<h2 class=\"wp-block-heading\" style=\"text-align:center\"> Der Badeort Nessebar, Bulgarien <\/h2>\n\n\n\n<p><strong>Der Badeort Nessebar<\/strong>, Bulgarien&nbsp;ist ein beliebter Sommerferienort in der N\u00e4he der Stadt Burgas. Es ist ein gesch\u00e4ftiges Sommerziel mit den malerischen historischen Denkm\u00e4lern und Geb\u00e4uden des UNESCO-Weltkulturerbes. Nessebar ist mit sicher ein Muss, wenn Sie den Sommerurlaub an der bulgarischen Schwarzmeerk\u00fcste verbringen werden!<\/p>\n\n\n\n<p>Nessebar ist auch eine der \u00e4ltesten St\u00e4dte in Europa und stammt aus 3.000 Jahren aus. Die Halbinsel Nessebar &#8211; die antike Stadt &#8222;Messambria Pontica&#8220;, die im Sp\u00e4tmittelalter &#8222;Mesambria&#8220; und sp\u00e4ter &#8222;Nessebar&#8220; genannt wurde, war vor Tausenden von Jahren am Ende der Bronzezeit besiedelt. Die alten Thraker nannten es &#8222;Melsambia&#8220;, was &#8222;die Stadt von Melsa&#8220; bedeuteten, den legend\u00e4ren Gr\u00fcnder der Siedlung. Nessebar hat zwei geeignete H\u00e4fen &#8211; S\u00fcd und Nord, in denen sich noch einige \u00dcberreste antiker Schiffe befinden.<\/p>\n\n\n\n<p>Nessebar ist ein kulturelles Reiseziel, das von vielen Touristen bevorzugt, die nach Museen, alten Kirchen und antiken Ruinen sucht. Der Badeort bietet auch wundersch\u00f6ne goldene Str\u00e4nde an. Das erste, was Sie sehen werden, wenn Sie die antike Stadt Nessebar betreten, ist die h\u00f6lzerne Windm\u00fchle, die eines der Symbole des Urlaubsorts ist. Wie jedes beliebte Urlaubsziel bietet die Stadt eine Vielzahl von Unterkunftsm\u00f6glichkeiten an &#8211; Hotels, All-Inclusive-Komplexe, Pensionen, Apartments sowie viele Restaurants. Unabh\u00e4ngig vom Budget ist f\u00fcr jeden etwas dabei.<\/p>\n\n\n\n<ul class=\"wp-block-gallery columns-2 is-cropped wp-block-gallery-1 is-layout-flex wp-block-gallery-is-layout-flex\"><li class=\"blocks-gallery-item\"><figure><img loading=\"lazy\" decoding=\"async\" width=\"1024\" height=\"536\" src=\"http:\/\/tours4you.online\/wp-content\/uploads\/2019\/01\/nessebar-old-city-1024x536.jpg\" alt=\"Alte Nessebar\" data-id=\"260\" data-link=\"http:\/\/tours4you.online\/de\/offer\/nessebar-von-obzor\/nessebar-old-city-2\/\" class=\"wp-image-260\" srcset=\"https:\/\/tours4you.online\/wp-content\/uploads\/2019\/01\/nessebar-old-city-1024x536.jpg 1024w, https:\/\/tours4you.online\/wp-content\/uploads\/2019\/01\/nessebar-old-city-300x157.jpg 300w, https:\/\/tours4you.online\/wp-content\/uploads\/2019\/01\/nessebar-old-city-768x402.jpg 768w, https:\/\/tours4you.online\/wp-content\/uploads\/2019\/01\/nessebar-old-city.jpg 1820w\" sizes=\"auto, (max-width: 1024px) 100vw, 1024px\" \/><figcaption>Antike Ruinen<\/figcaption><\/figure><\/li><li class=\"blocks-gallery-item\"><figure><img loading=\"lazy\" decoding=\"async\" width=\"1024\" height=\"682\" src=\"http:\/\/tours4you.online\/wp-content\/uploads\/2019\/01\/nessebar-architecture-1024x682.jpg\" alt=\"Old houses in Nessebar\" data-id=\"248\" data-link=\"http:\/\/tours4you.online\/de\/offer\/nessebar\/nessebar-architecture-2\/\" class=\"wp-image-248\" srcset=\"https:\/\/tours4you.online\/wp-content\/uploads\/2019\/01\/nessebar-architecture-1024x682.jpg 1024w, https:\/\/tours4you.online\/wp-content\/uploads\/2019\/01\/nessebar-architecture-300x200.jpg 300w, https:\/\/tours4you.online\/wp-content\/uploads\/2019\/01\/nessebar-architecture-768x512.jpg 768w, https:\/\/tours4you.online\/wp-content\/uploads\/2019\/01\/nessebar-architecture-150x100.jpg 150w, https:\/\/tours4you.online\/wp-content\/uploads\/2019\/01\/nessebar-architecture.jpg 1615w\" sizes=\"auto, (max-width: 1024px) 100vw, 1024px\" \/><figcaption>Alte Haus<\/figcaption><\/figure><\/li><li class=\"blocks-gallery-item\"><figure><img loading=\"lazy\" decoding=\"async\" width=\"1024\" height=\"768\" src=\"http:\/\/tours4you.online\/wp-content\/uploads\/2019\/01\/nessebar-1-1024x768.jpg\" alt=\"Nessebar view\" data-id=\"246\" data-link=\"http:\/\/tours4you.online\/de\/offer\/nessebar\/nessebar-1-2\/\" class=\"wp-image-246\" srcset=\"https:\/\/tours4you.online\/wp-content\/uploads\/2019\/01\/nessebar-1-1024x768.jpg 1024w, https:\/\/tours4you.online\/wp-content\/uploads\/2019\/01\/nessebar-1-300x225.jpg 300w, https:\/\/tours4you.online\/wp-content\/uploads\/2019\/01\/nessebar-1-768x576.jpg 768w\" sizes=\"auto, (max-width: 1024px) 100vw, 1024px\" \/><figcaption>Die K\u00fcste<\/figcaption><\/figure><\/li><li class=\"blocks-gallery-item\"><figure><img loading=\"lazy\" decoding=\"async\" width=\"800\" height=\"600\" src=\"http:\/\/tours4you.online\/wp-content\/uploads\/2019\/01\/nessebar-city-tours.jpg\" alt=\"Church in Nessebar\" data-id=\"250\" data-link=\"http:\/\/tours4you.online\/de\/offer\/nessebar\/nessebar-city-tours-2\/\" class=\"wp-image-250\" srcset=\"https:\/\/tours4you.online\/wp-content\/uploads\/2019\/01\/nessebar-city-tours.jpg 800w, https:\/\/tours4you.online\/wp-content\/uploads\/2019\/01\/nessebar-city-tours-300x225.jpg 300w, https:\/\/tours4you.online\/wp-content\/uploads\/2019\/01\/nessebar-city-tours-768x576.jpg 768w\" sizes=\"auto, (max-width: 800px) 100vw, 800px\" \/><figcaption>Nessebar &#8211; Kirche<\/figcaption><\/figure><\/li><\/ul>\n\n\n\n<h3 class=\"wp-block-heading\" style=\"text-align:center\">Die Lage:<\/h3>\n\n\n\n<p>Nessebar liegt g\u00fcnstig in der N\u00e4he von der Stadt Burgas und der Flughafen sowie des lebhaften Ferienorts Sonnenstrand. Die historische Altstadt und die tollen kleinen Str\u00e4nde machen Nesseber zu einem gew\u00fcnschten und angenehmen Reiseziel. Die N\u00e4he zum Sonnenstrand bietet viel Unterhaltungsm\u00f6glichkeiten und den ganzen Abend Spa\u00df an. Der n\u00e4chstgelegene Flughafen ist der 25 km entfernte Internationale Flughafen Burgas. Der Flughafen Varna liegt 100 km n\u00f6rdlich. <a href=\"http:\/\/www.bulgarientransfers.de\/\" target=\"_blank\" rel=\"noopener noreferrer\">Finden Sie hier Flughafentransfer nach Nessebar:<\/a><\/p>\n\n\n\n<h3 class=\"wp-block-heading\" style=\"text-align:center\">Was zu tun in Nessebar?<\/h3>\n\n\n\n<p>Die Stadt bietet perfekte Bedingungen f\u00fcr einen Sommerurlaub am Strand an, kombiniert mit einem einzigartigen kulturellen Erlebnis. Die Liste mit den Aktivit\u00e4ten und Sehensw\u00fcrdigkeiten in der Umgebung wird alle zufriedenstellen!<\/p>\n\n\n\n<h4 class=\"wp-block-heading\">&#8211; Erkunden Sie <strong>die Altstadt von Nessebar<\/strong><\/h4>\n\n\n\n<p>Hinter den majest\u00e4tischen alten Festungsmauern befinden Sie sich in l\u00e4ngst vergangenen Epochen. Die engen Gassen mit Kopfsteinpflaster f\u00fchren Sie zu h\u00fcbschen kleinen L\u00e4den, die lokale Kunst und handgefertigte Souvenirs verkaufen &#8211; Holzschnitzereien, T\u00f6pferwaren, H\u00e4keln, Schmuck und vieles anders. Die Altstadt ist wie ein Magnet f\u00fcr Touristen und im Sommer gibt es immer viele Menschen, die durch die alten Kirchen und Museen laufen. Nach der Legende gab es in Nessebar 40 Kirchen. Heutzutage sind viele von ihnen restauriert. Die Kirche der \u201eHeiligen Erzengel Michael und Gabriel\u201c aus dem 13. Jahrhundert ist nicht zu \u00fcbersehen. Die ist klein, aber einzigartig in seinem farbigen Mauerwerk und Kunstwerk im Inneren. Die Kirche ist Teil des UNESCO-Weltkulturerbes und eine der 100 nationalen Sehensw\u00fcrdigkeiten in Bulgarien.<\/p>\n\n\n\n<h4 class=\"wp-block-heading\">&#8211; Besuchen Sie das <strong>Arch\u00e4ologische Museum<\/strong> von Nessebar<\/h4>\n\n\n\n<p>Dort werden Sie die alten Zivilisationen kennenzulernen, die auf diesen Gebieten gelebt haben. Es gibt greifbare Spuren von 4 Zivilisationen &#8211; den Thrakern, den Hellenen, den R\u00f6mern und den Byzantinern. Jede Halle des Museums zeigt verschiedene Epochen des Bestehens der Stadt unter der Herrschaft der Thraker, des R\u00f6mischen Reiches, des Byzantinischen Reiches und des bulgarischen Staates.<\/p>\n\n\n\n<h4 class=\"wp-block-heading\">&#8211; Besuchen Sie den <strong>Hafen<\/strong><\/h4>\n\n\n\n<p>Er ist der perfekte Ort f\u00fcr romantische Spazierg\u00e4nge in den warmen Sommern\u00e4chten. Der Hafen ist Ausgangspunkt f\u00fcr viele Bootsausfl\u00fcge in die Umgebung.<\/p>\n\n\n\n<h4 class=\"wp-block-heading\">&#8211; Steigern Sie Ihr Adrenalin im \u201e<a rel=\"noopener noreferrer\" href=\"http:\/\/www.aquaparadise-bg.com\/de\" target=\"_blank\">Aquapark Nessebar<\/a>\u201c<\/h4>\n\n\n\n<p>Einem gro\u00dfartigen Wasserpark in der Neustadt. Perfekt f\u00fcr einen Tagesausflug und viel Spa\u00df mit Freunden oder mit der Familie.<\/p>\n\n\n\n<h4 class=\"wp-block-heading\">&#8211; Viel Spa\u00df bei einer <strong>Party in Sunny Beach<\/strong><\/h4>\n\n\n\n<p>Das ber\u00fchmteste Party Ziel in Bulgarien ist weniger als 5 km entfernt. Die beliebtesten DJs in Europa f\u00fchren jeden Abend in verschiedenen Clubs aus, sodass die Party endet nie. <\/p>\n\n\n\n<p>P.S. <a rel=\"noreferrer noopener\" aria-label=\"Was noch zu tun in Sonnenstrand - lesen Sie in unsere Blog (opens in a new tab)\" href=\"https:\/\/tours4you.online\/de\/was-zu-tun-in-sonnenstrand-bulgarien\/\" target=\"_blank\">Was noch zu tun in Sonnenstrand &#8211; lesen Sie in unsere Blog<\/a>:<\/p>\n\n\n<ul class=\"wp-block-latest-posts__list wp-block-latest-posts\"><li><a class=\"wp-block-latest-posts__post-title\" href=\"https:\/\/tours4you.online\/de\/top-5-der-besten-sehenswuerdigkeiten-in-albena-bulgarien\/\">Top 5 der besten Sehensw\u00fcrdigkeiten in Albena, Bulgarien<\/a><\/li>\n<li><a class=\"wp-block-latest-posts__post-title\" href=\"https:\/\/tours4you.online\/de\/top-10-sehenswuerdigkeiten-in-nessebar-bulgarien\/\">TOP 10 Dinge zu tun in Nessebar, Bulgarien<\/a><\/li>\n<li><a class=\"wp-block-latest-posts__post-title\" href=\"https:\/\/tours4you.online\/de\/was-zu-tun-in-sonnenstrand-bulgarien\/\">Was zu tun in Sonnenstrand, Bulgarien<\/a><\/li>\n<li><a class=\"wp-block-latest-posts__post-title\" href=\"https:\/\/tours4you.online\/de\/top-10-gruende-die-heilige-anastasia-insel-burgas-zu-besuchen\/\">10 Gr\u00fcnde die Heilige Anastasia Insel zu besuchen<\/a><\/li>\n<li><a class=\"wp-block-latest-posts__post-title\" href=\"https:\/\/tours4you.online\/de\/party-bus-fotogalerie\/\">Party Bus &#8211; Fotogalerie<\/a><\/li>\n<\/ul>\n\n\n<h3 class=\"wp-block-heading\" style=\"text-align:center\">Die Besten Ausfl\u00fcge von Nessebar, Bulgarien:<\/h3>\n\n\n\n<p>Mit so vielen<a href=\"https:\/\/tours4you.online\/de\/top-10-sehenswuerdigkeiten-in-nessebar-bulgarien\/\" target=\"_blank\" rel=\"noreferrer noopener\" aria-label=\" Sehensw\u00fcrdigkeiten (opens in a new tab)\"> Sehensw\u00fcrdigkeiten<\/a>, Attraktionen und Aktivit\u00e4tsm\u00f6glichkeiten muss Nessebar besonders auf Ihrer Liste mit Orten stehen, die Sie in diesem Sommer besuchen sollten. Unsere am besten empfohlenen Touren in der N\u00e4he von Nessebar sind:<\/p>\n\n\n\n<div class=\"wp-block-ugb-feature-grid ugb-feature-grid ugb-feature-grid--columns-2\"><div class=\"ugb-feature-grid__item ugb--shadow-5\" style=\"border-radius:20px\"><div class=\"ugb-feature-grid__image\"><img decoding=\"async\" src=\"http:\/\/tours4you.online\/wp-content\/uploads\/2019\/08\/attractions-nessebar-the-mill-1.jpg\" style=\"width:100%\" alt=\" Ausflug nach Nessebar \"\/><\/div><div class=\"ugb-feature-grid__content\"><h5 class=\"ugb-feature-grid__title\"> Ausflug nach Nessebar <\/h5><p class=\"ugb-feature-grid__description\">Tagesausflug mit Transport und lizenziertem Guide von Goldstrand, Albena, Kranevo usw. <\/p><div><a class=\"ugb-button ugb-button--align-center ugb-button--size-normal\" href=\"https:\/\/tours4you.online\/de\/offer\/nessebar\/\" style=\"border-radius:1px;background-color:#3fa4e3;color:#ffffff\" target=\"_blank\" rel=\"noopener noreferrer\"><span class=\"ugb-button--inner\" style=\"color:#ffffff\">BOOK NOW!<\/span><\/a><\/div><\/div><\/div><div class=\"ugb-feature-grid__item ugb--shadow-5\" style=\"border-radius:20px\"><div class=\"ugb-feature-grid__image\"><img decoding=\"async\" src=\"http:\/\/tours4you.online\/wp-content\/uploads\/2020\/06\/anastasia-island.jpg\" style=\"width:100%\" alt=\" St. Anastasia Inselfahrt \"\/><\/div><div class=\"ugb-feature-grid__content\"><h5 class=\"ugb-feature-grid__title\"> <strong>St. Anastasia Insel<\/strong>fahrt <\/h5><p class=\"ugb-feature-grid__description\">Bootstour nach der Insel &#8222;Heilige Anastasia&#8220; und Freizeit in Burgas Stadt. <a rel=\"noreferrer noopener\" href=\"https:\/\/tours4you.online\/de\/top-10-gruende-die-heilige-anastasia-insel-burgas-zu-besuchen\/\" target=\"_blank\">10 Gr\u00fcnde die Insel zu besuchen:<\/a> <\/p><div><a class=\"ugb-button ugb-button--align-center ugb-button--size-normal\" href=\"https:\/\/tours4you.online\/de\/\" style=\"border-radius:1px;background-color:#3fa4e3;color:#ffffff\" target=\"_blank\" rel=\"noopener noreferrer\"><span class=\"ugb-button--inner\" style=\"color:#ffffff\">BOOK NOW!<\/span><\/a><\/div><\/div><\/div><\/div>\n\n\n\n<div class=\"wp-block-ugb-feature-grid ugb-feature-grid ugb-feature-grid--columns-2\"><div class=\"ugb-feature-grid__item ugb--shadow-5\" style=\"border-radius:20px\"><div class=\"ugb-feature-grid__image\"><img decoding=\"async\" src=\"http:\/\/tours4you.online\/wp-content\/uploads\/2021\/02\/burgas-bridge.jpg\" style=\"width:100%\" alt=\"   Burgas und Wochenmarkt \"\/><\/div><div class=\"ugb-feature-grid__content\"><h5 class=\"ugb-feature-grid__title\">   <strong>Burgas und Wochenmarkt<\/strong> <\/h5><p class=\"ugb-feature-grid__description\"> Besuchen Sie die gr\u00f6\u00dfte Stadt in der Umgebung, g\u00fcnstig Shoppen und freie Zeit. <\/p><div><a class=\"ugb-button ugb-button--align-center ugb-button--size-normal\" href=\"https:\/\/tours4you.online\/de\/offer\/wochenmarkt-burgas\/\" style=\"border-radius:1px;background-color:#3fa4e3;color:#ffffff\" target=\"_blank\" rel=\"noopener noreferrer\"><span class=\"ugb-button--inner\" style=\"color:#ffffff\">BOOK NOW!<\/span><\/a><\/div><\/div><\/div><div class=\"ugb-feature-grid__item ugb--shadow-5\" style=\"border-radius:20px\"><div class=\"ugb-feature-grid__image\"><img decoding=\"async\" src=\"http:\/\/tours4you.online\/wp-content\/uploads\/2020\/07\/sozopol-coast.jpg\" style=\"width:100%\" alt=\" Sozopol und Bootstour im Ropotamo Flus \"\/><\/div><div class=\"ugb-feature-grid__content\"><h5 class=\"ugb-feature-grid__title\"> <strong>Sozopol und Bootstour im Ropotamo Flus<\/strong> <\/h5><p class=\"ugb-feature-grid__description\">Genie\u00dfen Sie die wundersch\u00f6ne Natur im Park Ropotamo mit einer romantishen Kreuzfahrt. Mittagessen und Freiezeit in der Altestadt von Soztopol. Buchen Sie online hier:  <\/p><div><a class=\"ugb-button ugb-button--align-center ugb-button--size-normal\" href=\"https:\/\/tours4you.online\/de\/offer\/romantik-des-suedens-ausflug-nach-sozopol\/\" style=\"border-radius:1px;background-color:#3fa4e3;color:#ffffff\" target=\"_blank\" rel=\"noopener noreferrer\"><span class=\"ugb-button--inner\" style=\"color:#ffffff\">BOOK NOW!<\/span><\/a><\/div><\/div><\/div><\/div>\n\n\n\n<div class=\"wp-block-ugb-feature ugb-feature ugb--background-opacity-5 ugb-feature--design-basic ugb-feature--content-left ugb--has-background ugb--shadow-5\" style=\"--image-size:400px;background-color:#ffe200;border-radius:20px\"><div class=\"ugb-content-wrapper\"><div class=\"ugb-feature__content\"><h2 class=\"ugb-feature__title\">Nessebar, Bulgarien<\/h2><p class=\"ugb-feature__description\"><strong>Nessebar<\/strong> ist ein modernisierter Sommerurlaubsort, in dem die kulturellen Traditionen noch lebendig sind. Es ist der alte historische Schatz Bulgariens und eines der beliebtesten Reiseziele am Meer. In jeder kleinen Stra\u00dfe in Nessebar sp\u00fcren Sie den romantischen Geist des alten \u201eMesembria\u201c mit seinen Kirchen und Denkm\u00e4lern. Diese antikische Atmosph\u00e4re wird Ihren Aufenthalt au\u00dfergew\u00f6hnlich machen:<\/p><div><a class=\"ugb-button ugb-button--align-left ugb-button--size-normal\" href=\"https:\/\/tours4you.online\/de\/destination\/nessebar-de\/\" style=\"border-radius:4px;background-color:#3fa4e3;color:#ffffff\"><span class=\"ugb-button--inner\" style=\"color:#ffffff\">BOOK NOW!<\/span><\/a><\/div><\/div><div class=\"ugb-feature__image-side\"><img decoding=\"async\" class=\"ugb-feature__image\" src=\"http:\/\/tours4you.online\/wp-content\/uploads\/2021\/02\/nessebar-old-town-street.jpg\" alt=\"Nessebar, Bulgarien\"\/><\/div><\/div><\/div>\n","protected":false},"excerpt":{"rendered":"<p>Der Badeort Nessebar, Bulgarien Der Badeort Nessebar, Bulgarien&nbsp;ist ein beliebter Sommerferienort in der N\u00e4he der Stadt Burgas. Es ist ein gesch\u00e4ftiges Sommerziel mit den malerischen historischen Denkm\u00e4lern und Geb\u00e4uden des UNESCO-Weltkulturerbes. Nessebar ist mit sicher ein Muss, wenn Sie den Sommerurlaub an der bulgarischen Schwarzmeerk\u00fcste verbringen werden! Nessebar ist auch eine der \u00e4ltesten St\u00e4dte in&#8230;<\/p>\n","protected":false},"author":1,"featured_media":0,"parent":280,"menu_order":0,"comment_status":"closed","ping_status":"closed","template":"","meta":{"_acf_changed":false,"footnotes":""},"class_list":["post-289","page","type-page","status-publish","hentry"],"acf":[],"yoast_head":"<!-- This site is optimized with the Yoast SEO plugin v23.6 - https:\/\/yoast.com\/wordpress\/plugins\/seo\/ -->\n<title>Nessebar - Tours 4 You<\/title>\n<meta name=\"description\" content=\"Besuchen Sie Nessebar - die \u00e4lteste Stadt in Bulgarien. Tours4You: Buchen Sie Online-Touren und Touren in die Altstadt von Nessebar.\" \/>\n<meta name=\"robots\" content=\"index, follow, max-snippet:-1, max-image-preview:large, max-video-preview:-1\" \/>\n<link rel=\"canonical\" href=\"https:\/\/tours4you.online\/de\/destinationen-schwarzmeerkueste\/nessebar\/\" \/>\n<meta property=\"og:locale\" content=\"de_DE\" \/>\n<meta property=\"og:type\" content=\"article\" \/>\n<meta property=\"og:title\" content=\"Nessebar - Tours 4 You\" \/>\n<meta property=\"og:description\" content=\"Besuchen Sie Nessebar - die \u00e4lteste Stadt in Bulgarien. Tours4You: Buchen Sie Online-Touren und Touren in die Altstadt von Nessebar.\" \/>\n<meta property=\"og:url\" content=\"https:\/\/tours4you.online\/de\/destinationen-schwarzmeerkueste\/nessebar\/\" \/>\n<meta property=\"og:site_name\" content=\"Tours 4 You\" \/>\n<meta property=\"article:modified_time\" content=\"2023-06-08T11:55:49+00:00\" \/>\n<meta property=\"og:image\" content=\"http:\/\/tours4you.online\/wp-content\/uploads\/2019\/01\/nessebar-old-city-1024x536.jpg\" \/>\n<meta name=\"twitter:card\" content=\"summary_large_image\" \/>\n<meta name=\"twitter:label1\" content=\"Gesch\u00e4tzte Lesezeit\" \/>\n\t<meta name=\"twitter:data1\" content=\"4\u00a0Minuten\" \/>\n<script type=\"application\/ld+json\" class=\"yoast-schema-graph\">{\"@context\":\"https:\/\/schema.org\",\"@graph\":[{\"@type\":\"WebPage\",\"@id\":\"https:\/\/tours4you.online\/de\/destinationen-schwarzmeerkueste\/nessebar\/\",\"url\":\"https:\/\/tours4you.online\/de\/destinationen-schwarzmeerkueste\/nessebar\/\",\"name\":\"Nessebar - Tours 4 You\",\"isPartOf\":{\"@id\":\"https:\/\/tours4you.online\/de\/#website\"},\"primaryImageOfPage\":{\"@id\":\"https:\/\/tours4you.online\/de\/destinationen-schwarzmeerkueste\/nessebar\/#primaryimage\"},\"image\":{\"@id\":\"https:\/\/tours4you.online\/de\/destinationen-schwarzmeerkueste\/nessebar\/#primaryimage\"},\"thumbnailUrl\":\"http:\/\/tours4you.online\/wp-content\/uploads\/2019\/01\/nessebar-old-city-1024x536.jpg\",\"datePublished\":\"2019-05-23T13:47:54+00:00\",\"dateModified\":\"2023-06-08T11:55:49+00:00\",\"description\":\"Besuchen Sie Nessebar - die \u00e4lteste Stadt in Bulgarien. Tours4You: Buchen Sie Online-Touren und Touren in die Altstadt von Nessebar.\",\"breadcrumb\":{\"@id\":\"https:\/\/tours4you.online\/de\/destinationen-schwarzmeerkueste\/nessebar\/#breadcrumb\"},\"inLanguage\":\"de\",\"potentialAction\":[{\"@type\":\"ReadAction\",\"target\":[\"https:\/\/tours4you.online\/de\/destinationen-schwarzmeerkueste\/nessebar\/\"]}]},{\"@type\":\"ImageObject\",\"inLanguage\":\"de\",\"@id\":\"https:\/\/tours4you.online\/de\/destinationen-schwarzmeerkueste\/nessebar\/#primaryimage\",\"url\":\"http:\/\/tours4you.online\/wp-content\/uploads\/2019\/01\/nessebar-old-city-1024x536.jpg\",\"contentUrl\":\"http:\/\/tours4you.online\/wp-content\/uploads\/2019\/01\/nessebar-old-city-1024x536.jpg\"},{\"@type\":\"BreadcrumbList\",\"@id\":\"https:\/\/tours4you.online\/de\/destinationen-schwarzmeerkueste\/nessebar\/#breadcrumb\",\"itemListElement\":[{\"@type\":\"ListItem\",\"position\":1,\"name\":\"Home\",\"item\":\"https:\/\/tours4you.online\/de\/\"},{\"@type\":\"ListItem\",\"position\":2,\"name\":\"Schwarzmeerk\u00fcste\",\"item\":\"https:\/\/tours4you.online\/de\/destinationen-schwarzmeerkueste\/\"},{\"@type\":\"ListItem\",\"position\":3,\"name\":\"Nessebar\"}]},{\"@type\":\"WebSite\",\"@id\":\"https:\/\/tours4you.online\/de\/#website\",\"url\":\"https:\/\/tours4you.online\/de\/\",\"name\":\"Tours 4 You\",\"description\":\"Tours 4 You\",\"publisher\":{\"@id\":\"https:\/\/tours4you.online\/de\/#organization\"},\"potentialAction\":[{\"@type\":\"SearchAction\",\"target\":{\"@type\":\"EntryPoint\",\"urlTemplate\":\"https:\/\/tours4you.online\/de\/?s={search_term_string}\"},\"query-input\":{\"@type\":\"PropertyValueSpecification\",\"valueRequired\":true,\"valueName\":\"search_term_string\"}}],\"inLanguage\":\"de\"},{\"@type\":\"Organization\",\"@id\":\"https:\/\/tours4you.online\/de\/#organization\",\"name\":\"Varna City Tour\",\"url\":\"https:\/\/tours4you.online\/de\/\",\"logo\":{\"@type\":\"ImageObject\",\"inLanguage\":\"de\",\"@id\":\"https:\/\/tours4you.online\/de\/#\/schema\/logo\/image\/\",\"url\":\"https:\/\/tours4you.online\/wp-content\/uploads\/2023\/12\/logo-t4u.png\",\"contentUrl\":\"https:\/\/tours4you.online\/wp-content\/uploads\/2023\/12\/logo-t4u.png\",\"width\":140,\"height\":60,\"caption\":\"Varna City Tour\"},\"image\":{\"@id\":\"https:\/\/tours4you.online\/de\/#\/schema\/logo\/image\/\"}}]}<\/script>\n<!-- \/ Yoast SEO plugin. -->","yoast_head_json":{"title":"Nessebar - Tours 4 You","description":"Besuchen Sie Nessebar - die \u00e4lteste Stadt in Bulgarien. Tours4You: Buchen Sie Online-Touren und Touren in die Altstadt von Nessebar.","robots":{"index":"index","follow":"follow","max-snippet":"max-snippet:-1","max-image-preview":"max-image-preview:large","max-video-preview":"max-video-preview:-1"},"canonical":"https:\/\/tours4you.online\/de\/destinationen-schwarzmeerkueste\/nessebar\/","og_locale":"de_DE","og_type":"article","og_title":"Nessebar - Tours 4 You","og_description":"Besuchen Sie Nessebar - die \u00e4lteste Stadt in Bulgarien. Tours4You: Buchen Sie Online-Touren und Touren in die Altstadt von Nessebar.","og_url":"https:\/\/tours4you.online\/de\/destinationen-schwarzmeerkueste\/nessebar\/","og_site_name":"Tours 4 You","article_modified_time":"2023-06-08T11:55:49+00:00","og_image":[{"url":"http:\/\/tours4you.online\/wp-content\/uploads\/2019\/01\/nessebar-old-city-1024x536.jpg"}],"twitter_card":"summary_large_image","twitter_misc":{"Gesch\u00e4tzte Lesezeit":"4\u00a0Minuten"},"schema":{"@context":"https:\/\/schema.org","@graph":[{"@type":"WebPage","@id":"https:\/\/tours4you.online\/de\/destinationen-schwarzmeerkueste\/nessebar\/","url":"https:\/\/tours4you.online\/de\/destinationen-schwarzmeerkueste\/nessebar\/","name":"Nessebar - Tours 4 You","isPartOf":{"@id":"https:\/\/tours4you.online\/de\/#website"},"primaryImageOfPage":{"@id":"https:\/\/tours4you.online\/de\/destinationen-schwarzmeerkueste\/nessebar\/#primaryimage"},"image":{"@id":"https:\/\/tours4you.online\/de\/destinationen-schwarzmeerkueste\/nessebar\/#primaryimage"},"thumbnailUrl":"http:\/\/tours4you.online\/wp-content\/uploads\/2019\/01\/nessebar-old-city-1024x536.jpg","datePublished":"2019-05-23T13:47:54+00:00","dateModified":"2023-06-08T11:55:49+00:00","description":"Besuchen Sie Nessebar - die \u00e4lteste Stadt in Bulgarien. Tours4You: Buchen Sie Online-Touren und Touren in die Altstadt von Nessebar.","breadcrumb":{"@id":"https:\/\/tours4you.online\/de\/destinationen-schwarzmeerkueste\/nessebar\/#breadcrumb"},"inLanguage":"de","potentialAction":[{"@type":"ReadAction","target":["https:\/\/tours4you.online\/de\/destinationen-schwarzmeerkueste\/nessebar\/"]}]},{"@type":"ImageObject","inLanguage":"de","@id":"https:\/\/tours4you.online\/de\/destinationen-schwarzmeerkueste\/nessebar\/#primaryimage","url":"http:\/\/tours4you.online\/wp-content\/uploads\/2019\/01\/nessebar-old-city-1024x536.jpg","contentUrl":"http:\/\/tours4you.online\/wp-content\/uploads\/2019\/01\/nessebar-old-city-1024x536.jpg"},{"@type":"BreadcrumbList","@id":"https:\/\/tours4you.online\/de\/destinationen-schwarzmeerkueste\/nessebar\/#breadcrumb","itemListElement":[{"@type":"ListItem","position":1,"name":"Home","item":"https:\/\/tours4you.online\/de\/"},{"@type":"ListItem","position":2,"name":"Schwarzmeerk\u00fcste","item":"https:\/\/tours4you.online\/de\/destinationen-schwarzmeerkueste\/"},{"@type":"ListItem","position":3,"name":"Nessebar"}]},{"@type":"WebSite","@id":"https:\/\/tours4you.online\/de\/#website","url":"https:\/\/tours4you.online\/de\/","name":"Tours 4 You","description":"Tours 4 You","publisher":{"@id":"https:\/\/tours4you.online\/de\/#organization"},"potentialAction":[{"@type":"SearchAction","target":{"@type":"EntryPoint","urlTemplate":"https:\/\/tours4you.online\/de\/?s={search_term_string}"},"query-input":{"@type":"PropertyValueSpecification","valueRequired":true,"valueName":"search_term_string"}}],"inLanguage":"de"},{"@type":"Organization","@id":"https:\/\/tours4you.online\/de\/#organization","name":"Varna City Tour","url":"https:\/\/tours4you.online\/de\/","logo":{"@type":"ImageObject","inLanguage":"de","@id":"https:\/\/tours4you.online\/de\/#\/schema\/logo\/image\/","url":"https:\/\/tours4you.online\/wp-content\/uploads\/2023\/12\/logo-t4u.png","contentUrl":"https:\/\/tours4you.online\/wp-content\/uploads\/2023\/12\/logo-t4u.png","width":140,"height":60,"caption":"Varna City Tour"},"image":{"@id":"https:\/\/tours4you.online\/de\/#\/schema\/logo\/image\/"}}]}},"_links":{"self":[{"href":"https:\/\/tours4you.online\/de\/wp-json\/wp\/v2\/pages\/289","targetHints":{"allow":["GET"]}}],"collection":[{"href":"https:\/\/tours4you.online\/de\/wp-json\/wp\/v2\/pages"}],"about":[{"href":"https:\/\/tours4you.online\/de\/wp-json\/wp\/v2\/types\/page"}],"author":[{"embeddable":true,"href":"https:\/\/tours4you.online\/de\/wp-json\/wp\/v2\/users\/1"}],"replies":[{"embeddable":true,"href":"https:\/\/tours4you.online\/de\/wp-json\/wp\/v2\/comments?post=289"}],"version-history":[{"count":1,"href":"https:\/\/tours4you.online\/de\/wp-json\/wp\/v2\/pages\/289\/revisions"}],"predecessor-version":[{"id":2503,"href":"https:\/\/tours4you.online\/de\/wp-json\/wp\/v2\/pages\/289\/revisions\/2503"}],"up":[{"embeddable":true,"href":"https:\/\/tours4you.online\/de\/wp-json\/wp\/v2\/pages\/280"}],"wp:attachment":[{"href":"https:\/\/tours4you.online\/de\/wp-json\/wp\/v2\/media?parent=289"}],"curies":[{"name":"wp","href":"https:\/\/api.w.org\/{rel}","templated":true}]}}