{"id":286,"date":"2019-05-23T13:46:50","date_gmt":"2019-05-23T13:46:50","guid":{"rendered":"http:\/\/tours4you.online\/?page_id=286"},"modified":"2022-07-19T12:01:14","modified_gmt":"2022-07-19T12:01:14","slug":"goldstrand","status":"publish","type":"page","link":"https:\/\/tours4you.online\/de\/destinationen-schwarzmeerkueste\/goldstrand\/","title":{"rendered":"Goldstrand"},"content":{"rendered":"\n<h2 class=\"wp-block-heading\" style=\"text-align:center\">Das Seebad Goldstrand, Bulgarien<\/h2>\n\n\n\n<p><strong>Goldstrand&nbsp;<\/strong>ist ber\u00fchmt mit seinen langen, sauberen, golden Sandstr\u00e4nden. Das Badeort ist einen Lieblingsziel f\u00fcr Sommerurlaub f\u00fcr Tausende Touristen, wegen seiner sch\u00f6nen Natur, warmen Wetters und des Nachtlebens!<\/p>\n\n\n\n<p>In 1956 begann man mit dem Aufbau vom Goldstrand. 10 Jahre sp\u00e4ter standen schon alle Hotels, die nach dem urspr\u00fcnglichen Entwurf gebaut werden sollten. Zuerst errichtete man die Hotels am Meer, danach die H\u00e4user in der sogenannten 2. und 3. Reihe, die nicht direkt am Strand liegen. So kam ein umfangreiches Programm allm\u00e4hlich ins Rollen, dessen Ziel die Durchsetzung des Landes als eine beliebte europ\u00e4ische Destination f\u00fcr Urlaub am Meer war.<\/p>\n\n\n\n<p>Als Ende der 90er Jahre das ehemalige Staatseigentum in Privath\u00e4nde \u00fcberging, kam es am Goldstrand zu einem Boom im Bauwesen. Seit dem Jahr 2000 ist der Goldstrand ein vollst\u00e4ndig privatisiertes Seebad und so begann es \u201csein zweites Leben\u201d. Die gro\u00dfen Investitionen, \u00fcber 500 Mio. Euro in den letzten Jahren, die die neuen Besitzer in den Bau von Hotels der h\u00f6heren Kategorie, Renovierungen und Modernisierung von ihrem Eigentum, in die Verbesserung der Infrastruktur und die Errichtung von neuen Vergn\u00fcgungslokalen investierten, trugen dazu bei, dass der Goldstrand zu einem bevorzugten Reiseziel f\u00fcr immer mehr G\u00e4ste aus Europa und Bulgarien geworden ist.<\/p>\n\n\n\n<h3 class=\"wp-block-heading\" style=\"text-align:center\">Die Lage:<\/h3>\n\n\n\n<p>Goldstrand ist der gr\u00f6\u00dfte Badeort an der n\u00f6rdlichen bulgarischen Schwarzmeerk\u00fcste. Er liegt in der N\u00e4he von <a href=\"https:\/\/tours4you.online\/de\/offer\/city-tour-varna\/\" target=\"_blank\" rel=\"noopener noreferrer\">Varna<\/a> und hat leichter Zugang zu der Autobahn und zum Varna Flughafen. Die andere Badeorte in der N\u00e4he sind Albena (11 km) und<a href=\"https:\/\/tours4you.online\/de\/destinationen\/balchik\/\"> Balchik<\/a> (22 km). Der Internationale Flughafen Varna befindet sich 25 km s\u00fcdlich, und Burgas Flughafen ist ca. 150 km entfernt.<\/p>\n\n\n\n<p>Die Gegend, in der sich heute das Seebad Goldstrand befindet, ist bereits in der fr\u00fchen Antike bekannt gewesen. Denn durch sie verlief eine r\u00f6mische Strasse, die St\u00e4dte wie Konstantinopel und Tomis miteinander verbunden hat. Hier wurden auch Spuren der alten Zivilisation der Thraker gefunden. Die Geschichte erinnert uns auch an die Br\u00fcder Hermann und Karel Schkorpil. Beide gelten als Gr\u00fcnder der modernen bulgarischen Arch\u00e4ologie. Karel Schkorpil war 1888 unter anderem einer der Gr\u00fcnder des&nbsp;arch\u00e4ologischen Museums in Varna&nbsp;und 1901 der&nbsp;Arch\u00e4ologischen Gesellschaft in Varna. Er war au\u00dferdem der Entdecker von Pliska, der Hauptstadt des&nbsp;Ersten Bulgarischen Reiches. Sein Grab befindet sich dort, in Pliska, und seine B\u00fcste k\u00f6nnen Sie im arch\u00e4ologischen Museum in Varna sehen. Dort ist auch der weltweit \u00e4lteste Goldschatz der Welt zu sehen, der von Menschenhand bearbeitet wurde. <\/p>\n\n\n\n<h3 class=\"wp-block-heading\" style=\"text-align:center\">Was zu tun in Goldstrand<\/h3>\n\n\n\n<h4 class=\"wp-block-heading\">&#8211; Der Wasserpark <strong>\u201cAquapolis\u201d<\/strong> besuchen<\/h4>\n\n\n\n<p>Er liegt im Wald und hat einen einzigartigen Blick aufs Meer und den Ferienort. Man kann auch in dem park \u201cHarrys Diving Center\u201d an Unterwasser-Abenteuer genie\u00dfen.<\/p>\n\n\n\n<ul class=\"wp-block-gallery columns-2 is-cropped wp-block-gallery-1 is-layout-flex wp-block-gallery-is-layout-flex\"><li class=\"blocks-gallery-item\"><figure><img loading=\"lazy\" decoding=\"async\" width=\"631\" height=\"370\" src=\"http:\/\/tours4you.online\/wp-content\/uploads\/2021\/02\/waterslide-aquapark.jpg\" alt=\"\" data-id=\"1595\" data-link=\"http:\/\/tours4you.online\/de\/destinationen-schwarzmeerkueste\/goldstrand\/waterslide-aquapark-2\/\" class=\"wp-image-1595\" srcset=\"https:\/\/tours4you.online\/wp-content\/uploads\/2021\/02\/waterslide-aquapark.jpg 631w, https:\/\/tours4you.online\/wp-content\/uploads\/2021\/02\/waterslide-aquapark-300x176.jpg 300w\" sizes=\"auto, (max-width: 631px) 100vw, 631px\" \/><\/figure><\/li><li class=\"blocks-gallery-item\"><figure><img loading=\"lazy\" decoding=\"async\" width=\"974\" height=\"730\" src=\"http:\/\/tours4you.online\/wp-content\/uploads\/2021\/02\/golden-sands-beach.jpg\" alt=\"\" data-id=\"1599\" data-link=\"http:\/\/tours4you.online\/de\/destinationen-schwarzmeerkueste\/goldstrand\/golden-sands-beach-2\/\" class=\"wp-image-1599\" srcset=\"https:\/\/tours4you.online\/wp-content\/uploads\/2021\/02\/golden-sands-beach.jpg 974w, https:\/\/tours4you.online\/wp-content\/uploads\/2021\/02\/golden-sands-beach-300x225.jpg 300w, https:\/\/tours4you.online\/wp-content\/uploads\/2021\/02\/golden-sands-beach-768x576.jpg 768w\" sizes=\"auto, (max-width: 974px) 100vw, 974px\" \/><\/figure><\/li><\/ul>\n\n\n\n<h4 class=\"wp-block-heading\">&#8211; Erkunden Sie den <strong>Naturpark Goldstrand<\/strong><\/h4>\n\n\n\n<p>Er wurde in 1943 gegr\u00fcndet und fasst eine Fl\u00e4che von 1320 ha. um. Die W\u00e4lder des Parks gehen entlang der K\u00fcste, geben Goldstrand um, und erreichen die Stadt Varna. Das Gebiet des Parks ist mit nat\u00fcrlichen Laubw\u00e4ldern bedeckt &#8211; verschiedene Arten von Eiche, wie Moos bedeckten Eiche, Ungarische Eiche, Sumpf wei\u00dfer Eiche, Hainbuche. Die Flora des Golden Sands Naturpark umfasst etwa 500 Arten von Pflanzen. Die wichtigsten unter denen sind seltene, gef\u00e4hrdete und gesch\u00fctzte &#8211; der Winter Schneegl\u00f6ckchen, die kaukasische Primel sowie einige Orchideen. Unter Schutz sind einige seltene und vom Aussterben bedrohte Tiere &#8211; 70 V\u00f6gel: M\u00e4usebussard, Habicht, Falke Finken, Pirol, usw. und 25 S\u00e4ugetiere: Rehe, Wildschweine, Dachse, usw.<\/p>\n\n\n\n<p>Auf dem Gebiet des Reservats befindet sich das <strong>Felsenkloster Aladzha<\/strong>, das im Jahr 1957 als Kulturdenkmal erkl\u00e4rt wurde. Man kann dort auch die Katakomben H\u00f6hlen, die Basilika und alte Festung aus dem IV-VII Jahrhundert, sowie Reste von einer slawischen Siedlung sehen. Ein einzigartiges erlebnis ist das Licht \u2013 Show, das man im Aladzha Kloster anschauen kann.<\/p>\n\n\n\n<h4 class=\"wp-block-heading\">&#8211; <strong>Am Strand des Goldstrands liegen<\/strong><\/h4>\n\n\n\n<p>Der Strand ist 4 km lang, bis 100 m breit und ist als einer der besten Str\u00e4nde in Europa bekannt. Er ist flach, mit feinem Sand bedeckt. So, au\u00dfer am Strand zu liegen, man kann noch vershiedene Wassersportarten treiben.<\/p>\n\n\n\n<h3 class=\"wp-block-heading\" style=\"text-align:center\">Die Beste Touren ab Goldstrand:<\/h3>\n\n\n\n<div class=\"wp-block-ugb-feature-grid ugb-feature-grid ugb-feature-grid--columns-2\"><div class=\"ugb-feature-grid__item ugb--shadow-5\" style=\"border-radius:20px\"><div class=\"ugb-feature-grid__image\"><img decoding=\"async\" src=\"http:\/\/tours4you.online\/wp-content\/uploads\/2020\/10\/party-bus-varna-2.jpg\" style=\"width:100%\" alt=\"City Tour Varna\"\/><\/div><div class=\"ugb-feature-grid__content\"><h5 class=\"ugb-feature-grid__title\">City Tour Varna<\/h5><p class=\"ugb-feature-grid__description\">Erkunden Sie die Schwarzmeerhauptstadt mit Doppeldecker-Partybus und Getr\u00e4nke an Bord: <\/p><div><a class=\"ugb-button ugb-button--align-center ugb-button--size-normal\" href=\"https:\/\/tours4you.online\/de\/offer\/city-tour-varna\/\" style=\"border-radius:1px;background-color:#3fa4e3;color:#ffffff\"><span class=\"ugb-button--inner\" style=\"color:#ffffff\">MEHR:<\/span><\/a><\/div><\/div><\/div><div class=\"ugb-feature-grid__item ugb--shadow-5\" style=\"border-radius:20px\"><div class=\"ugb-feature-grid__image\"><img decoding=\"async\" src=\"http:\/\/tours4you.online\/wp-content\/uploads\/2022\/07\/vip-tour-varna.jpg\" style=\"width:100%\" alt=\"VIP Tour Varna\"\/><\/div><div class=\"ugb-feature-grid__content\"><h5 class=\"ugb-feature-grid__title\">VIP Tour Varna<\/h5><p class=\"ugb-feature-grid__description\">Unbekannte \u00e4lteste Kirche in Varna; die r\u00f6mischen B\u00e4der; R\u00f6mische Mosaiken in Devnya + Verkostung von lokal hergestelltem &#8222;Rakia&#8220;:<\/p><div><a class=\"ugb-button ugb-button--align-center ugb-button--size-normal\" href=\"https:\/\/www.viptourvarna.com\/vip_tour.html\" style=\"border-radius:1px;background-color:#3fa4e3;color:#ffffff\"><span class=\"ugb-button--inner\" style=\"color:#ffffff\">MEHR:<\/span><\/a><\/div><\/div><\/div><\/div>\n\n\n\n<p><em>Finden Sie mehr Information \u00fcber <\/em><a rel=\"noreferrer noopener\" href=\"https:\/\/tours4you.online\/de\/top-5-ausfluege-goldstrand-bulgarien\/\" target=\"_blank\"><em>die beste Ausfl\u00fcge von Goldstrand<\/em><\/a><em> hier:<\/em><\/p>\n\n\n\n<p>Andere Blog-Nachrichten:<\/p>\n\n\n<ul class=\"wp-block-latest-posts__list wp-block-latest-posts\"><li><a class=\"wp-block-latest-posts__post-title\" href=\"https:\/\/tours4you.online\/de\/beste-orte-varna-besuchen\/\">Top 7 beste Orte in Varna zu besuchen<\/a><\/li>\n<li><a class=\"wp-block-latest-posts__post-title\" href=\"https:\/\/tours4you.online\/de\/besten-museen-varna\/\">Top 6 der besten Museen in Varna<\/a><\/li>\n<li><a class=\"wp-block-latest-posts__post-title\" href=\"https:\/\/tours4you.online\/de\/top-5-ausfluege-goldstrand-bulgarien\/\">Top 5 Ausfl\u00fcge von Goldstrand, Bulgarien<\/a><\/li>\n<li><a class=\"wp-block-latest-posts__post-title\" href=\"https:\/\/tours4you.online\/de\/die-legenden-von-aladzha-kloster-varna\/\">Die Legenden von Aladzha Kloster &#8211; Varna<\/a><\/li>\n<li><a class=\"wp-block-latest-posts__post-title\" href=\"https:\/\/tours4you.online\/de\/das-schloss-und-botanischen-garten-baltschik\/\">Die Geschichte \u00fcber das Schloss und Botanischer Garten in Baltschik<\/a><\/li>\n<\/ul>\n\n\n<div class=\"wp-block-ugb-feature ugb-feature ugb--background-opacity-5 ugb-feature--design-basic ugb-feature--content-left ugb--has-background ugb--shadow-5\" style=\"--image-size:400px;background-color:#ffe200;border-radius:20px\"><div class=\"ugb-content-wrapper\"><div class=\"ugb-feature__content\"><h2 class=\"ugb-feature__title\">Das Seebad Goldstrand<\/h2><p class=\"ugb-feature__description\"><strong>Goldstrand<\/strong> ist eine einzigartige Mischung von sch\u00f6nen Naturpark, warmen Meer und feinen Sand. Wir werden Sie herzlich in Goldstrand begr\u00fc\u00dfen, wo der Sommer lang und warm ist, geeignet f\u00fcr Sonnenbad von Mai bis Oktober. Der Badeort ist eine moderne Destination, mit vershiedene Unterhaltungm\u00f6glichkeiten und Aktivit\u00e4ten. Hier finden Sie die Liste unserer Ausfl\u00fcge, die Sie online buchen k\u00f6nnen, wenn Sie in Goldstrand den Urlaub verbringen: <\/p><div><a class=\"ugb-button ugb-button--align-left ugb-button--size-normal\" href=\"https:\/\/tours4you.online\/de\/destination\/golden-sands-de\/\" style=\"border-radius:1px;background-color:#3fa4e3;color:#ffffff\"><span class=\"ugb-button--inner\" style=\"color:#ffffff\">BOOK NOW!<\/span><\/a><\/div><\/div><div class=\"ugb-feature__image-side\"><img decoding=\"async\" class=\"ugb-feature__image\" src=\"http:\/\/tours4you.online\/wp-content\/uploads\/2022\/05\/golden-sands-hotels.jpg\" alt=\"Das Seebad Goldstrand\"\/><\/div><\/div><\/div>\n","protected":false},"excerpt":{"rendered":"<p>Das Seebad Goldstrand, Bulgarien Goldstrand&nbsp;ist ber\u00fchmt mit seinen langen, sauberen, golden Sandstr\u00e4nden. Das Badeort ist einen Lieblingsziel f\u00fcr Sommerurlaub f\u00fcr Tausende Touristen, wegen seiner sch\u00f6nen Natur, warmen Wetters und des Nachtlebens! In 1956 begann man mit dem Aufbau vom Goldstrand. 10 Jahre sp\u00e4ter standen schon alle Hotels, die nach dem urspr\u00fcnglichen Entwurf gebaut werden sollten&#8230;.<\/p>\n","protected":false},"author":1,"featured_media":0,"parent":280,"menu_order":0,"comment_status":"closed","ping_status":"closed","template":"","meta":{"_acf_changed":false,"footnotes":""},"class_list":["post-286","page","type-page","status-publish","hentry"],"acf":[],"yoast_head":"<!-- This site is optimized with the Yoast SEO plugin v23.6 - https:\/\/yoast.com\/wordpress\/plugins\/seo\/ -->\n<title>Goldstrand - Tours 4 You<\/title>\n<meta name=\"description\" content=\"Goldstrand in Bulgarien - Tours4You.Online: Erfahren Sie mehr \u00fcber Golden Sands, die Lage, Sehensw\u00fcrdigkeiten und buchen Sie Online Ausfl\u00fcge:\" \/>\n<meta name=\"robots\" content=\"index, follow, max-snippet:-1, max-image-preview:large, max-video-preview:-1\" \/>\n<link rel=\"canonical\" href=\"https:\/\/tours4you.online\/de\/destinationen-schwarzmeerkueste\/goldstrand\/\" \/>\n<meta property=\"og:locale\" content=\"de_DE\" \/>\n<meta property=\"og:type\" content=\"article\" \/>\n<meta property=\"og:title\" content=\"Goldstrand - Tours 4 You\" \/>\n<meta property=\"og:description\" content=\"Goldstrand in Bulgarien - Tours4You.Online: Erfahren Sie mehr \u00fcber Golden Sands, die Lage, Sehensw\u00fcrdigkeiten und buchen Sie Online Ausfl\u00fcge:\" \/>\n<meta property=\"og:url\" content=\"https:\/\/tours4you.online\/de\/destinationen-schwarzmeerkueste\/goldstrand\/\" \/>\n<meta property=\"og:site_name\" content=\"Tours 4 You\" \/>\n<meta property=\"article:modified_time\" content=\"2022-07-19T12:01:14+00:00\" \/>\n<meta property=\"og:image\" content=\"http:\/\/tours4you.online\/wp-content\/uploads\/2021\/02\/waterslide-aquapark.jpg\" \/>\n<meta name=\"twitter:card\" content=\"summary_large_image\" \/>\n<meta name=\"twitter:label1\" content=\"Gesch\u00e4tzte Lesezeit\" \/>\n\t<meta name=\"twitter:data1\" content=\"4\u00a0Minuten\" \/>\n<script type=\"application\/ld+json\" class=\"yoast-schema-graph\">{\"@context\":\"https:\/\/schema.org\",\"@graph\":[{\"@type\":\"WebPage\",\"@id\":\"https:\/\/tours4you.online\/de\/destinationen-schwarzmeerkueste\/goldstrand\/\",\"url\":\"https:\/\/tours4you.online\/de\/destinationen-schwarzmeerkueste\/goldstrand\/\",\"name\":\"Goldstrand - Tours 4 You\",\"isPartOf\":{\"@id\":\"https:\/\/tours4you.online\/de\/#website\"},\"primaryImageOfPage\":{\"@id\":\"https:\/\/tours4you.online\/de\/destinationen-schwarzmeerkueste\/goldstrand\/#primaryimage\"},\"image\":{\"@id\":\"https:\/\/tours4you.online\/de\/destinationen-schwarzmeerkueste\/goldstrand\/#primaryimage\"},\"thumbnailUrl\":\"http:\/\/tours4you.online\/wp-content\/uploads\/2021\/02\/waterslide-aquapark.jpg\",\"datePublished\":\"2019-05-23T13:46:50+00:00\",\"dateModified\":\"2022-07-19T12:01:14+00:00\",\"description\":\"Goldstrand in Bulgarien - Tours4You.Online: Erfahren Sie mehr \u00fcber Golden Sands, die Lage, Sehensw\u00fcrdigkeiten und buchen Sie Online Ausfl\u00fcge:\",\"breadcrumb\":{\"@id\":\"https:\/\/tours4you.online\/de\/destinationen-schwarzmeerkueste\/goldstrand\/#breadcrumb\"},\"inLanguage\":\"de\",\"potentialAction\":[{\"@type\":\"ReadAction\",\"target\":[\"https:\/\/tours4you.online\/de\/destinationen-schwarzmeerkueste\/goldstrand\/\"]}]},{\"@type\":\"ImageObject\",\"inLanguage\":\"de\",\"@id\":\"https:\/\/tours4you.online\/de\/destinationen-schwarzmeerkueste\/goldstrand\/#primaryimage\",\"url\":\"http:\/\/tours4you.online\/wp-content\/uploads\/2021\/02\/waterslide-aquapark.jpg\",\"contentUrl\":\"http:\/\/tours4you.online\/wp-content\/uploads\/2021\/02\/waterslide-aquapark.jpg\"},{\"@type\":\"BreadcrumbList\",\"@id\":\"https:\/\/tours4you.online\/de\/destinationen-schwarzmeerkueste\/goldstrand\/#breadcrumb\",\"itemListElement\":[{\"@type\":\"ListItem\",\"position\":1,\"name\":\"Home\",\"item\":\"https:\/\/tours4you.online\/de\/\"},{\"@type\":\"ListItem\",\"position\":2,\"name\":\"Schwarzmeerk\u00fcste\",\"item\":\"https:\/\/tours4you.online\/de\/destinationen-schwarzmeerkueste\/\"},{\"@type\":\"ListItem\",\"position\":3,\"name\":\"Goldstrand\"}]},{\"@type\":\"WebSite\",\"@id\":\"https:\/\/tours4you.online\/de\/#website\",\"url\":\"https:\/\/tours4you.online\/de\/\",\"name\":\"Tours 4 You\",\"description\":\"Tours 4 You\",\"publisher\":{\"@id\":\"https:\/\/tours4you.online\/de\/#organization\"},\"potentialAction\":[{\"@type\":\"SearchAction\",\"target\":{\"@type\":\"EntryPoint\",\"urlTemplate\":\"https:\/\/tours4you.online\/de\/?s={search_term_string}\"},\"query-input\":{\"@type\":\"PropertyValueSpecification\",\"valueRequired\":true,\"valueName\":\"search_term_string\"}}],\"inLanguage\":\"de\"},{\"@type\":\"Organization\",\"@id\":\"https:\/\/tours4you.online\/de\/#organization\",\"name\":\"Varna City Tour\",\"url\":\"https:\/\/tours4you.online\/de\/\",\"logo\":{\"@type\":\"ImageObject\",\"inLanguage\":\"de\",\"@id\":\"https:\/\/tours4you.online\/de\/#\/schema\/logo\/image\/\",\"url\":\"https:\/\/tours4you.online\/wp-content\/uploads\/2023\/12\/logo-t4u.png\",\"contentUrl\":\"https:\/\/tours4you.online\/wp-content\/uploads\/2023\/12\/logo-t4u.png\",\"width\":140,\"height\":60,\"caption\":\"Varna City Tour\"},\"image\":{\"@id\":\"https:\/\/tours4you.online\/de\/#\/schema\/logo\/image\/\"}}]}<\/script>\n<!-- \/ Yoast SEO plugin. -->","yoast_head_json":{"title":"Goldstrand - Tours 4 You","description":"Goldstrand in Bulgarien - Tours4You.Online: Erfahren Sie mehr \u00fcber Golden Sands, die Lage, Sehensw\u00fcrdigkeiten und buchen Sie Online Ausfl\u00fcge:","robots":{"index":"index","follow":"follow","max-snippet":"max-snippet:-1","max-image-preview":"max-image-preview:large","max-video-preview":"max-video-preview:-1"},"canonical":"https:\/\/tours4you.online\/de\/destinationen-schwarzmeerkueste\/goldstrand\/","og_locale":"de_DE","og_type":"article","og_title":"Goldstrand - Tours 4 You","og_description":"Goldstrand in Bulgarien - Tours4You.Online: Erfahren Sie mehr \u00fcber Golden Sands, die Lage, Sehensw\u00fcrdigkeiten und buchen Sie Online Ausfl\u00fcge:","og_url":"https:\/\/tours4you.online\/de\/destinationen-schwarzmeerkueste\/goldstrand\/","og_site_name":"Tours 4 You","article_modified_time":"2022-07-19T12:01:14+00:00","og_image":[{"url":"http:\/\/tours4you.online\/wp-content\/uploads\/2021\/02\/waterslide-aquapark.jpg"}],"twitter_card":"summary_large_image","twitter_misc":{"Gesch\u00e4tzte Lesezeit":"4\u00a0Minuten"},"schema":{"@context":"https:\/\/schema.org","@graph":[{"@type":"WebPage","@id":"https:\/\/tours4you.online\/de\/destinationen-schwarzmeerkueste\/goldstrand\/","url":"https:\/\/tours4you.online\/de\/destinationen-schwarzmeerkueste\/goldstrand\/","name":"Goldstrand - Tours 4 You","isPartOf":{"@id":"https:\/\/tours4you.online\/de\/#website"},"primaryImageOfPage":{"@id":"https:\/\/tours4you.online\/de\/destinationen-schwarzmeerkueste\/goldstrand\/#primaryimage"},"image":{"@id":"https:\/\/tours4you.online\/de\/destinationen-schwarzmeerkueste\/goldstrand\/#primaryimage"},"thumbnailUrl":"http:\/\/tours4you.online\/wp-content\/uploads\/2021\/02\/waterslide-aquapark.jpg","datePublished":"2019-05-23T13:46:50+00:00","dateModified":"2022-07-19T12:01:14+00:00","description":"Goldstrand in Bulgarien - Tours4You.Online: Erfahren Sie mehr \u00fcber Golden Sands, die Lage, Sehensw\u00fcrdigkeiten und buchen Sie Online Ausfl\u00fcge:","breadcrumb":{"@id":"https:\/\/tours4you.online\/de\/destinationen-schwarzmeerkueste\/goldstrand\/#breadcrumb"},"inLanguage":"de","potentialAction":[{"@type":"ReadAction","target":["https:\/\/tours4you.online\/de\/destinationen-schwarzmeerkueste\/goldstrand\/"]}]},{"@type":"ImageObject","inLanguage":"de","@id":"https:\/\/tours4you.online\/de\/destinationen-schwarzmeerkueste\/goldstrand\/#primaryimage","url":"http:\/\/tours4you.online\/wp-content\/uploads\/2021\/02\/waterslide-aquapark.jpg","contentUrl":"http:\/\/tours4you.online\/wp-content\/uploads\/2021\/02\/waterslide-aquapark.jpg"},{"@type":"BreadcrumbList","@id":"https:\/\/tours4you.online\/de\/destinationen-schwarzmeerkueste\/goldstrand\/#breadcrumb","itemListElement":[{"@type":"ListItem","position":1,"name":"Home","item":"https:\/\/tours4you.online\/de\/"},{"@type":"ListItem","position":2,"name":"Schwarzmeerk\u00fcste","item":"https:\/\/tours4you.online\/de\/destinationen-schwarzmeerkueste\/"},{"@type":"ListItem","position":3,"name":"Goldstrand"}]},{"@type":"WebSite","@id":"https:\/\/tours4you.online\/de\/#website","url":"https:\/\/tours4you.online\/de\/","name":"Tours 4 You","description":"Tours 4 You","publisher":{"@id":"https:\/\/tours4you.online\/de\/#organization"},"potentialAction":[{"@type":"SearchAction","target":{"@type":"EntryPoint","urlTemplate":"https:\/\/tours4you.online\/de\/?s={search_term_string}"},"query-input":{"@type":"PropertyValueSpecification","valueRequired":true,"valueName":"search_term_string"}}],"inLanguage":"de"},{"@type":"Organization","@id":"https:\/\/tours4you.online\/de\/#organization","name":"Varna City Tour","url":"https:\/\/tours4you.online\/de\/","logo":{"@type":"ImageObject","inLanguage":"de","@id":"https:\/\/tours4you.online\/de\/#\/schema\/logo\/image\/","url":"https:\/\/tours4you.online\/wp-content\/uploads\/2023\/12\/logo-t4u.png","contentUrl":"https:\/\/tours4you.online\/wp-content\/uploads\/2023\/12\/logo-t4u.png","width":140,"height":60,"caption":"Varna City Tour"},"image":{"@id":"https:\/\/tours4you.online\/de\/#\/schema\/logo\/image\/"}}]}},"_links":{"self":[{"href":"https:\/\/tours4you.online\/de\/wp-json\/wp\/v2\/pages\/286","targetHints":{"allow":["GET"]}}],"collection":[{"href":"https:\/\/tours4you.online\/de\/wp-json\/wp\/v2\/pages"}],"about":[{"href":"https:\/\/tours4you.online\/de\/wp-json\/wp\/v2\/types\/page"}],"author":[{"embeddable":true,"href":"https:\/\/tours4you.online\/de\/wp-json\/wp\/v2\/users\/1"}],"replies":[{"embeddable":true,"href":"https:\/\/tours4you.online\/de\/wp-json\/wp\/v2\/comments?post=286"}],"version-history":[{"count":0,"href":"https:\/\/tours4you.online\/de\/wp-json\/wp\/v2\/pages\/286\/revisions"}],"up":[{"embeddable":true,"href":"https:\/\/tours4you.online\/de\/wp-json\/wp\/v2\/pages\/280"}],"wp:attachment":[{"href":"https:\/\/tours4you.online\/de\/wp-json\/wp\/v2\/media?parent=286"}],"curies":[{"name":"wp","href":"https:\/\/api.w.org\/{rel}","templated":true}]}}