{"id":284,"date":"2019-05-23T13:46:07","date_gmt":"2019-05-23T13:46:07","guid":{"rendered":"http:\/\/tours4you.online\/?page_id=284"},"modified":"2021-08-11T09:44:17","modified_gmt":"2021-08-11T09:44:17","slug":"balchik","status":"publish","type":"page","link":"https:\/\/tours4you.online\/de\/destinationen-schwarzmeerkueste\/balchik\/","title":{"rendered":"Baltschik"},"content":{"rendered":"\n<h2 class=\"wp-block-heading\" style=\"text-align:center\">Das Seebad Baltschik, Bulgarien <\/h2>\n\n\n\n<p>Baltschik ist einer der bekanntester Ferienorte an der n\u00f6rdlichen Schwarzmeerk\u00fcste Bulgariens. Er ist eine melerishe kleine Stadt und bietet viele Sehensw\u00fcrdigkeiten und Orte zu besuchen an, so wie viele Souvenierl\u00e4den, Caf\u00e9s, und Restaurants mit frisch gefangenem Fisch. Wie in jeder popul\u00e4ren Reiseziel, findet man in Balchik gem\u00fctliche Hotels und Unterkunftsm\u00f6glichkeiten. Die kleine Stadt ist auch geeigneter Ort f\u00fcr romantisher Spazierengang entlang der Yacht Marina, wenn die Sonne geht unter&#8230; Die N\u00e4he der Stadt zu Rum\u00e4nien und dem Varna Flughafen, sowie auch das gute Preis-Leistung-Verh\u00e4ltnis verwandeln den Kurort in einem bevorzugten Reiseziel von vielen Touristen.<\/p>\n\n\n\n<h3 class=\"wp-block-heading\" style=\"text-align:center\">Die Lage von Baltschik:<\/h3>\n\n\n\n<p>Balchik liegt nur 55 km n\u00f6rdlich von der Internationalen Flughafen Varna. Die Reise von dem Flughafen nach Balchik wird Sie angenehm \u00fcberraschen- wundersch\u00f6ne Aussichten der sch\u00f6nen Natur im Sommer- gr\u00fcne W\u00e4lder, bunte Wiesen und das blaue Wasser, das den Horizont erreicht!<\/p>\n\n\n\n<p>In der N\u00e4he von Balchik befinden sich andere gute Sommerferienorte: <a href=\"https:\/\/tours4you.online\/de\/destinationen-schwarzmeerkueste\/albena\/\" target=\"_blank\" rel=\"noreferrer noopener\" aria-label=\"Albena (opens in a new tab)\">Albena<\/a>, Goldstrand, Kavarna, Kranevo usw. Die Richtungen sind kurze, so man kann an interesante Touren teilnehmen.<\/p>\n\n\n\n<div class=\"wp-block-cover has-background-dim\" style=\"background-image:url(http:\/\/tours4you.online\/wp-content\/uploads\/2019\/07\/balchik-garden.jpg)\"><div class=\"wp-block-cover__inner-container is-layout-flow wp-block-cover-is-layout-flow\">\n<p style=\"text-align:center\" class=\"has-large-font-size\">Was zu tun in Balchik<\/p>\n<\/div><\/div>\n\n\n\n<p>Wenn Sie nach etwas anderes von erholsamen Urlaub am Strand suchen, finden Sie in Balchik einige interessante Aktivit\u00e4ten. Man kann an der Promenade und am Hafen spazieren, Museen besichtigen, Naturseehensw\u00fcrdigkeiten besuchen usw.&nbsp; Die Stadt ist in der Liste der 100 Nationaldenkm\u00e4ler der Bulgarischen Tourist Union einbegriffen.<\/p>\n\n\n\n<h4 class=\"wp-block-heading\">&#8211; Entdecken den Botanischen Garden <\/h4>\n\n\n\n<p>Der ber\u00fchmteste Ort in Balchik is der Botanischee Garden mit dem Schlo\u00df. Der Renaissance Komplex entstand in der Wiedergeburt als Sommerresidenz der rum\u00e4nischen K\u00f6nigin Maria. Dieser Komplex besteht aus einigen Villen, einer orthodoxen Kapelle, einem Nympheum, Maurischen- Still Terrassen, traditionellen H\u00e4usern und Brunnen. Der Botanische Garten ist weltweit bekannt mit seiner Sammlung von Palmb\u00e4umen, exotischen B\u00e4umen wie Kautschukbaum, orientalische Rosinenbaum, Maulbeerb\u00e4ume, rote Juniperus usw. Die einzigartige Sammlung von gro\u00dfen Kakteen ist auch sehr beliebt. Die ist die zweite seiner Art in Europa nach dieser in Monaco. Die Liste der Blumen und einzigartigen Pflanzen im Garten, sowie allen Sehensw\u00fcrdigkeiten ist wirklich unendlich! Erfahren Sie mehr \u00fcber <a href=\"https:\/\/tours4you.online\/de\/das-schloss-und-botanischen-garten-baltschik\/\" target=\"_blank\" rel=\"noreferrer noopener\" aria-label=\"die Geschichte des Palastes in unserem Blog (opens in a new tab)\">die Geschichte des Palastes in unserem Blog<\/a>:<\/p>\n\n\n\n<ul class=\"wp-block-gallery columns-2 is-cropped wp-block-gallery-1 is-layout-flex wp-block-gallery-is-layout-flex\"><li class=\"blocks-gallery-item\"><figure><img loading=\"lazy\" decoding=\"async\" width=\"683\" height=\"910\" src=\"http:\/\/tours4you.online\/wp-content\/uploads\/2021\/02\/balchik-botanical-garden.jpg\" alt=\"\" data-id=\"1614\" data-link=\"http:\/\/tours4you.online\/de\/destinationen-schwarzmeerkueste\/balchik\/balchik-botanical-garden-2-2\/\" class=\"wp-image-1614\" srcset=\"https:\/\/tours4you.online\/wp-content\/uploads\/2021\/02\/balchik-botanical-garden.jpg 683w, https:\/\/tours4you.online\/wp-content\/uploads\/2021\/02\/balchik-botanical-garden-225x300.jpg 225w\" sizes=\"auto, (max-width: 683px) 100vw, 683px\" \/><\/figure><\/li><li class=\"blocks-gallery-item\"><figure><img loading=\"lazy\" decoding=\"async\" width=\"649\" height=\"865\" src=\"http:\/\/tours4you.online\/wp-content\/uploads\/2021\/02\/balchik-garden.jpg\" alt=\"Botanical Garden Balchik\" data-id=\"1616\" data-link=\"http:\/\/tours4you.online\/de\/destinationen-schwarzmeerkueste\/balchik\/balchik-garden-3-2\/\" class=\"wp-image-1616\" srcset=\"https:\/\/tours4you.online\/wp-content\/uploads\/2021\/02\/balchik-garden.jpg 649w, https:\/\/tours4you.online\/wp-content\/uploads\/2021\/02\/balchik-garden-225x300.jpg 225w\" sizes=\"auto, (max-width: 649px) 100vw, 649px\" \/><\/figure><\/li><\/ul>\n\n\n\n<h4 class=\"wp-block-heading\">&#8211; Der Hafen<\/h4>\n\n\n\n<p>die Yacht Marina ist der Ausgangpunkt f\u00fcr viele Kreuz- und Boatfahren. Man kann auch fishen, Wassersporten treiben oder romantishe Abendessen mit wundersch\u00f6nen Ansicht haben.<\/p>\n\n\n\n<h3 class=\"wp-block-heading\" style=\"text-align:center\">Die Besten Touren in Baltschik:<\/h3>\n\n\n\n<div class=\"wp-block-ugb-feature-grid ugb-feature-grid ugb-feature-grid--columns-2\"><div class=\"ugb-feature-grid__item ugb--shadow-5\" style=\"border-radius:20px\"><div class=\"ugb-feature-grid__image\"><img decoding=\"async\" src=\"http:\/\/tours4you.online\/wp-content\/uploads\/2019\/01\/excursion-kaliakra-view.jpg\" style=\"width:100%\" alt=\" Balchik - Kap Kaliakra und &nbsp;K\u00fcstenfahrt \"\/><\/div><div class=\"ugb-feature-grid__content\"><h5 class=\"ugb-feature-grid__title\"> <strong>Balchik &#8211; Kap Kaliakra und &nbsp;K\u00fcstenfahrt<\/strong> <\/h5><p class=\"ugb-feature-grid__description\"> Im Botanischen Garten liegt die Sommerresidenz der rum\u00e4nischen K\u00f6nigin. Sie war von der pr\u00e4chtigen Landschaft und der malerischen K\u00fcste ausserordentlich begeistert&#8230; Lassen auch Sie sich davon begeistern und lernen Sie bei der Fahrt eine faszinierende Steilk\u00fcste kennen, deren bekanntestes Kap das sagenumwobene Kap Kaliakra ist. Erfahren Sie hier mehr und reservieren Sie den Ausflug online: <\/p><div><a class=\"ugb-button ugb-button--align-center ugb-button--size-normal\" href=\"https:\/\/tours4you.online\/de\/offer\/balchik-kaliakra-kuestenfahrt\/\" style=\"border-radius:1px;background-color:#3fa4e3;color:#ffffff\" target=\"_blank\" rel=\"noopener noreferrer\"><span class=\"ugb-button--inner\" style=\"color:#ffffff\">BOOK NOW!<\/span><\/a><\/div><\/div><\/div><div class=\"ugb-feature-grid__item ugb--shadow-5\" style=\"border-radius:20px\"><div class=\"ugb-feature-grid__image\"><img decoding=\"async\" src=\"http:\/\/tours4you.online\/wp-content\/uploads\/2021\/06\/day-on-a-boat.jpg\" style=\"width:100%\" alt=\" Kreuzfahrt in Baltschik \"\/><\/div><div class=\"ugb-feature-grid__content\"><h5 class=\"ugb-feature-grid__title\"> <strong>Kreuzfahrt in Baltschik<\/strong> <\/h5><p class=\"ugb-feature-grid__description\">Sch\u00f6ne Landschaft entlang der K\u00fcste vom Hafen! Genie\u00dfen Sie die Sommerbrise, Getr\u00e4nke und das Mittagessen an Bord. Buchen Sie online hier: <\/p><div><a class=\"ugb-button ugb-button--align-center ugb-button--size-normal\" href=\"https:\/\/tours4you.online\/de\/offer\/minikreuzfahrt\/\" style=\"border-radius:1px;background-color:#3fa4e3;color:#ffffff\" target=\"_blank\" rel=\"noopener noreferrer\"><span class=\"ugb-button--inner\" style=\"color:#ffffff\">BOOK NOW!<\/span><\/a><\/div><\/div><\/div><\/div>\n\n\n\n<div class=\"wp-block-ugb-feature ugb-feature ugb--background-opacity-5 ugb-feature--design-basic ugb-feature--content-left ugb--has-background ugb--shadow-5\" style=\"--image-size:400px;background-color:#ffe200;border-radius:20px\"><div class=\"ugb-content-wrapper\"><div class=\"ugb-feature__content\"><h2 class=\"ugb-feature__title\">Das Seebad Baltschik<\/h2><p class=\"ugb-feature__description\"><strong>Balchik<\/strong> ist einer der malerischsten Sommerverienorte in Bulgarien, der nicht so \u00fcberf\u00fcllt wie die gr\u00f6\u00dften Ferienorte an der Schwarzmeerk\u00fcste &#8211; Sonnenstrand und Goldstrand. Die kleine Stadt bietet einzigartige Attraktionen und Sehensw\u00fcrdigkeiten an, die Ihren Aufenthalt zu einem unvergesslichen Erlebnis verwandeln! Finden Sie hier alle Touren in der Umgebung und reservieren Sie online: <\/p><div><a class=\"ugb-button ugb-button--align-left ugb-button--size-normal\" href=\"about:blank\" style=\"border-radius:1px;background-color:#3fa4e3;color:#ffffff\"><span class=\"ugb-button--inner\" style=\"color:#ffffff\">BOOK NOW!<\/span><\/a><\/div><\/div><div class=\"ugb-feature__image-side\"><img decoding=\"async\" class=\"ugb-feature__image\" src=\"http:\/\/tours4you.online\/wp-content\/uploads\/2020\/11\/balchik-2.jpg\" alt=\"Das Seebad Baltschik\"\/><\/div><\/div><\/div>\n","protected":false},"excerpt":{"rendered":"<p>Das Seebad Baltschik, Bulgarien Baltschik ist einer der bekanntester Ferienorte an der n\u00f6rdlichen Schwarzmeerk\u00fcste Bulgariens. Er ist eine melerishe kleine Stadt und bietet viele Sehensw\u00fcrdigkeiten und Orte zu besuchen an, so wie viele Souvenierl\u00e4den, Caf\u00e9s, und Restaurants mit frisch gefangenem Fisch. Wie in jeder popul\u00e4ren Reiseziel, findet man in Balchik gem\u00fctliche Hotels und Unterkunftsm\u00f6glichkeiten. Die&#8230;<\/p>\n","protected":false},"author":1,"featured_media":0,"parent":280,"menu_order":0,"comment_status":"closed","ping_status":"closed","template":"","meta":{"_acf_changed":false,"footnotes":""},"class_list":["post-284","page","type-page","status-publish","hentry"],"acf":[],"yoast_head":"<!-- This site is optimized with the Yoast SEO plugin v23.6 - https:\/\/yoast.com\/wordpress\/plugins\/seo\/ -->\n<title>Baltschik - Tours 4 You<\/title>\n<meta name=\"description\" content=\"Der Urlaubsort Baltschik, Bulgarien. Tours4you.Online: finden Sie n\u00fctzliche Information \u00fcber Balchik - die besten Sehensw\u00fcrdigkeiten, Lage, Touren\" \/>\n<meta name=\"robots\" content=\"index, follow, max-snippet:-1, max-image-preview:large, max-video-preview:-1\" \/>\n<link rel=\"canonical\" href=\"https:\/\/tours4you.online\/de\/destinationen-schwarzmeerkueste\/balchik\/\" \/>\n<meta property=\"og:locale\" content=\"de_DE\" \/>\n<meta property=\"og:type\" content=\"article\" \/>\n<meta property=\"og:title\" content=\"Baltschik - Tours 4 You\" \/>\n<meta property=\"og:description\" content=\"Der Urlaubsort Baltschik, Bulgarien. Tours4you.Online: finden Sie n\u00fctzliche Information \u00fcber Balchik - die besten Sehensw\u00fcrdigkeiten, Lage, Touren\" \/>\n<meta property=\"og:url\" content=\"https:\/\/tours4you.online\/de\/destinationen-schwarzmeerkueste\/balchik\/\" \/>\n<meta property=\"og:site_name\" content=\"Tours 4 You\" \/>\n<meta property=\"article:modified_time\" content=\"2021-08-11T09:44:17+00:00\" \/>\n<meta property=\"og:image\" content=\"http:\/\/tours4you.online\/wp-content\/uploads\/2021\/02\/balchik-botanical-garden.jpg\" \/>\n<meta name=\"twitter:card\" content=\"summary_large_image\" \/>\n<meta name=\"twitter:label1\" content=\"Gesch\u00e4tzte Lesezeit\" \/>\n\t<meta name=\"twitter:data1\" content=\"3\u00a0Minuten\" \/>\n<script type=\"application\/ld+json\" class=\"yoast-schema-graph\">{\"@context\":\"https:\/\/schema.org\",\"@graph\":[{\"@type\":\"WebPage\",\"@id\":\"https:\/\/tours4you.online\/de\/destinationen-schwarzmeerkueste\/balchik\/\",\"url\":\"https:\/\/tours4you.online\/de\/destinationen-schwarzmeerkueste\/balchik\/\",\"name\":\"Baltschik - Tours 4 You\",\"isPartOf\":{\"@id\":\"https:\/\/tours4you.online\/de\/#website\"},\"primaryImageOfPage\":{\"@id\":\"https:\/\/tours4you.online\/de\/destinationen-schwarzmeerkueste\/balchik\/#primaryimage\"},\"image\":{\"@id\":\"https:\/\/tours4you.online\/de\/destinationen-schwarzmeerkueste\/balchik\/#primaryimage\"},\"thumbnailUrl\":\"http:\/\/tours4you.online\/wp-content\/uploads\/2021\/02\/balchik-botanical-garden.jpg\",\"datePublished\":\"2019-05-23T13:46:07+00:00\",\"dateModified\":\"2021-08-11T09:44:17+00:00\",\"description\":\"Der Urlaubsort Baltschik, Bulgarien. Tours4you.Online: finden Sie n\u00fctzliche Information \u00fcber Balchik - die besten Sehensw\u00fcrdigkeiten, Lage, Touren\",\"breadcrumb\":{\"@id\":\"https:\/\/tours4you.online\/de\/destinationen-schwarzmeerkueste\/balchik\/#breadcrumb\"},\"inLanguage\":\"de\",\"potentialAction\":[{\"@type\":\"ReadAction\",\"target\":[\"https:\/\/tours4you.online\/de\/destinationen-schwarzmeerkueste\/balchik\/\"]}]},{\"@type\":\"ImageObject\",\"inLanguage\":\"de\",\"@id\":\"https:\/\/tours4you.online\/de\/destinationen-schwarzmeerkueste\/balchik\/#primaryimage\",\"url\":\"http:\/\/tours4you.online\/wp-content\/uploads\/2021\/02\/balchik-botanical-garden.jpg\",\"contentUrl\":\"http:\/\/tours4you.online\/wp-content\/uploads\/2021\/02\/balchik-botanical-garden.jpg\"},{\"@type\":\"BreadcrumbList\",\"@id\":\"https:\/\/tours4you.online\/de\/destinationen-schwarzmeerkueste\/balchik\/#breadcrumb\",\"itemListElement\":[{\"@type\":\"ListItem\",\"position\":1,\"name\":\"Home\",\"item\":\"https:\/\/tours4you.online\/de\/\"},{\"@type\":\"ListItem\",\"position\":2,\"name\":\"Schwarzmeerk\u00fcste\",\"item\":\"https:\/\/tours4you.online\/de\/destinationen-schwarzmeerkueste\/\"},{\"@type\":\"ListItem\",\"position\":3,\"name\":\"Baltschik\"}]},{\"@type\":\"WebSite\",\"@id\":\"https:\/\/tours4you.online\/de\/#website\",\"url\":\"https:\/\/tours4you.online\/de\/\",\"name\":\"Tours 4 You\",\"description\":\"Tours 4 You\",\"publisher\":{\"@id\":\"https:\/\/tours4you.online\/de\/#organization\"},\"potentialAction\":[{\"@type\":\"SearchAction\",\"target\":{\"@type\":\"EntryPoint\",\"urlTemplate\":\"https:\/\/tours4you.online\/de\/?s={search_term_string}\"},\"query-input\":{\"@type\":\"PropertyValueSpecification\",\"valueRequired\":true,\"valueName\":\"search_term_string\"}}],\"inLanguage\":\"de\"},{\"@type\":\"Organization\",\"@id\":\"https:\/\/tours4you.online\/de\/#organization\",\"name\":\"Varna City Tour\",\"url\":\"https:\/\/tours4you.online\/de\/\",\"logo\":{\"@type\":\"ImageObject\",\"inLanguage\":\"de\",\"@id\":\"https:\/\/tours4you.online\/de\/#\/schema\/logo\/image\/\",\"url\":\"https:\/\/tours4you.online\/wp-content\/uploads\/2023\/12\/logo-t4u.png\",\"contentUrl\":\"https:\/\/tours4you.online\/wp-content\/uploads\/2023\/12\/logo-t4u.png\",\"width\":140,\"height\":60,\"caption\":\"Varna City Tour\"},\"image\":{\"@id\":\"https:\/\/tours4you.online\/de\/#\/schema\/logo\/image\/\"}}]}<\/script>\n<!-- \/ Yoast SEO plugin. -->","yoast_head_json":{"title":"Baltschik - Tours 4 You","description":"Der Urlaubsort Baltschik, Bulgarien. Tours4you.Online: finden Sie n\u00fctzliche Information \u00fcber Balchik - die besten Sehensw\u00fcrdigkeiten, Lage, Touren","robots":{"index":"index","follow":"follow","max-snippet":"max-snippet:-1","max-image-preview":"max-image-preview:large","max-video-preview":"max-video-preview:-1"},"canonical":"https:\/\/tours4you.online\/de\/destinationen-schwarzmeerkueste\/balchik\/","og_locale":"de_DE","og_type":"article","og_title":"Baltschik - Tours 4 You","og_description":"Der Urlaubsort Baltschik, Bulgarien. Tours4you.Online: finden Sie n\u00fctzliche Information \u00fcber Balchik - die besten Sehensw\u00fcrdigkeiten, Lage, Touren","og_url":"https:\/\/tours4you.online\/de\/destinationen-schwarzmeerkueste\/balchik\/","og_site_name":"Tours 4 You","article_modified_time":"2021-08-11T09:44:17+00:00","og_image":[{"url":"http:\/\/tours4you.online\/wp-content\/uploads\/2021\/02\/balchik-botanical-garden.jpg"}],"twitter_card":"summary_large_image","twitter_misc":{"Gesch\u00e4tzte Lesezeit":"3\u00a0Minuten"},"schema":{"@context":"https:\/\/schema.org","@graph":[{"@type":"WebPage","@id":"https:\/\/tours4you.online\/de\/destinationen-schwarzmeerkueste\/balchik\/","url":"https:\/\/tours4you.online\/de\/destinationen-schwarzmeerkueste\/balchik\/","name":"Baltschik - Tours 4 You","isPartOf":{"@id":"https:\/\/tours4you.online\/de\/#website"},"primaryImageOfPage":{"@id":"https:\/\/tours4you.online\/de\/destinationen-schwarzmeerkueste\/balchik\/#primaryimage"},"image":{"@id":"https:\/\/tours4you.online\/de\/destinationen-schwarzmeerkueste\/balchik\/#primaryimage"},"thumbnailUrl":"http:\/\/tours4you.online\/wp-content\/uploads\/2021\/02\/balchik-botanical-garden.jpg","datePublished":"2019-05-23T13:46:07+00:00","dateModified":"2021-08-11T09:44:17+00:00","description":"Der Urlaubsort Baltschik, Bulgarien. Tours4you.Online: finden Sie n\u00fctzliche Information \u00fcber Balchik - die besten Sehensw\u00fcrdigkeiten, Lage, Touren","breadcrumb":{"@id":"https:\/\/tours4you.online\/de\/destinationen-schwarzmeerkueste\/balchik\/#breadcrumb"},"inLanguage":"de","potentialAction":[{"@type":"ReadAction","target":["https:\/\/tours4you.online\/de\/destinationen-schwarzmeerkueste\/balchik\/"]}]},{"@type":"ImageObject","inLanguage":"de","@id":"https:\/\/tours4you.online\/de\/destinationen-schwarzmeerkueste\/balchik\/#primaryimage","url":"http:\/\/tours4you.online\/wp-content\/uploads\/2021\/02\/balchik-botanical-garden.jpg","contentUrl":"http:\/\/tours4you.online\/wp-content\/uploads\/2021\/02\/balchik-botanical-garden.jpg"},{"@type":"BreadcrumbList","@id":"https:\/\/tours4you.online\/de\/destinationen-schwarzmeerkueste\/balchik\/#breadcrumb","itemListElement":[{"@type":"ListItem","position":1,"name":"Home","item":"https:\/\/tours4you.online\/de\/"},{"@type":"ListItem","position":2,"name":"Schwarzmeerk\u00fcste","item":"https:\/\/tours4you.online\/de\/destinationen-schwarzmeerkueste\/"},{"@type":"ListItem","position":3,"name":"Baltschik"}]},{"@type":"WebSite","@id":"https:\/\/tours4you.online\/de\/#website","url":"https:\/\/tours4you.online\/de\/","name":"Tours 4 You","description":"Tours 4 You","publisher":{"@id":"https:\/\/tours4you.online\/de\/#organization"},"potentialAction":[{"@type":"SearchAction","target":{"@type":"EntryPoint","urlTemplate":"https:\/\/tours4you.online\/de\/?s={search_term_string}"},"query-input":{"@type":"PropertyValueSpecification","valueRequired":true,"valueName":"search_term_string"}}],"inLanguage":"de"},{"@type":"Organization","@id":"https:\/\/tours4you.online\/de\/#organization","name":"Varna City Tour","url":"https:\/\/tours4you.online\/de\/","logo":{"@type":"ImageObject","inLanguage":"de","@id":"https:\/\/tours4you.online\/de\/#\/schema\/logo\/image\/","url":"https:\/\/tours4you.online\/wp-content\/uploads\/2023\/12\/logo-t4u.png","contentUrl":"https:\/\/tours4you.online\/wp-content\/uploads\/2023\/12\/logo-t4u.png","width":140,"height":60,"caption":"Varna City Tour"},"image":{"@id":"https:\/\/tours4you.online\/de\/#\/schema\/logo\/image\/"}}]}},"_links":{"self":[{"href":"https:\/\/tours4you.online\/de\/wp-json\/wp\/v2\/pages\/284","targetHints":{"allow":["GET"]}}],"collection":[{"href":"https:\/\/tours4you.online\/de\/wp-json\/wp\/v2\/pages"}],"about":[{"href":"https:\/\/tours4you.online\/de\/wp-json\/wp\/v2\/types\/page"}],"author":[{"embeddable":true,"href":"https:\/\/tours4you.online\/de\/wp-json\/wp\/v2\/users\/1"}],"replies":[{"embeddable":true,"href":"https:\/\/tours4you.online\/de\/wp-json\/wp\/v2\/comments?post=284"}],"version-history":[{"count":0,"href":"https:\/\/tours4you.online\/de\/wp-json\/wp\/v2\/pages\/284\/revisions"}],"up":[{"embeddable":true,"href":"https:\/\/tours4you.online\/de\/wp-json\/wp\/v2\/pages\/280"}],"wp:attachment":[{"href":"https:\/\/tours4you.online\/de\/wp-json\/wp\/v2\/media?parent=284"}],"curies":[{"name":"wp","href":"https:\/\/api.w.org\/{rel}","templated":true}]}}