{"id":282,"date":"2019-05-23T13:45:43","date_gmt":"2019-05-23T13:45:43","guid":{"rendered":"http:\/\/tours4you.online\/?page_id=282"},"modified":"2022-04-08T12:34:58","modified_gmt":"2022-04-08T12:34:58","slug":"albena","status":"publish","type":"page","link":"https:\/\/tours4you.online\/de\/destinationen-schwarzmeerkueste\/albena\/","title":{"rendered":"Albena"},"content":{"rendered":"\n<h2 class=\"wp-block-heading\" style=\"text-align:center\">Das Seebad Albena, Bulgarien<\/h2>\n\n\n\n<p>Das Seebad Albena ist wie ein sch\u00f6nes M\u00e4rchen, begonnen von ein paar Staatsm\u00e4nnern und zu Ende geschrieben von unz\u00e4hligen Touristen, die es zuerst gesehen und erst dann zu Hause davon erz\u00e4hlt haben.<\/p>\n\n\n\n<p>Albena ist ein Urlaubsort von geschlossenem Typ. Eingebettet zwischen dem Schwarzen Meer, dem kleinen Fluss Batova und der Hochebene von Dobrudsha liegt es gut 30 km n\u00f6rdlich von Varna. Die flache Meeresk\u00fcste, der sch\u00f6ne Sandstreifen, die exotische Vegetation im kleinen Park Baltata und das angenehme Klima sind beste Voraussetzungen f\u00fcr die Entwicklung des Tourismus hier, das Albena in einem beliebten Urlaubsziel f\u00fcr jeden, besonders f\u00fcr Familien mit Kindern und Rentner verwandeln.<\/p>\n\n\n\n<p>Mit dem Entwurf des Seebades Albena wurde der bulgarische Architekt Nikoli Nenov beauftragt. Anfang 1967 wurde beschlossen, das Seebad sollte den Namen Albena erhalten, nach der gleichnamigen Erz\u00e4hlung eines bulgarischen Schriftstellers namens Yordan Yovkov, der um die vorletzte Jahrhundertwende lebte. Es wird vermutet, dass der Name vom lateinischen Wort \u201eAlbus\u201d kommt und \u201cWeiss\u201d bedeutet.<\/p>\n\n\n\n<ul class=\"wp-block-gallery columns-2 is-cropped wp-block-gallery-1 is-layout-flex wp-block-gallery-is-layout-flex\"><li class=\"blocks-gallery-item\"><figure><img loading=\"lazy\" decoding=\"async\" width=\"1024\" height=\"572\" src=\"http:\/\/tours4you.online\/wp-content\/uploads\/2019\/07\/das-seebad-albena-1024x572.jpg\" alt=\"Beach Albena\" data-id=\"668\" class=\"wp-image-668\" srcset=\"https:\/\/tours4you.online\/wp-content\/uploads\/2019\/07\/das-seebad-albena-1024x572.jpg 1024w, https:\/\/tours4you.online\/wp-content\/uploads\/2019\/07\/das-seebad-albena-300x168.jpg 300w, https:\/\/tours4you.online\/wp-content\/uploads\/2019\/07\/das-seebad-albena-768x429.jpg 768w, https:\/\/tours4you.online\/wp-content\/uploads\/2019\/07\/das-seebad-albena.jpg 1284w\" sizes=\"auto, (max-width: 1024px) 100vw, 1024px\" \/><figcaption>Albena<\/figcaption><\/figure><\/li><li class=\"blocks-gallery-item\"><figure><img loading=\"lazy\" decoding=\"async\" width=\"640\" height=\"428\" src=\"http:\/\/tours4you.online\/wp-content\/uploads\/2021\/02\/aqua-park-bulgaria.jpg\" alt=\"\" data-id=\"1866\" data-link=\"https:\/\/tours4you.online\/destinationen-schwarzmeerkueste\/albena\/aqua-park-bulgaria\/\" class=\"wp-image-1866\" srcset=\"https:\/\/tours4you.online\/wp-content\/uploads\/2021\/02\/aqua-park-bulgaria.jpg 640w, https:\/\/tours4you.online\/wp-content\/uploads\/2021\/02\/aqua-park-bulgaria-300x201.jpg 300w, https:\/\/tours4you.online\/wp-content\/uploads\/2021\/02\/aqua-park-bulgaria-600x400.jpg 600w, https:\/\/tours4you.online\/wp-content\/uploads\/2021\/02\/aqua-park-bulgaria-150x100.jpg 150w\" sizes=\"auto, (max-width: 640px) 100vw, 640px\" \/><figcaption>Aquapark<\/figcaption><\/figure><\/li><\/ul>\n\n\n\n<p>Der Aufbau von Albena verlief in insgesamt 7 Etappen. In der ersten werden nur 9 Hotels, 4 Restaurants und 2 Lokale errichtet. Gleich danach, im August 1969, erfolgte vor dem Hotel \u201cDorostor\u201d die offizielle Er\u00f6ffnung des Seebades. Die ersten G\u00e4ste aus dem Ausland kamen aus der Tschechoslowakei. In den Jahren danach kamen immer mehr Hotels dazu. 1978 bekamm das Seebad die heutigen Ausma\u00dfe und war stolz auf seine 40 Hotels f\u00fcr fast 13&nbsp;000 G\u00e4ste. Das h\u00f6chste Haus im Ort kam erst sp\u00e4ter hinzu. Seine ersten G\u00e4ste empf\u00e4ngt das gut 90 m hohe Gebaude im Juli 1983. Das Hotel \u201cDobrudsha\u201d tr\u00e4gt entscheidend dazu bei, dass in Albena die Balneologie entwickelt wurde. Die beste 5-Sterne Hotels in Albena, die wir Ihnen empfehlen sind Flamingo &amp; SPA Grand und Paradise Blue.<\/p>\n\n\n\n<h3 class=\"wp-block-heading\" style=\"text-align:center\">Die Lage von Albena<\/h3>\n\n\n\n<p>Albena ist ein kleines St\u00fcck vom Eden, das sich im Nordosten Bulgariens befindet. Der Sommerferienort ist \u201cversteckt\u201d zwischen gr\u00fcnen W\u00e4ldern und sonnige Str\u00e4nden und ist sehr leicht erreichbar wegen der N\u00e4he mit dem Internationalen Flughafen Varna, der nur 39 km entfernt ist. <a href=\"http:\/\/www.bulgarientransfers.de\/\" target=\"_blank\" rel=\"noopener noreferrer\">Finden Sie hier die beste Preise f\u00fcr Flughafentransfer nach Albena<\/a>. In der gegend kan man andere interesante Badeorte besuchen: Balchik ist nur 8 km entfernt; <a href=\"https:\/\/tours4you.online\/de\/destinationen-schwarzmeerkueste\/goldstrand\/\" target=\"_blank\" rel=\"noopener noreferrer\">Goldstrand<\/a> \u2013 13 km, und die Stadt von Varna \u2013 30 km s\u00fcdlich entfernt.<\/p>\n\n\n\n<h3 class=\"wp-block-heading\" style=\"text-align:center\">Was zu tun in Albena<\/h3>\n\n\n\n<h4 class=\"wp-block-heading\">&#8211; <strong>Sommerurlaub am Strand<\/strong><\/h4>\n\n\n\n<p>Der Urlaubsort hat einige der besten Str\u00e4nde Bulgariens, mit feinem goldenem Sand bedeckten. Erholung am Strand ist Ihre gr\u00fcndliche Besch\u00e4ftigung im Sommer, aber der Badeort biete mehr Aktivit\u00e4ten und M\u00f6glichkeiten an: <strong>Strandbibliothek<\/strong> (die erste in Europa), die im 2013 Jahr er\u00f6ffnet wurde. Es hat \u00fcber 6000 B\u00fccher (in 15 Sprachen), die man kostenlos ausleihen kann. Sie k\u00f6nnen Ihre eigenen B\u00fccher in der Bibliothek lassen und den Kulturaustausch ermutigen, und die Literatur Ihres Landes den anderen Touristen vorzulegen.<\/p>\n\n\n\n<h4 class=\"wp-block-heading\">&#8211; Aquapark besuchen<\/h4>\n\n\n\n<p>Wenn Sie nach mehr Spa\u00df und Adrenalin zu erleben suchen, ist <a rel=\"noopener noreferrer\" href=\"http:\/\/albena.bg\/de\/pages\/aquapark.html\" target=\"_blank\">Wasserpark \u201cAquamania\u201d<\/a>&nbsp; ein guter Ort, nicht nur f\u00fcr Kinder, sondern auch f\u00fcr Jugendliche und Erwachsene.<\/p>\n\n\n\n<h4 class=\"wp-block-heading\">&#8211; Sport in Albena<\/h4>\n\n\n\n<p>Weitere Vorteile des Badeorts Albena sind die guten Sportanlagen. <strong>\u201cSport Center Albena\u201d<\/strong> bietet einige der gr\u00f6\u00dften Sport- und Freizeitm\u00f6glichkeiten in diesem Teil der Welt an. Man kann vershiedene Aktivit\u00e4ten wie Fu\u00dfball, Tennis, Wassersporten (Surfen, Windsurfen, Wasserski, Kajakfahren usw.), Strand-Golf, -Tennis, -Fu\u00dfball und Volleyball, oder Yoga an Strand probieren. Einige der besten Golfpl\u00e4tze in Bulgarien befinden sich in der Umgebung: \u201cBlack Sea Rama\u201d, \u201cLighthouse Golf Resort\u201d und \u201cThracian Cliffs\u201d.<\/p>\n\n\n\n<h4 class=\"wp-block-heading\">&#8211; SPA Urlaub<\/h4>\n\n\n\n<p>Wegen der einzigartigen Kombination von herrlichem Sand, frischer Luftbrise und Mineralwasser, bietet Albena perfekte Bedingungen f\u00fcr <strong>Wellnessurlaub<\/strong> an!<\/p>\n\n\n\n<h4 class=\"wp-block-heading\">&#8211; Naturshutzgebiet besuchen<\/h4>\n\n\n\n<p>Der Badeort ist auch f\u00fcr das kleine <strong>Naturschutzgebiet &#8222;Baltata&#8220;<\/strong> bekannt, wo stille Wege zum Flanieren einladen, wobei man noch die gr\u00fcne Natur so richtig geniessen kann. <span>Der Park ist einzigartig f\u00fcr Europa mit seinen zahlreichen Pflanzen und typischen Tieren. <\/span><\/p>\n\n\n\n<p><em>Lesen Sie mehr in unsere Blog: <a href=\"https:\/\/tours4you.online\/de\/top-5-der-besten-sehenswuerdigkeiten-in-albena-bulgarien\/\" target=\"_blank\" rel=\"noreferrer noopener\" aria-label=\"TOP 5 der besten Sehensw\u00fcrdigkeiten in Albena: (opens in a new tab)\">TOP 5 der besten Sehensw\u00fcrdigkeiten in Albena:<\/a><\/em><\/p>\n\n\n\n<h3 class=\"wp-block-heading\" style=\"text-align:center\">Die beste Ausfl\u00fcge in der N\u00e4he von Albena:<\/h3>\n\n\n\n<div class=\"wp-block-ugb-feature-grid ugb-feature-grid ugb-feature-grid--columns-3\"><div class=\"ugb-feature-grid__item ugb--shadow-5\" style=\"border-radius:20px\"><div class=\"ugb-feature-grid__image\"><img decoding=\"async\" src=\"http:\/\/tours4you.online\/wp-content\/uploads\/2019\/01\/cape-kaliakra-black-sea-coast-view.jpg\" style=\"width:100%\" alt=\" Balchik - Kaliakra und Kuestenfahrt \"\/><\/div><div class=\"ugb-feature-grid__content\"><h5 class=\"ugb-feature-grid__title\"> <strong>Balchik &#8211; Kaliakra und Kuestenfahrt<\/strong> <\/h5><p class=\"ugb-feature-grid__description\">In der N\u00e4he von Albena k\u00f6nnen Sie den Botanischen Garten in Balchik und die unglaubliche Landschaft vom Kap \u201eKaliakra\u201c genie\u00dfen. Eigentlich ist die ganze Natur herum wundersch\u00f6n! Bei der Fahrt in der Gegend, kann man nicht gleichg\u00fcltig bleiben, hier erwarten Sie atemberaubende Lavendel-, Sonnenblumen- und gr\u00fcne Felder! Buchen Sie online hier: <\/p><div><a class=\"ugb-button ugb-button--align-center ugb-button--size-normal\" href=\"https:\/\/tours4you.online\/de\/offer\/balchik-kaliakra-kuestenfahrt\/\" style=\"border-radius:1px;background-color:#3fa4e3;color:#ffffff\" target=\"_blank\" rel=\"noopener noreferrer\"><span class=\"ugb-button--inner\" style=\"color:#ffffff\">BOOK NOW!<\/span><\/a><\/div><\/div><\/div><div class=\"ugb-feature-grid__item ugb--shadow-5\" style=\"border-radius:20px\"><div class=\"ugb-feature-grid__image\"><img decoding=\"async\" src=\"http:\/\/tours4you.online\/wp-content\/uploads\/2021\/02\/golden-sands-bar.jpg\" style=\"width:100%\" alt=\" Goldstrand Panorama \"\/><\/div><div class=\"ugb-feature-grid__content\"><h5 class=\"ugb-feature-grid__title\"> <strong>Goldstrand Panorama<\/strong> <\/h5><p class=\"ugb-feature-grid__description\"> Erkundigen Sie das Nachtleben des beliebten Ferienortes an der n\u00f6rdlichen Schwarzmeerk\u00fcste! <\/p><div><a class=\"ugb-button ugb-button--align-center ugb-button--size-normal\" href=\"https:\/\/tours4you.online\/de\/destination\/albena-de\/\" style=\"border-radius:1px;background-color:#3fa4e3;color:#ffffff\" target=\"_blank\" rel=\"noopener noreferrer\"><span class=\"ugb-button--inner\" style=\"color:#ffffff\">BOOK NOW!<\/span><\/a><\/div><\/div><\/div><div class=\"ugb-feature-grid__item ugb--shadow-5\" style=\"border-radius:20px\"><div class=\"ugb-feature-grid__image\"><img decoding=\"async\" src=\"http:\/\/tours4you.online\/wp-content\/uploads\/2020\/08\/yacht-shaman-balchik.jpg\" style=\"width:100%\" alt=\" Minikreuzfahrt Premium Yacht \"\/><\/div><div class=\"ugb-feature-grid__content\"><h5 class=\"ugb-feature-grid__title\"> <strong>Minikreuzfahrt Premium Yacht<\/strong> <\/h5><p class=\"ugb-feature-grid__description\"> Genie\u00dfen Sie die sch\u00f6ne Aussicht auf Baltschik von einem Boot aus! Finden Sie mehr hier und buchen Sie online: <\/p><div><a class=\"ugb-button ugb-button--align-center ugb-button--size-normal\" href=\"https:\/\/tours4you.online\/de\/offer\/minikreuzfahrt\/\" style=\"border-radius:1px;background-color:#3fa4e3;color:#ffffff\" target=\"_blank\" rel=\"noopener noreferrer\"><span class=\"ugb-button--inner\" style=\"color:#ffffff\">BOOK NOW!<\/span><\/a><\/div><\/div><\/div><\/div>\n\n\n\n<div class=\"wp-block-ugb-feature ugb-feature ugb--background-opacity-5 ugb-feature--design-basic ugb-feature--content-left ugb--has-background ugb--shadow-5\" style=\"--image-size:400px;background-color:#ffe200;border-radius:20px\"><div class=\"ugb-content-wrapper\"><div class=\"ugb-feature__content\"><h2 class=\"ugb-feature__title\"> Das Seebad Albena <\/h2><p class=\"ugb-feature__description\"> Seit 50 Jahren ist<strong> Albena<\/strong> der beliebteste Sommerferienort f\u00fcr viele Leute, wegen seiner perfekten Str\u00e4nde, sch\u00f6nen Natur und guten Einrichtungen und Annehmlichkeiten f\u00fcr Tourismus. Falls Sie Ihren Sommerurlaub in Albena verbringen werden, finden Sie hier unsere Ausfl\u00fcge: <\/p><div><a class=\"ugb-button ugb-button--align-left ugb-button--size-normal\" href=\"https:\/\/tours4you.online\/de\/destination\/albena-de\/\" style=\"border-radius:1px;background-color:#3fa4e3;color:#ffffff\"><span class=\"ugb-button--inner\" style=\"color:#ffffff\">BOOK NOW!<\/span><\/a><\/div><\/div><div class=\"ugb-feature__image-side\"><img decoding=\"async\" class=\"ugb-feature__image\" src=\"http:\/\/tours4you.online\/wp-content\/uploads\/2019\/07\/das-seebad-albena.jpg\" alt=\" Das Seebad Albena \"\/><\/div><\/div><\/div>\n","protected":false},"excerpt":{"rendered":"<p>Das Seebad Albena, Bulgarien Das Seebad Albena ist wie ein sch\u00f6nes M\u00e4rchen, begonnen von ein paar Staatsm\u00e4nnern und zu Ende geschrieben von unz\u00e4hligen Touristen, die es zuerst gesehen und erst dann zu Hause davon erz\u00e4hlt haben. Albena ist ein Urlaubsort von geschlossenem Typ. Eingebettet zwischen dem Schwarzen Meer, dem kleinen Fluss Batova und der Hochebene&#8230;<\/p>\n","protected":false},"author":1,"featured_media":0,"parent":280,"menu_order":0,"comment_status":"closed","ping_status":"closed","template":"","meta":{"_acf_changed":false,"footnotes":""},"class_list":["post-282","page","type-page","status-publish","hentry"],"acf":[],"yoast_head":"<!-- This site is optimized with the Yoast SEO plugin v23.6 - https:\/\/yoast.com\/wordpress\/plugins\/seo\/ -->\n<title>Albena - Tours 4 You<\/title>\n<meta name=\"description\" content=\"Das Seebad Albena, Bulgarien - Tours4You.Online: Erfahren Sie mehr \u00fcber die Lage, Sehensw\u00fcrdigkeiten und Ausfl\u00fcge in der N\u00e4he von Albena:\" \/>\n<meta name=\"robots\" content=\"index, follow, max-snippet:-1, max-image-preview:large, max-video-preview:-1\" \/>\n<link rel=\"canonical\" href=\"https:\/\/tours4you.online\/de\/destinationen-schwarzmeerkueste\/albena\/\" \/>\n<meta property=\"og:locale\" content=\"de_DE\" \/>\n<meta property=\"og:type\" content=\"article\" \/>\n<meta property=\"og:title\" content=\"Albena - Tours 4 You\" \/>\n<meta property=\"og:description\" content=\"Das Seebad Albena, Bulgarien - Tours4You.Online: Erfahren Sie mehr \u00fcber die Lage, Sehensw\u00fcrdigkeiten und Ausfl\u00fcge in der N\u00e4he von Albena:\" \/>\n<meta property=\"og:url\" content=\"https:\/\/tours4you.online\/de\/destinationen-schwarzmeerkueste\/albena\/\" \/>\n<meta property=\"og:site_name\" content=\"Tours 4 You\" \/>\n<meta property=\"article:modified_time\" content=\"2022-04-08T12:34:58+00:00\" \/>\n<meta property=\"og:image\" content=\"http:\/\/tours4you.online\/wp-content\/uploads\/2019\/07\/das-seebad-albena-1024x572.jpg\" \/>\n<meta name=\"twitter:card\" content=\"summary_large_image\" \/>\n<meta name=\"twitter:label1\" content=\"Gesch\u00e4tzte Lesezeit\" \/>\n\t<meta name=\"twitter:data1\" content=\"4\u00a0Minuten\" \/>\n<script type=\"application\/ld+json\" class=\"yoast-schema-graph\">{\"@context\":\"https:\/\/schema.org\",\"@graph\":[{\"@type\":\"WebPage\",\"@id\":\"https:\/\/tours4you.online\/de\/destinationen-schwarzmeerkueste\/albena\/\",\"url\":\"https:\/\/tours4you.online\/de\/destinationen-schwarzmeerkueste\/albena\/\",\"name\":\"Albena - Tours 4 You\",\"isPartOf\":{\"@id\":\"https:\/\/tours4you.online\/de\/#website\"},\"primaryImageOfPage\":{\"@id\":\"https:\/\/tours4you.online\/de\/destinationen-schwarzmeerkueste\/albena\/#primaryimage\"},\"image\":{\"@id\":\"https:\/\/tours4you.online\/de\/destinationen-schwarzmeerkueste\/albena\/#primaryimage\"},\"thumbnailUrl\":\"http:\/\/tours4you.online\/wp-content\/uploads\/2019\/07\/das-seebad-albena-1024x572.jpg\",\"datePublished\":\"2019-05-23T13:45:43+00:00\",\"dateModified\":\"2022-04-08T12:34:58+00:00\",\"description\":\"Das Seebad Albena, Bulgarien - Tours4You.Online: Erfahren Sie mehr \u00fcber die Lage, Sehensw\u00fcrdigkeiten und Ausfl\u00fcge in der N\u00e4he von Albena:\",\"breadcrumb\":{\"@id\":\"https:\/\/tours4you.online\/de\/destinationen-schwarzmeerkueste\/albena\/#breadcrumb\"},\"inLanguage\":\"de\",\"potentialAction\":[{\"@type\":\"ReadAction\",\"target\":[\"https:\/\/tours4you.online\/de\/destinationen-schwarzmeerkueste\/albena\/\"]}]},{\"@type\":\"ImageObject\",\"inLanguage\":\"de\",\"@id\":\"https:\/\/tours4you.online\/de\/destinationen-schwarzmeerkueste\/albena\/#primaryimage\",\"url\":\"http:\/\/tours4you.online\/wp-content\/uploads\/2019\/07\/das-seebad-albena-1024x572.jpg\",\"contentUrl\":\"http:\/\/tours4you.online\/wp-content\/uploads\/2019\/07\/das-seebad-albena-1024x572.jpg\"},{\"@type\":\"BreadcrumbList\",\"@id\":\"https:\/\/tours4you.online\/de\/destinationen-schwarzmeerkueste\/albena\/#breadcrumb\",\"itemListElement\":[{\"@type\":\"ListItem\",\"position\":1,\"name\":\"Home\",\"item\":\"https:\/\/tours4you.online\/de\/\"},{\"@type\":\"ListItem\",\"position\":2,\"name\":\"Schwarzmeerk\u00fcste\",\"item\":\"https:\/\/tours4you.online\/de\/destinationen-schwarzmeerkueste\/\"},{\"@type\":\"ListItem\",\"position\":3,\"name\":\"Albena\"}]},{\"@type\":\"WebSite\",\"@id\":\"https:\/\/tours4you.online\/de\/#website\",\"url\":\"https:\/\/tours4you.online\/de\/\",\"name\":\"Tours 4 You\",\"description\":\"Tours 4 You\",\"publisher\":{\"@id\":\"https:\/\/tours4you.online\/de\/#organization\"},\"potentialAction\":[{\"@type\":\"SearchAction\",\"target\":{\"@type\":\"EntryPoint\",\"urlTemplate\":\"https:\/\/tours4you.online\/de\/?s={search_term_string}\"},\"query-input\":{\"@type\":\"PropertyValueSpecification\",\"valueRequired\":true,\"valueName\":\"search_term_string\"}}],\"inLanguage\":\"de\"},{\"@type\":\"Organization\",\"@id\":\"https:\/\/tours4you.online\/de\/#organization\",\"name\":\"Varna City Tour\",\"url\":\"https:\/\/tours4you.online\/de\/\",\"logo\":{\"@type\":\"ImageObject\",\"inLanguage\":\"de\",\"@id\":\"https:\/\/tours4you.online\/de\/#\/schema\/logo\/image\/\",\"url\":\"https:\/\/tours4you.online\/wp-content\/uploads\/2023\/12\/logo-t4u.png\",\"contentUrl\":\"https:\/\/tours4you.online\/wp-content\/uploads\/2023\/12\/logo-t4u.png\",\"width\":140,\"height\":60,\"caption\":\"Varna City Tour\"},\"image\":{\"@id\":\"https:\/\/tours4you.online\/de\/#\/schema\/logo\/image\/\"}}]}<\/script>\n<!-- \/ Yoast SEO plugin. -->","yoast_head_json":{"title":"Albena - Tours 4 You","description":"Das Seebad Albena, Bulgarien - Tours4You.Online: Erfahren Sie mehr \u00fcber die Lage, Sehensw\u00fcrdigkeiten und Ausfl\u00fcge in der N\u00e4he von Albena:","robots":{"index":"index","follow":"follow","max-snippet":"max-snippet:-1","max-image-preview":"max-image-preview:large","max-video-preview":"max-video-preview:-1"},"canonical":"https:\/\/tours4you.online\/de\/destinationen-schwarzmeerkueste\/albena\/","og_locale":"de_DE","og_type":"article","og_title":"Albena - Tours 4 You","og_description":"Das Seebad Albena, Bulgarien - Tours4You.Online: Erfahren Sie mehr \u00fcber die Lage, Sehensw\u00fcrdigkeiten und Ausfl\u00fcge in der N\u00e4he von Albena:","og_url":"https:\/\/tours4you.online\/de\/destinationen-schwarzmeerkueste\/albena\/","og_site_name":"Tours 4 You","article_modified_time":"2022-04-08T12:34:58+00:00","og_image":[{"url":"http:\/\/tours4you.online\/wp-content\/uploads\/2019\/07\/das-seebad-albena-1024x572.jpg"}],"twitter_card":"summary_large_image","twitter_misc":{"Gesch\u00e4tzte Lesezeit":"4\u00a0Minuten"},"schema":{"@context":"https:\/\/schema.org","@graph":[{"@type":"WebPage","@id":"https:\/\/tours4you.online\/de\/destinationen-schwarzmeerkueste\/albena\/","url":"https:\/\/tours4you.online\/de\/destinationen-schwarzmeerkueste\/albena\/","name":"Albena - Tours 4 You","isPartOf":{"@id":"https:\/\/tours4you.online\/de\/#website"},"primaryImageOfPage":{"@id":"https:\/\/tours4you.online\/de\/destinationen-schwarzmeerkueste\/albena\/#primaryimage"},"image":{"@id":"https:\/\/tours4you.online\/de\/destinationen-schwarzmeerkueste\/albena\/#primaryimage"},"thumbnailUrl":"http:\/\/tours4you.online\/wp-content\/uploads\/2019\/07\/das-seebad-albena-1024x572.jpg","datePublished":"2019-05-23T13:45:43+00:00","dateModified":"2022-04-08T12:34:58+00:00","description":"Das Seebad Albena, Bulgarien - Tours4You.Online: Erfahren Sie mehr \u00fcber die Lage, Sehensw\u00fcrdigkeiten und Ausfl\u00fcge in der N\u00e4he von Albena:","breadcrumb":{"@id":"https:\/\/tours4you.online\/de\/destinationen-schwarzmeerkueste\/albena\/#breadcrumb"},"inLanguage":"de","potentialAction":[{"@type":"ReadAction","target":["https:\/\/tours4you.online\/de\/destinationen-schwarzmeerkueste\/albena\/"]}]},{"@type":"ImageObject","inLanguage":"de","@id":"https:\/\/tours4you.online\/de\/destinationen-schwarzmeerkueste\/albena\/#primaryimage","url":"http:\/\/tours4you.online\/wp-content\/uploads\/2019\/07\/das-seebad-albena-1024x572.jpg","contentUrl":"http:\/\/tours4you.online\/wp-content\/uploads\/2019\/07\/das-seebad-albena-1024x572.jpg"},{"@type":"BreadcrumbList","@id":"https:\/\/tours4you.online\/de\/destinationen-schwarzmeerkueste\/albena\/#breadcrumb","itemListElement":[{"@type":"ListItem","position":1,"name":"Home","item":"https:\/\/tours4you.online\/de\/"},{"@type":"ListItem","position":2,"name":"Schwarzmeerk\u00fcste","item":"https:\/\/tours4you.online\/de\/destinationen-schwarzmeerkueste\/"},{"@type":"ListItem","position":3,"name":"Albena"}]},{"@type":"WebSite","@id":"https:\/\/tours4you.online\/de\/#website","url":"https:\/\/tours4you.online\/de\/","name":"Tours 4 You","description":"Tours 4 You","publisher":{"@id":"https:\/\/tours4you.online\/de\/#organization"},"potentialAction":[{"@type":"SearchAction","target":{"@type":"EntryPoint","urlTemplate":"https:\/\/tours4you.online\/de\/?s={search_term_string}"},"query-input":{"@type":"PropertyValueSpecification","valueRequired":true,"valueName":"search_term_string"}}],"inLanguage":"de"},{"@type":"Organization","@id":"https:\/\/tours4you.online\/de\/#organization","name":"Varna City Tour","url":"https:\/\/tours4you.online\/de\/","logo":{"@type":"ImageObject","inLanguage":"de","@id":"https:\/\/tours4you.online\/de\/#\/schema\/logo\/image\/","url":"https:\/\/tours4you.online\/wp-content\/uploads\/2023\/12\/logo-t4u.png","contentUrl":"https:\/\/tours4you.online\/wp-content\/uploads\/2023\/12\/logo-t4u.png","width":140,"height":60,"caption":"Varna City Tour"},"image":{"@id":"https:\/\/tours4you.online\/de\/#\/schema\/logo\/image\/"}}]}},"_links":{"self":[{"href":"https:\/\/tours4you.online\/de\/wp-json\/wp\/v2\/pages\/282","targetHints":{"allow":["GET"]}}],"collection":[{"href":"https:\/\/tours4you.online\/de\/wp-json\/wp\/v2\/pages"}],"about":[{"href":"https:\/\/tours4you.online\/de\/wp-json\/wp\/v2\/types\/page"}],"author":[{"embeddable":true,"href":"https:\/\/tours4you.online\/de\/wp-json\/wp\/v2\/users\/1"}],"replies":[{"embeddable":true,"href":"https:\/\/tours4you.online\/de\/wp-json\/wp\/v2\/comments?post=282"}],"version-history":[{"count":0,"href":"https:\/\/tours4you.online\/de\/wp-json\/wp\/v2\/pages\/282\/revisions"}],"up":[{"embeddable":true,"href":"https:\/\/tours4you.online\/de\/wp-json\/wp\/v2\/pages\/280"}],"wp:attachment":[{"href":"https:\/\/tours4you.online\/de\/wp-json\/wp\/v2\/media?parent=282"}],"curies":[{"name":"wp","href":"https:\/\/api.w.org\/{rel}","templated":true}]}}