{"id":280,"date":"2019-05-23T13:45:08","date_gmt":"2019-05-23T13:45:08","guid":{"rendered":"http:\/\/tours4you.online\/?page_id=280"},"modified":"2019-08-01T11:45:53","modified_gmt":"2019-08-01T11:45:53","slug":"destinationen-schwarzmeerkueste","status":"publish","type":"page","link":"https:\/\/tours4you.online\/de\/destinationen-schwarzmeerkueste\/","title":{"rendered":"Schwarzmeerk\u00fcste"},"content":{"rendered":"","protected":false},"excerpt":{"rendered":"","protected":false},"author":1,"featured_media":0,"parent":0,"menu_order":0,"comment_status":"closed","ping_status":"closed","template":"","meta":{"_acf_changed":false,"footnotes":""},"class_list":["post-280","page","type-page","status-publish","hentry"],"acf":[],"yoast_head":"<!-- This site is optimized with the Yoast SEO plugin v23.6 - https:\/\/yoast.com\/wordpress\/plugins\/seo\/ -->\n<title>Schwarzmeerk\u00fcste - Tours 4 You<\/title>\n<meta name=\"description\" content=\"Alle Reiseziele und Destinationen, die wir an der Schwarzmeerk\u00fcste bedienen - Tours4You.Online: Buchen Sie hier Ihre Reisen und Ausfl\u00fcge in Bulgarien\" \/>\n<meta name=\"robots\" content=\"index, follow, max-snippet:-1, max-image-preview:large, max-video-preview:-1\" \/>\n<link rel=\"canonical\" href=\"https:\/\/tours4you.online\/de\/destinationen-schwarzmeerkueste\/\" \/>\n<meta property=\"og:locale\" content=\"de_DE\" \/>\n<meta property=\"og:type\" content=\"article\" \/>\n<meta property=\"og:title\" content=\"Schwarzmeerk\u00fcste - Tours 4 You\" \/>\n<meta property=\"og:description\" content=\"Alle Reiseziele und Destinationen, die wir an der Schwarzmeerk\u00fcste bedienen - Tours4You.Online: Buchen Sie hier Ihre Reisen und Ausfl\u00fcge in Bulgarien\" \/>\n<meta property=\"og:url\" content=\"https:\/\/tours4you.online\/de\/destinationen-schwarzmeerkueste\/\" \/>\n<meta property=\"og:site_name\" content=\"Tours 4 You\" \/>\n<meta property=\"article:modified_time\" content=\"2019-08-01T11:45:53+00:00\" \/>\n<meta name=\"twitter:card\" content=\"summary_large_image\" \/>\n<script type=\"application\/ld+json\" class=\"yoast-schema-graph\">{\"@context\":\"https:\/\/schema.org\",\"@graph\":[{\"@type\":\"WebPage\",\"@id\":\"https:\/\/tours4you.online\/de\/destinationen-schwarzmeerkueste\/\",\"url\":\"https:\/\/tours4you.online\/de\/destinationen-schwarzmeerkueste\/\",\"name\":\"Schwarzmeerk\u00fcste - Tours 4 You\",\"isPartOf\":{\"@id\":\"https:\/\/tours4you.online\/de\/#website\"},\"datePublished\":\"2019-05-23T13:45:08+00:00\",\"dateModified\":\"2019-08-01T11:45:53+00:00\",\"description\":\"Alle Reiseziele und Destinationen, die wir an der Schwarzmeerk\u00fcste bedienen - Tours4You.Online: Buchen Sie hier Ihre Reisen und Ausfl\u00fcge in Bulgarien\",\"breadcrumb\":{\"@id\":\"https:\/\/tours4you.online\/de\/destinationen-schwarzmeerkueste\/#breadcrumb\"},\"inLanguage\":\"de\",\"potentialAction\":[{\"@type\":\"ReadAction\",\"target\":[\"https:\/\/tours4you.online\/de\/destinationen-schwarzmeerkueste\/\"]}]},{\"@type\":\"BreadcrumbList\",\"@id\":\"https:\/\/tours4you.online\/de\/destinationen-schwarzmeerkueste\/#breadcrumb\",\"itemListElement\":[{\"@type\":\"ListItem\",\"position\":1,\"name\":\"Home\",\"item\":\"https:\/\/tours4you.online\/de\/\"},{\"@type\":\"ListItem\",\"position\":2,\"name\":\"Schwarzmeerk\u00fcste\"}]},{\"@type\":\"WebSite\",\"@id\":\"https:\/\/tours4you.online\/de\/#website\",\"url\":\"https:\/\/tours4you.online\/de\/\",\"name\":\"Tours 4 You\",\"description\":\"Tours 4 You\",\"publisher\":{\"@id\":\"https:\/\/tours4you.online\/de\/#organization\"},\"potentialAction\":[{\"@type\":\"SearchAction\",\"target\":{\"@type\":\"EntryPoint\",\"urlTemplate\":\"https:\/\/tours4you.online\/de\/?s={search_term_string}\"},\"query-input\":{\"@type\":\"PropertyValueSpecification\",\"valueRequired\":true,\"valueName\":\"search_term_string\"}}],\"inLanguage\":\"de\"},{\"@type\":\"Organization\",\"@id\":\"https:\/\/tours4you.online\/de\/#organization\",\"name\":\"Varna City Tour\",\"url\":\"https:\/\/tours4you.online\/de\/\",\"logo\":{\"@type\":\"ImageObject\",\"inLanguage\":\"de\",\"@id\":\"https:\/\/tours4you.online\/de\/#\/schema\/logo\/image\/\",\"url\":\"https:\/\/tours4you.online\/wp-content\/uploads\/2023\/12\/logo-t4u.png\",\"contentUrl\":\"https:\/\/tours4you.online\/wp-content\/uploads\/2023\/12\/logo-t4u.png\",\"width\":140,\"height\":60,\"caption\":\"Varna City Tour\"},\"image\":{\"@id\":\"https:\/\/tours4you.online\/de\/#\/schema\/logo\/image\/\"}}]}<\/script>\n<!-- \/ Yoast SEO plugin. -->","yoast_head_json":{"title":"Schwarzmeerk\u00fcste - Tours 4 You","description":"Alle Reiseziele und Destinationen, die wir an der Schwarzmeerk\u00fcste bedienen - Tours4You.Online: Buchen Sie hier Ihre Reisen und Ausfl\u00fcge in Bulgarien","robots":{"index":"index","follow":"follow","max-snippet":"max-snippet:-1","max-image-preview":"max-image-preview:large","max-video-preview":"max-video-preview:-1"},"canonical":"https:\/\/tours4you.online\/de\/destinationen-schwarzmeerkueste\/","og_locale":"de_DE","og_type":"article","og_title":"Schwarzmeerk\u00fcste - Tours 4 You","og_description":"Alle Reiseziele und Destinationen, die wir an der Schwarzmeerk\u00fcste bedienen - Tours4You.Online: Buchen Sie hier Ihre Reisen und Ausfl\u00fcge in Bulgarien","og_url":"https:\/\/tours4you.online\/de\/destinationen-schwarzmeerkueste\/","og_site_name":"Tours 4 You","article_modified_time":"2019-08-01T11:45:53+00:00","twitter_card":"summary_large_image","schema":{"@context":"https:\/\/schema.org","@graph":[{"@type":"WebPage","@id":"https:\/\/tours4you.online\/de\/destinationen-schwarzmeerkueste\/","url":"https:\/\/tours4you.online\/de\/destinationen-schwarzmeerkueste\/","name":"Schwarzmeerk\u00fcste - Tours 4 You","isPartOf":{"@id":"https:\/\/tours4you.online\/de\/#website"},"datePublished":"2019-05-23T13:45:08+00:00","dateModified":"2019-08-01T11:45:53+00:00","description":"Alle Reiseziele und Destinationen, die wir an der Schwarzmeerk\u00fcste bedienen - Tours4You.Online: Buchen Sie hier Ihre Reisen und Ausfl\u00fcge in Bulgarien","breadcrumb":{"@id":"https:\/\/tours4you.online\/de\/destinationen-schwarzmeerkueste\/#breadcrumb"},"inLanguage":"de","potentialAction":[{"@type":"ReadAction","target":["https:\/\/tours4you.online\/de\/destinationen-schwarzmeerkueste\/"]}]},{"@type":"BreadcrumbList","@id":"https:\/\/tours4you.online\/de\/destinationen-schwarzmeerkueste\/#breadcrumb","itemListElement":[{"@type":"ListItem","position":1,"name":"Home","item":"https:\/\/tours4you.online\/de\/"},{"@type":"ListItem","position":2,"name":"Schwarzmeerk\u00fcste"}]},{"@type":"WebSite","@id":"https:\/\/tours4you.online\/de\/#website","url":"https:\/\/tours4you.online\/de\/","name":"Tours 4 You","description":"Tours 4 You","publisher":{"@id":"https:\/\/tours4you.online\/de\/#organization"},"potentialAction":[{"@type":"SearchAction","target":{"@type":"EntryPoint","urlTemplate":"https:\/\/tours4you.online\/de\/?s={search_term_string}"},"query-input":{"@type":"PropertyValueSpecification","valueRequired":true,"valueName":"search_term_string"}}],"inLanguage":"de"},{"@type":"Organization","@id":"https:\/\/tours4you.online\/de\/#organization","name":"Varna City Tour","url":"https:\/\/tours4you.online\/de\/","logo":{"@type":"ImageObject","inLanguage":"de","@id":"https:\/\/tours4you.online\/de\/#\/schema\/logo\/image\/","url":"https:\/\/tours4you.online\/wp-content\/uploads\/2023\/12\/logo-t4u.png","contentUrl":"https:\/\/tours4you.online\/wp-content\/uploads\/2023\/12\/logo-t4u.png","width":140,"height":60,"caption":"Varna City Tour"},"image":{"@id":"https:\/\/tours4you.online\/de\/#\/schema\/logo\/image\/"}}]}},"_links":{"self":[{"href":"https:\/\/tours4you.online\/de\/wp-json\/wp\/v2\/pages\/280","targetHints":{"allow":["GET"]}}],"collection":[{"href":"https:\/\/tours4you.online\/de\/wp-json\/wp\/v2\/pages"}],"about":[{"href":"https:\/\/tours4you.online\/de\/wp-json\/wp\/v2\/types\/page"}],"author":[{"embeddable":true,"href":"https:\/\/tours4you.online\/de\/wp-json\/wp\/v2\/users\/1"}],"replies":[{"embeddable":true,"href":"https:\/\/tours4you.online\/de\/wp-json\/wp\/v2\/comments?post=280"}],"version-history":[{"count":0,"href":"https:\/\/tours4you.online\/de\/wp-json\/wp\/v2\/pages\/280\/revisions"}],"wp:attachment":[{"href":"https:\/\/tours4you.online\/de\/wp-json\/wp\/v2\/media?parent=280"}],"curies":[{"name":"wp","href":"https:\/\/api.w.org\/{rel}","templated":true}]}}