{"id":2530,"date":"2023-06-14T12:28:55","date_gmt":"2023-06-14T10:28:55","guid":{"rendered":"http:\/\/tours4you.online\/?page_id=2530"},"modified":"2023-06-14T13:07:26","modified_gmt":"2023-06-14T11:07:26","slug":"sozopol","status":"publish","type":"page","link":"https:\/\/tours4you.online\/de\/sozopol\/","title":{"rendered":"Sozopol"},"content":{"rendered":"\n<h2 class=\"wp-block-heading\">Der Badeort Sozopol, Bulgarien<\/h2>\n\n\n\n<p><br><strong>Sozopol <\/strong>ist eine alte K\u00fcstenstadt an der s\u00fcdlichen bulgarischen Schwarzmeerk\u00fcste, 35 km s\u00fcdlich der Stadt <strong>Burgas<\/strong>. Es ist ein wichtiger Badeort und vor allem in den Sommermonaten ein beliebtes Touristenziel. Sozopol ist eine der \u00e4ltesten St\u00e4dte Bulgariens mit einer mehr als 2000-j\u00e4hrigen Geschichte. Heute ist es ein beliebter Ferienort f\u00fcr Touristen aus ganz Europa, bekannt f\u00fcr seine historische Architektur, zahlreiche Denkm\u00e4ler und arch\u00e4ologische St\u00e4tten, mildes Klima, felsige K\u00fcsten und malerische Landschaften.<\/p>\n\n\n\n<h3 class=\"wp-block-heading\">Die Lage von Sozopol<\/h3>\n\n\n\n<p><br>Der n\u00e4chstgelegene Flughafen zu Sozopol ist der Burgas International Airport, der 12 km n\u00f6rdlich von Burgas liegt. Um Sozopol und die Umgebung zu erkunden, k\u00f6nnen Sie \u00f6ffentliche Verkehrsmittel, Taxis oder einen Mietwagen nutzen. Wenn Sie vom Flughafen anreisen, erreichen Sie Sozopol am besten mit dem Bus, Taxi oder einem privaten <a rel=\"noreferrer noopener\" aria-label=\"Autotransfer (opens in a new tab)\" href=\"http:\/\/www.bulgarientransfers.de\/\" target=\"_blank\">Autotransfer<\/a>.<\/p>\n\n\n\n<div style=\"height:30px\" aria-hidden=\"true\" class=\"wp-block-spacer\"><\/div>\n\n\n\n<h3 class=\"wp-block-heading\">Was zu tun in Sozopol?<\/h3>\n\n\n\n<h4 class=\"wp-block-heading\"><br>Erkunden Sie die Altstadt von Sozopol:<\/h4>\n\n\n\n<ul class=\"wp-block-gallery columns-3 is-cropped wp-block-gallery-1 is-layout-flex wp-block-gallery-is-layout-flex\"><li class=\"blocks-gallery-item\"><figure><img loading=\"lazy\" decoding=\"async\" width=\"974\" height=\"647\" src=\"http:\/\/tours4you.online\/wp-content\/uploads\/2020\/07\/sozopol-old-city.jpg\" alt=\"old town sozopol\" data-id=\"2076\" data-link=\"http:\/\/tours4you.online\/de\/offer\/romantik-des-suedens-ausflug-nach-sozopol\/sozopol-old-city-2\/\" class=\"wp-image-2076\" srcset=\"https:\/\/tours4you.online\/wp-content\/uploads\/2020\/07\/sozopol-old-city.jpg 974w, https:\/\/tours4you.online\/wp-content\/uploads\/2020\/07\/sozopol-old-city-300x199.jpg 300w, https:\/\/tours4you.online\/wp-content\/uploads\/2020\/07\/sozopol-old-city-768x510.jpg 768w, https:\/\/tours4you.online\/wp-content\/uploads\/2020\/07\/sozopol-old-city-600x400.jpg 600w, https:\/\/tours4you.online\/wp-content\/uploads\/2020\/07\/sozopol-old-city-150x100.jpg 150w\" sizes=\"auto, (max-width: 974px) 100vw, 974px\" \/><figcaption>Altestadt Sozopol<\/figcaption><\/figure><\/li><li class=\"blocks-gallery-item\"><figure><img loading=\"lazy\" decoding=\"async\" width=\"671\" height=\"889\" src=\"http:\/\/tours4you.online\/wp-content\/uploads\/2020\/07\/sozppol-antient-walls.jpg\" alt=\"The walls in Sozopol\" data-id=\"1995\" data-link=\"http:\/\/tours4you.online\/de\/offer\/romantik-des-suedens-ausflug-nach-sozopol\/sozppol-antient-walls-2\/\" class=\"wp-image-1995\" srcset=\"https:\/\/tours4you.online\/wp-content\/uploads\/2020\/07\/sozppol-antient-walls.jpg 671w, https:\/\/tours4you.online\/wp-content\/uploads\/2020\/07\/sozppol-antient-walls-226x300.jpg 226w\" sizes=\"auto, (max-width: 671px) 100vw, 671px\" \/><figcaption>Die Festungen<\/figcaption><\/figure><\/li><li class=\"blocks-gallery-item\"><figure><img loading=\"lazy\" decoding=\"async\" width=\"597\" height=\"778\" src=\"http:\/\/tours4you.online\/wp-content\/uploads\/2020\/07\/sozopol-old-house-unesco.jpg\" alt=\"Old town Sozopol\" data-id=\"1993\" data-link=\"http:\/\/tours4you.online\/de\/offer\/romantik-des-suedens-ausflug-nach-sozopol\/sozopol-old-house-unesco-2\/\" class=\"wp-image-1993\" srcset=\"https:\/\/tours4you.online\/wp-content\/uploads\/2020\/07\/sozopol-old-house-unesco.jpg 597w, https:\/\/tours4you.online\/wp-content\/uploads\/2020\/07\/sozopol-old-house-unesco-230x300.jpg 230w\" sizes=\"auto, (max-width: 597px) 100vw, 597px\" \/><figcaption>Architektur<\/figcaption><\/figure><\/li><\/ul>\n\n\n\n<p>Die Altestadt wurde 610 v. Chr. durch griechische Kolonisten gegr\u00fcndet. Es wurde Apollonia Pontica gennant (zu Ehren des griechischen Gottes Apollo). In Sozopol gibt es mehrere interessante historische <strong>Sehensw\u00fcrdigkeiten <\/strong>und Objekte zu erkunden, darunter neolithische Wohnh\u00e4user, thrakische Gr\u00e4ber, r\u00f6mische B\u00e4der, mittelalterliche Festungen und sozialistische Denkm\u00e4ler. Auch das <a href=\"https:\/\/sozopol-museums.bg\/en\/archaeological-museum\/\" target=\"_blank\" rel=\"noreferrer noopener\" aria-label=\"Arch\u00e4ologische Museum (opens in a new tab)\">Arch\u00e4ologische Museum<\/a> und die Kirche der Allerheiligsten Mutter sind beliebte Ausflugsziele.<\/p>\n\n\n\n<div style=\"height:30px\" aria-hidden=\"true\" class=\"wp-block-spacer\"><\/div>\n\n\n\n<h4 class=\"wp-block-heading\">Besuchen Sie die Burg Ravadinovo:<\/h4>\n\n\n\n<ul class=\"wp-block-gallery columns-2 is-cropped wp-block-gallery-2 is-layout-flex wp-block-gallery-is-layout-flex\"><li class=\"blocks-gallery-item\"><figure><img loading=\"lazy\" decoding=\"async\" width=\"650\" height=\"918\" src=\"http:\/\/tours4you.online\/wp-content\/uploads\/2023\/06\/sozopol1.jpg\" alt=\"sights in sozopol\" data-id=\"2521\" data-link=\"http:\/\/tours4you.online\/de\/sozopol\/sozopol1-2\/\" class=\"wp-image-2521\" srcset=\"https:\/\/tours4you.online\/wp-content\/uploads\/2023\/06\/sozopol1.jpg 650w, https:\/\/tours4you.online\/wp-content\/uploads\/2023\/06\/sozopol1-212x300.jpg 212w\" sizes=\"auto, (max-width: 650px) 100vw, 650px\" \/><figcaption>Ravadinovo castel<\/figcaption><\/figure><\/li><li class=\"blocks-gallery-item\"><figure><img loading=\"lazy\" decoding=\"async\" width=\"658\" height=\"870\" src=\"http:\/\/tours4you.online\/wp-content\/uploads\/2023\/06\/sozopol.jpg\" alt=\"Ravadinovo castle\" data-id=\"2519\" data-link=\"http:\/\/tours4you.online\/de\/sozopol\/sozopol-2\/\" class=\"wp-image-2519\" srcset=\"https:\/\/tours4you.online\/wp-content\/uploads\/2023\/06\/sozopol.jpg 658w, https:\/\/tours4you.online\/wp-content\/uploads\/2023\/06\/sozopol-227x300.jpg 227w\" sizes=\"auto, (max-width: 658px) 100vw, 658px\" \/><figcaption>Das Schloss Ravadinovo<\/figcaption><\/figure><\/li><\/ul>\n\n\n\n<p><strong><a href=\"https:\/\/www.tripadvisor.de\/Attraction_Review-g635769-d2639260-Reviews-Ravadinovo_Castle-Sozopol_Burgas_Province.html\" target=\"_blank\" rel=\"noreferrer noopener\" aria-label=\"Das Schloss Ravadinovo (opens in a new tab)\">Das Schloss Ravadinovo<\/a><\/strong>, auch bekannt als \u201eIn den Wind verliebt\u201c, ist ein relativ neues Schloss auf einem Privatgrundst\u00fcck in der N\u00e4he von Sozopol, Bulgarien. Es vereint verschiedene Bau- und Dekorationsstile und Materialien und gilt als eines der sch\u00f6nsten Schl\u00f6sser Bulgariens. Das Schloss verf\u00fcgt \u00fcber einen gro\u00dfen Garten mit See, eine Kapelle, einen Weinkeller, ein Restaurant und verschiedene Ausstellungsst\u00fccke, darunter eine Oldtimersammlung. Hier finden auch Veranstaltungen wie Hochzeiten und Konzerte statt. Wenn Sie daran interessiert sind, das Schloss zu besichtigen, liegt es etwa 2 Kilometer von Sozopol entfernt. Eintrittskarten k\u00f6nnen vor Ort oder online erworben werden.<\/p>\n\n\n\n<div style=\"height:30px\" aria-hidden=\"true\" class=\"wp-block-spacer\"><\/div>\n\n\n\n<h4 class=\"wp-block-heading\">Bootsfahrt im Naturpark Ropotamo:<\/h4>\n\n\n\n<p>Der <strong>Naturpark Ropotamo<\/strong> ist ein Schutzgebiet in der N\u00e4he der Stadt Sozopol. Der Park erstreckt sich \u00fcber eine Fl\u00e4che von 1000 Hektar und sch\u00fctzt die einzigartige Flora und Fauna des Ropotamo-Flusses und seiner umliegenden Gebiete. Der Park beherbergt eine Vielzahl von Pflanzen- und Tierarten, darunter seltene V\u00f6gel, Reptilien und S\u00e4ugetiere.<\/p>\n\n\n\n<p>Eine der beliebtesten Aktivit\u00e4ten im Naturpark Ropotamo ist eine <strong>Bootsfahrt <\/strong>auf dem Fluss Ropotamo. Die Bootsfahrt f\u00fchrt Besucher durch das Herz des Parks und bietet atemberaubende Ausblicke auf den Fluss und die umliegende Landschaft. Unterwegs k\u00f6nnen Besucher verschiedene Vogelarten beobachten, darunter Reiher, Kormorane und Eisv\u00f6gel, und vielleicht sogar Schildkr\u00f6ten und Schlangen.<\/p>\n\n\n\n<ul class=\"wp-block-gallery columns-3 is-cropped wp-block-gallery-3 is-layout-flex wp-block-gallery-is-layout-flex\"><li class=\"blocks-gallery-item\"><figure><img loading=\"lazy\" decoding=\"async\" width=\"882\" height=\"695\" src=\"http:\/\/tours4you.online\/wp-content\/uploads\/2020\/07\/ropotamo-boat-cruise.jpg\" alt=\"Boat trip Sozopol\" data-id=\"2080\" data-link=\"http:\/\/tours4you.online\/de\/offer\/romantik-des-suedens-ausflug-nach-sozopol\/ropotamo-boat-cruise-2\/\" class=\"wp-image-2080\" srcset=\"https:\/\/tours4you.online\/wp-content\/uploads\/2020\/07\/ropotamo-boat-cruise.jpg 882w, https:\/\/tours4you.online\/wp-content\/uploads\/2020\/07\/ropotamo-boat-cruise-300x236.jpg 300w, https:\/\/tours4you.online\/wp-content\/uploads\/2020\/07\/ropotamo-boat-cruise-768x605.jpg 768w\" sizes=\"auto, (max-width: 882px) 100vw, 882px\" \/><figcaption>Ropotamo Fluss<\/figcaption><\/figure><\/li><li class=\"blocks-gallery-item\"><figure><img loading=\"lazy\" decoding=\"async\" width=\"858\" height=\"572\" src=\"http:\/\/tours4you.online\/wp-content\/uploads\/2020\/07\/sozopol-boat-trip.jpg\" alt=\"excursion on a boat sozopol\" data-id=\"2082\" data-link=\"http:\/\/tours4you.online\/de\/offer\/romantik-des-suedens-ausflug-nach-sozopol\/sozopol-boat-trip-2\/\" class=\"wp-image-2082\" srcset=\"https:\/\/tours4you.online\/wp-content\/uploads\/2020\/07\/sozopol-boat-trip.jpg 858w, https:\/\/tours4you.online\/wp-content\/uploads\/2020\/07\/sozopol-boat-trip-300x200.jpg 300w, https:\/\/tours4you.online\/wp-content\/uploads\/2020\/07\/sozopol-boat-trip-768x512.jpg 768w, https:\/\/tours4you.online\/wp-content\/uploads\/2020\/07\/sozopol-boat-trip-600x400.jpg 600w, https:\/\/tours4you.online\/wp-content\/uploads\/2020\/07\/sozopol-boat-trip-150x100.jpg 150w\" sizes=\"auto, (max-width: 858px) 100vw, 858px\" \/><figcaption>Bootsfahrt Sozopol<\/figcaption><\/figure><\/li><li class=\"blocks-gallery-item\"><figure><img loading=\"lazy\" decoding=\"async\" width=\"870\" height=\"576\" src=\"http:\/\/tours4you.online\/wp-content\/uploads\/2020\/07\/ropotamo-river.jpg\" alt=\"Ropotamo River\" data-id=\"2084\" data-link=\"http:\/\/tours4you.online\/de\/offer\/romantik-des-suedens-ausflug-nach-sozopol\/ropotamo-river-2\/\" class=\"wp-image-2084\" srcset=\"https:\/\/tours4you.online\/wp-content\/uploads\/2020\/07\/ropotamo-river.jpg 870w, https:\/\/tours4you.online\/wp-content\/uploads\/2020\/07\/ropotamo-river-300x199.jpg 300w, https:\/\/tours4you.online\/wp-content\/uploads\/2020\/07\/ropotamo-river-768x508.jpg 768w, https:\/\/tours4you.online\/wp-content\/uploads\/2020\/07\/ropotamo-river-150x100.jpg 150w\" sizes=\"auto, (max-width: 870px) 100vw, 870px\" \/><figcaption>Naturpark Ropotamo<\/figcaption><\/figure><\/li><\/ul>\n\n\n\n<p>Zus\u00e4tzlich zur Bootsfahrt k\u00f6nnen Besucher des Naturparks Ropotamo auch die Wanderwege des Parks erkunden, das nahe gelegene thrakische Heiligtum <strong><a href=\"https:\/\/de.wikipedia.org\/wiki\/Beglik_Tasch\" target=\"_blank\" rel=\"noreferrer noopener\" aria-label=\"Beglik Tash (opens in a new tab)\">Beglik Tash<\/a><\/strong> besuchen und an den Str\u00e4nden des Parks entspannen. Der Park ist ganzj\u00e4hrig ge\u00f6ffnet und es fallen Eintrittsgeb\u00fchren an.<\/p>\n\n\n\n<p>Das ganze Jahr \u00fcber finden in Sozopol mehrere Veranstaltungen und Festivals statt, darunter das Kunstfestival \u201e<strong>Apollonia<\/strong>\u201c und das Internationale Jugendkunstfestival \u201eDie Musen\u201c. Diese Veranstaltungen ziehen sowohl einheimische als auch internationale Besucher an und machen Sozopol w\u00e4hrend der Festivalsaison zu einem lebhaften Reiseziel.<\/p>\n\n\n\n<div style=\"height:30px\" aria-hidden=\"true\" class=\"wp-block-spacer\"><\/div>\n\n\n\n<h3 class=\"wp-block-heading\">Str\u00e4nde in Sozopol<\/h3>\n\n\n\n<p><strong>Sozopol <\/strong>bietet zwei fantastische Str\u00e4nde: den <strong>Zentralstrand<\/strong> in der Altstadt und den <strong>Harmani<\/strong>-Strand (Neustadt). Weitere beliebte Str\u00e4nde in der Umgebung sind Smokinya, Kavatsite Beach und Zlatna Ribka.<\/p>\n\n\n\n<div class=\"wp-block-ugb-feature ugb-feature ugb--background-opacity-5 ugb-feature--design-basic ugb-feature--content-left ugb--has-background ugb--shadow-5\" style=\"--image-size:400px;background-color:#ffe200;border-radius:20px\"><div class=\"ugb-content-wrapper\"><div class=\"ugb-feature__content\"><h2 class=\"ugb-feature__title\">Ausfl\u00fcge nach Sozopol <\/h2><p class=\"ugb-feature__description\">Wenn Sie an Ausfl\u00fcgen oder Tagesausfl\u00fcgen nach Sozopol interessiert sind, finden Sie hier unser bestes Angebot: \u201eDie romantische S\u00fcdk\u00fcste\u201c: Tagesausflug in die Altstadt von Sozopol, Mittagessen in einem traditionellen Restaurant, Bootsfahrt auf dem Fluss Ropotamo + Stadtzentrum von Burgas. <\/p><div><a class=\"ugb-button ugb-button--align-left ugb-button--size-normal\" href=\"https:\/\/tours4you.online\/de\/offer\/romantik-des-suedens-ausflug-nach-sozopol\/\" style=\"border-radius:4px;background-color:#3fa4e3;color:#ffffff\"><span class=\"ugb-button--inner\" style=\"color:#ffffff\">BOOK  NOW!<\/span><\/a><\/div><\/div><div class=\"ugb-feature__image-side\"><img decoding=\"async\" class=\"ugb-feature__image\" src=\"http:\/\/tours4you.online\/wp-content\/uploads\/2020\/07\/sozopol-old-city.jpg\" alt=\"Ausfl\u00fcge nach Sozopol \"\/><\/div><\/div><\/div>\n\n\n\n<p><br><\/p>\n","protected":false},"excerpt":{"rendered":"<p>Der Badeort Sozopol, Bulgarien Sozopol ist eine alte K\u00fcstenstadt an der s\u00fcdlichen bulgarischen Schwarzmeerk\u00fcste, 35 km s\u00fcdlich der Stadt Burgas. Es ist ein wichtiger Badeort und vor allem in den Sommermonaten ein beliebtes Touristenziel. Sozopol ist eine der \u00e4ltesten St\u00e4dte Bulgariens mit einer mehr als 2000-j\u00e4hrigen Geschichte. Heute ist es ein beliebter Ferienort f\u00fcr Touristen&#8230;<\/p>\n","protected":false},"author":1,"featured_media":0,"parent":0,"menu_order":0,"comment_status":"closed","ping_status":"closed","template":"","meta":{"_acf_changed":false,"footnotes":""},"class_list":["post-2530","page","type-page","status-publish","hentry"],"acf":[],"yoast_head":"<!-- This site is optimized with the Yoast SEO plugin v23.6 - https:\/\/yoast.com\/wordpress\/plugins\/seo\/ -->\n<title>Sozopol - Tours 4 You<\/title>\n<meta name=\"description\" content=\"Das Seebad Sozopol, Bulgarien. Tours4You.Online: finden Sie hier mehr information \u00fcber die Lage von Sozopol, Aktivit\u00e4ten, Dinge zu tun und Ausfl\u00fcge:\" \/>\n<meta name=\"robots\" content=\"index, follow, max-snippet:-1, max-image-preview:large, max-video-preview:-1\" \/>\n<link rel=\"canonical\" href=\"https:\/\/tours4you.online\/de\/sozopol\/\" \/>\n<meta property=\"og:locale\" content=\"de_DE\" \/>\n<meta property=\"og:type\" content=\"article\" \/>\n<meta property=\"og:title\" content=\"Sozopol - Tours 4 You\" \/>\n<meta property=\"og:description\" content=\"Das Seebad Sozopol, Bulgarien. Tours4You.Online: finden Sie hier mehr information \u00fcber die Lage von Sozopol, Aktivit\u00e4ten, Dinge zu tun und Ausfl\u00fcge:\" \/>\n<meta property=\"og:url\" content=\"https:\/\/tours4you.online\/de\/sozopol\/\" \/>\n<meta property=\"og:site_name\" content=\"Tours 4 You\" \/>\n<meta property=\"article:modified_time\" content=\"2023-06-14T11:07:26+00:00\" \/>\n<meta property=\"og:image\" content=\"http:\/\/tours4you.online\/wp-content\/uploads\/2020\/07\/sozopol-old-city.jpg\" \/>\n<meta name=\"twitter:card\" content=\"summary_large_image\" \/>\n<meta name=\"twitter:label1\" content=\"Gesch\u00e4tzte Lesezeit\" \/>\n\t<meta name=\"twitter:data1\" content=\"3\u00a0Minuten\" \/>\n<script type=\"application\/ld+json\" class=\"yoast-schema-graph\">{\"@context\":\"https:\/\/schema.org\",\"@graph\":[{\"@type\":\"WebPage\",\"@id\":\"https:\/\/tours4you.online\/de\/sozopol\/\",\"url\":\"https:\/\/tours4you.online\/de\/sozopol\/\",\"name\":\"Sozopol - Tours 4 You\",\"isPartOf\":{\"@id\":\"https:\/\/tours4you.online\/de\/#website\"},\"primaryImageOfPage\":{\"@id\":\"https:\/\/tours4you.online\/de\/sozopol\/#primaryimage\"},\"image\":{\"@id\":\"https:\/\/tours4you.online\/de\/sozopol\/#primaryimage\"},\"thumbnailUrl\":\"http:\/\/tours4you.online\/wp-content\/uploads\/2020\/07\/sozopol-old-city.jpg\",\"datePublished\":\"2023-06-14T10:28:55+00:00\",\"dateModified\":\"2023-06-14T11:07:26+00:00\",\"description\":\"Das Seebad Sozopol, Bulgarien. Tours4You.Online: finden Sie hier mehr information \u00fcber die Lage von Sozopol, Aktivit\u00e4ten, Dinge zu tun und Ausfl\u00fcge:\",\"breadcrumb\":{\"@id\":\"https:\/\/tours4you.online\/de\/sozopol\/#breadcrumb\"},\"inLanguage\":\"de\",\"potentialAction\":[{\"@type\":\"ReadAction\",\"target\":[\"https:\/\/tours4you.online\/de\/sozopol\/\"]}]},{\"@type\":\"ImageObject\",\"inLanguage\":\"de\",\"@id\":\"https:\/\/tours4you.online\/de\/sozopol\/#primaryimage\",\"url\":\"http:\/\/tours4you.online\/wp-content\/uploads\/2020\/07\/sozopol-old-city.jpg\",\"contentUrl\":\"http:\/\/tours4you.online\/wp-content\/uploads\/2020\/07\/sozopol-old-city.jpg\"},{\"@type\":\"BreadcrumbList\",\"@id\":\"https:\/\/tours4you.online\/de\/sozopol\/#breadcrumb\",\"itemListElement\":[{\"@type\":\"ListItem\",\"position\":1,\"name\":\"Home\",\"item\":\"https:\/\/tours4you.online\/de\/\"},{\"@type\":\"ListItem\",\"position\":2,\"name\":\"Sozopol\"}]},{\"@type\":\"WebSite\",\"@id\":\"https:\/\/tours4you.online\/de\/#website\",\"url\":\"https:\/\/tours4you.online\/de\/\",\"name\":\"Tours 4 You\",\"description\":\"Tours 4 You\",\"publisher\":{\"@id\":\"https:\/\/tours4you.online\/de\/#organization\"},\"potentialAction\":[{\"@type\":\"SearchAction\",\"target\":{\"@type\":\"EntryPoint\",\"urlTemplate\":\"https:\/\/tours4you.online\/de\/?s={search_term_string}\"},\"query-input\":{\"@type\":\"PropertyValueSpecification\",\"valueRequired\":true,\"valueName\":\"search_term_string\"}}],\"inLanguage\":\"de\"},{\"@type\":\"Organization\",\"@id\":\"https:\/\/tours4you.online\/de\/#organization\",\"name\":\"Varna City Tour\",\"url\":\"https:\/\/tours4you.online\/de\/\",\"logo\":{\"@type\":\"ImageObject\",\"inLanguage\":\"de\",\"@id\":\"https:\/\/tours4you.online\/de\/#\/schema\/logo\/image\/\",\"url\":\"https:\/\/tours4you.online\/wp-content\/uploads\/2023\/12\/logo-t4u.png\",\"contentUrl\":\"https:\/\/tours4you.online\/wp-content\/uploads\/2023\/12\/logo-t4u.png\",\"width\":140,\"height\":60,\"caption\":\"Varna City Tour\"},\"image\":{\"@id\":\"https:\/\/tours4you.online\/de\/#\/schema\/logo\/image\/\"}}]}<\/script>\n<!-- \/ Yoast SEO plugin. -->","yoast_head_json":{"title":"Sozopol - Tours 4 You","description":"Das Seebad Sozopol, Bulgarien. Tours4You.Online: finden Sie hier mehr information \u00fcber die Lage von Sozopol, Aktivit\u00e4ten, Dinge zu tun und Ausfl\u00fcge:","robots":{"index":"index","follow":"follow","max-snippet":"max-snippet:-1","max-image-preview":"max-image-preview:large","max-video-preview":"max-video-preview:-1"},"canonical":"https:\/\/tours4you.online\/de\/sozopol\/","og_locale":"de_DE","og_type":"article","og_title":"Sozopol - Tours 4 You","og_description":"Das Seebad Sozopol, Bulgarien. Tours4You.Online: finden Sie hier mehr information \u00fcber die Lage von Sozopol, Aktivit\u00e4ten, Dinge zu tun und Ausfl\u00fcge:","og_url":"https:\/\/tours4you.online\/de\/sozopol\/","og_site_name":"Tours 4 You","article_modified_time":"2023-06-14T11:07:26+00:00","og_image":[{"url":"http:\/\/tours4you.online\/wp-content\/uploads\/2020\/07\/sozopol-old-city.jpg"}],"twitter_card":"summary_large_image","twitter_misc":{"Gesch\u00e4tzte Lesezeit":"3\u00a0Minuten"},"schema":{"@context":"https:\/\/schema.org","@graph":[{"@type":"WebPage","@id":"https:\/\/tours4you.online\/de\/sozopol\/","url":"https:\/\/tours4you.online\/de\/sozopol\/","name":"Sozopol - Tours 4 You","isPartOf":{"@id":"https:\/\/tours4you.online\/de\/#website"},"primaryImageOfPage":{"@id":"https:\/\/tours4you.online\/de\/sozopol\/#primaryimage"},"image":{"@id":"https:\/\/tours4you.online\/de\/sozopol\/#primaryimage"},"thumbnailUrl":"http:\/\/tours4you.online\/wp-content\/uploads\/2020\/07\/sozopol-old-city.jpg","datePublished":"2023-06-14T10:28:55+00:00","dateModified":"2023-06-14T11:07:26+00:00","description":"Das Seebad Sozopol, Bulgarien. Tours4You.Online: finden Sie hier mehr information \u00fcber die Lage von Sozopol, Aktivit\u00e4ten, Dinge zu tun und Ausfl\u00fcge:","breadcrumb":{"@id":"https:\/\/tours4you.online\/de\/sozopol\/#breadcrumb"},"inLanguage":"de","potentialAction":[{"@type":"ReadAction","target":["https:\/\/tours4you.online\/de\/sozopol\/"]}]},{"@type":"ImageObject","inLanguage":"de","@id":"https:\/\/tours4you.online\/de\/sozopol\/#primaryimage","url":"http:\/\/tours4you.online\/wp-content\/uploads\/2020\/07\/sozopol-old-city.jpg","contentUrl":"http:\/\/tours4you.online\/wp-content\/uploads\/2020\/07\/sozopol-old-city.jpg"},{"@type":"BreadcrumbList","@id":"https:\/\/tours4you.online\/de\/sozopol\/#breadcrumb","itemListElement":[{"@type":"ListItem","position":1,"name":"Home","item":"https:\/\/tours4you.online\/de\/"},{"@type":"ListItem","position":2,"name":"Sozopol"}]},{"@type":"WebSite","@id":"https:\/\/tours4you.online\/de\/#website","url":"https:\/\/tours4you.online\/de\/","name":"Tours 4 You","description":"Tours 4 You","publisher":{"@id":"https:\/\/tours4you.online\/de\/#organization"},"potentialAction":[{"@type":"SearchAction","target":{"@type":"EntryPoint","urlTemplate":"https:\/\/tours4you.online\/de\/?s={search_term_string}"},"query-input":{"@type":"PropertyValueSpecification","valueRequired":true,"valueName":"search_term_string"}}],"inLanguage":"de"},{"@type":"Organization","@id":"https:\/\/tours4you.online\/de\/#organization","name":"Varna City Tour","url":"https:\/\/tours4you.online\/de\/","logo":{"@type":"ImageObject","inLanguage":"de","@id":"https:\/\/tours4you.online\/de\/#\/schema\/logo\/image\/","url":"https:\/\/tours4you.online\/wp-content\/uploads\/2023\/12\/logo-t4u.png","contentUrl":"https:\/\/tours4you.online\/wp-content\/uploads\/2023\/12\/logo-t4u.png","width":140,"height":60,"caption":"Varna City Tour"},"image":{"@id":"https:\/\/tours4you.online\/de\/#\/schema\/logo\/image\/"}}]}},"_links":{"self":[{"href":"https:\/\/tours4you.online\/de\/wp-json\/wp\/v2\/pages\/2530","targetHints":{"allow":["GET"]}}],"collection":[{"href":"https:\/\/tours4you.online\/de\/wp-json\/wp\/v2\/pages"}],"about":[{"href":"https:\/\/tours4you.online\/de\/wp-json\/wp\/v2\/types\/page"}],"author":[{"embeddable":true,"href":"https:\/\/tours4you.online\/de\/wp-json\/wp\/v2\/users\/1"}],"replies":[{"embeddable":true,"href":"https:\/\/tours4you.online\/de\/wp-json\/wp\/v2\/comments?post=2530"}],"version-history":[{"count":13,"href":"https:\/\/tours4you.online\/de\/wp-json\/wp\/v2\/pages\/2530\/revisions"}],"predecessor-version":[{"id":2550,"href":"https:\/\/tours4you.online\/de\/wp-json\/wp\/v2\/pages\/2530\/revisions\/2550"}],"wp:attachment":[{"href":"https:\/\/tours4you.online\/de\/wp-json\/wp\/v2\/media?parent=2530"}],"curies":[{"name":"wp","href":"https:\/\/api.w.org\/{rel}","templated":true}]}}