{"id":14,"date":"2019-01-14T11:02:59","date_gmt":"2019-01-14T11:02:59","guid":{"rendered":"http:\/\/tours4you.online\/\/?page_id=14"},"modified":"2020-07-31T09:35:18","modified_gmt":"2020-07-31T09:35:18","slug":"privacy-policy","status":"publish","type":"page","link":"https:\/\/tours4you.online\/de\/privacy-policy\/","title":{"rendered":"Datenschutzrichtlinie"},"content":{"rendered":"<h2 style=\"text-align: center;\">Datenschutzbestimmungen der \u201eVarna City Tour\u201c GmbH<\/h2>\n<p>&nbsp;<\/p>\n<p>Diese Datenschutzbestimmungen wurden von \u201eVarna City Tour\u201c GmbH, mit Sitz und Verwaltungsadresse in Varna, Yanaki Bodganov Str. Nr. 9A, eingetragen im Handelsregister der Republik Bulgarien mit EIK \/einheitl. Ident.-Nr.\/ \u00a0200978370, E-Mail <a href=\"mailto:info@tours4you.online\">info@tours4you.online<\/a>, Genehmigung zur Durchf\u00fchrung von Reiseveranstaltert\u00e4tigkeit Nr. <a href=\"https:\/\/tours4you.online\/de\/lizenzen\/\" target=\"_blank\" rel=\"noopener noreferrer\">PK-01-6541<\/a>, ausgestellt am 04.03.2014 vom Ministerium f\u00fcr Wirtschaft, Energie und Tourismus der Republik Bulgarien, entwickelt.<\/p>\n<p>&nbsp;<\/p>\n<p>\u201eVarna City Tour\u201c GmbH hat diese Bestimmungen als Beauftragter f\u00fcr personenbezogene Daten entwickelt, die auch f\u00fcr die Nutzung seiner Webseite <a href=\"http:\/\/www.tours4you.online\">www.tours4you.online<\/a> gilt.<\/p>\n<p>Die Bestimmungen regeln die Art und Weise des Schutzes personenbezogener Daten von Kunden, die die Webseite nutzen, indem sie personenbezogene Daten von Personen im f\u00fcr die Bereitstellung von Produkten und Dienstleistungen erforderlichen Umfang sammelt und verarbeitet und diese verantwortungsbewusst und rechtm\u00e4\u00dfig speichert.<\/p>\n<p>Personenbezogene Daten werden von \u201eVarna City Tour\u201c GmbH unter strikter Einhaltung der Anforderungen des Datenschutzgesetzes und anderer geltender Bestimmungen, einschlie\u00dflich der Allgemeinen Datenschutzverordnung (Verordnung 2016\/679), gesammelt, verarbeitet und gespeichert.<\/p>\n<p>\u201eVarna City Tour\u201c GmbH \u00fcbernimmt die Verantwortung f\u00fcr den Schutz der Unverletzlichkeit personenbezogener Daten in F\u00e4llen, in denen Kunden personenbezogene Daten auf der Webseite bereitstellen oder Online-Dienste nutzen.<\/p>\n<p>\u201eVarna City Tour\u201c GmbH beh\u00e4lt sich das Recht vor, die Funktionen, Bedingungen und Produkte dieser Webseite zu erweitern und zu \u00e4ndern. Alle \u00c4nderungen werden rechtzeitig auf der Webseite wiedergegeben.<\/p>\n<p>Wenn Sie auf diese Webseite zugreifen und Reservierungen vornehmen, best\u00e4tigen Sie, dass Sie mit den folgenden Bedingungen vertraut sind und diese akzeptieren.<\/p>\n<p><strong>\u00a0<\/strong><\/p>\n<h3>ERFASSUNG PERS\u00d6NLICHER DATEN<\/h3>\n<p>Personenbezogene Daten sind alle Informationen oder Daten, die eine Person direkt oder indirekt identifizieren k\u00f6nnen. Ein Beispiel f\u00fcr eine indirekte Identifizierung ist Ihre Mobiltelefonnummer. Ein Beispiel f\u00fcr eine direkte Identifizierung ist eine eindeutige Kennung wie PIN (pers\u00f6nliche Ident.-Nr.), Name, Nachname und Familienname, Kundencode usw.<\/p>\n<p>Wir erfassen Informationen von Ihnen, wenn Sie eine Online-Reservierung f\u00fcr einen Service auf unserer Webseite <a href=\"https:\/\/tours4you.online\/de\" target=\"_blank\" rel=\"noopener noreferrer\">www.tours4you.online<\/a> vornehmen und \/ oder uns \u00fcber das Kontaktformular auf der Webseite kontaktieren. Die erfassten Informationen umfassen Ihren Namen, Ihre E-Mail-Adresse, Ihre Telefonnummer und finanzielle Details (Kreditkartennummer, G\u00fcltigkeitsdatum der Karte, Name des Karteninhabers).<\/p>\n<p>Dar\u00fcber hinaus empfangen und zeichnen wir automatisch Informationen von Ihrem Computer und Browser auf, einschlie\u00dflich Ihrer IP-Adresse, Informationen zu Ihrer Software und Hardware sowie der Seite, die Sie laden m\u00f6chten.<\/p>\n<p><strong>\u00a0<\/strong><\/p>\n<h3>VERWENDUNG VON INFORMATIONEN<\/h3>\n<p>\u201eVarna City Tour\u201c GmbH erfasst, bearbeitet und speichert Ihre pers\u00f6nlichen Daten, um einen Dienstleistungsvertrag abzuschlie\u00dfen (Verarbeitung, Verwaltung, Ausf\u00fchrung und Verbuchung der Reservierung) und die Zahlung vorzunehmen.<\/p>\n<p>Wir verwenden Ihre pers\u00f6nlichen Daten auch zur Verwaltung und Verbesserung unserer Webseite und unserer Dienste, um Ihre Erfahrung zu personalisieren und Ihre individuellen Bed\u00fcrfnisse zu erf\u00fcllen sowie sich mit Ihnen zu verbinden. M\u00f6glicherweise senden wir Ihnen bestimmte obligatorische amtliche Nachrichten, z. B. Erinnerungen, zus\u00e4tzliche Informationen zu der von Ihnen erworbenen Dienstleistung und vieles mehr.<\/p>\n<p>Bei der Verarbeitung Ihrer personenbezogenen Daten h\u00e4lt \u201eVarna City Tour\u201c GmbH die folgenden Grunds\u00e4tze ein, die in Artikel 5 der Verordnung (EU) 2016\/679 des Europ\u00e4ischen Parlaments und des Rates vom 27. April 2016 zum Schutz der nat\u00fcrlichen Personen bei der Verarbeitung personenbezogener Daten festgelegt sind und \u00fcber den freien Datenverkehr und die Aufhebung der Richtlinie 95\/46 \/ EG (Allgemeine Datenschutzverordnung), und n\u00e4mlich:<\/p>\n<ol>\n<li>Gesetzm\u00e4\u00dfigkeit, Treu und Glauben und Transparenz;<\/li>\n<li>Beschr\u00e4nkung auf die Zwecke der Verarbeitung;<\/li>\n<li>Korrelation mit den Zwecken der Verarbeitung und Minimierung der gesammelten Daten;<\/li>\n<li>Richtigkeit und Aktualit\u00e4t der Daten;<\/li>\n<li>Beschr\u00e4nkung der Lagerung im Hinblick auf die Erreichung der Ziele;<\/li>\n<li>Integrit\u00e4t und Vertraulichkeit der Verarbeitung und Gew\u00e4hrleistung eines angemessenen Sicherheitsniveaus der personenbezogenen Daten.<\/li>\n<\/ol>\n<p>&nbsp;<\/p>\n<p>\u201eVarna City Tour\u201c GmbH erfasst oder bearbeitet keine personenbezogenen Daten, die:<\/p>\n<ol>\n<li>ethnische Herkunft offenbaren;<\/li>\n<li>Rassenzugeh\u00f6rigkeit offenbaren;<\/li>\n<li>Offenlegung politischer, religi\u00f6ser oder philosophischer \u00dcberzeugungen oder Mitgliedschaft in verschiedenen Organisationen;<\/li>\n<li>Offenlegung genetischer und biometrischer Daten;<\/li>\n<li>Daten zum Sexualleben oder zur sexuellen Orientierung preisgeben.<\/li>\n<\/ol>\n<p>&nbsp;<\/p>\n<p>\u201eVarna City Tour\u201c GmbH sammelt personenbezogene Daten von den Personen, auf die es sich bezieht, einschlie\u00dflich Daten von unm\u00fcndigen personen \/ Minderj\u00e4hrigen \/ Begleitpersonen.<\/p>\n<p>\u201eVarna City Tour\u201c GmbH f\u00fchrt keine automatisierten Entscheidungen f\u00fcr personenbezogene Daten durch.<\/p>\n<p><strong>\u00a0<\/strong><\/p>\n<h3>ZEITRAUM, F\u00dcR DEN PERS\u00d6NLICHE DATEN GESPEICHERT WERDEN<\/h3>\n<p>Personenbezogene Daten, die steuerlichen Pr\u00fcfungen unterliegen und f\u00fcr Buchhaltungszwecke erforderlich sind, sowie alle anderen mit der Reservierung verbundenen Daten werden f\u00fcr einen Zeitraum von 5 Jahren nach Ausf\u00fchrung des Auftrags oder nach Abschluss von Verfahren im Zusammenhang mit m\u00f6glichen Streitigkeiten \u00fcber Rechtsanspr\u00fcche gespeichert.<\/p>\n<p><strong>\u00a0<\/strong><\/p>\n<h3>BEREITSTELLUNG VON PERS\u00d6NLICHEN DATEN AN DRITTE<\/h3>\n<p>\u201eVarna City Tour\u201c GmbH verpflichtet sich, Ihre personenbezogenen Daten ohne Ihre ausdr\u00fcckliche Zustimmung NICHT an Dritte weiterzugeben, es sei denn, dies ist zur Erf\u00fcllung der vertraglichen Verpflichtungen Ihnen gegen\u00fcber erforderlich.<\/p>\n<p>Um vertragliche und \/ oder vorvertragliche Beziehungen mit Ihnen zu erf\u00fcllen, ist es \u201eVarna City Tour\u201c GmbH m\u00f6glich, einen Teil oder alle Ihrer pers\u00f6nlichen Daten an folgende Personen zu \u00fcbertragen:<\/p>\n<ul>\n<li>Unternehmen, die Kurierdienste anbieten;<\/li>\n<li>Das Unternehmen, das Hosting-Services im Zusammenhang mit der Webseite anbietet.<\/li>\n<li>\u00d6ffentliche Einrichtungen, einschlie\u00dflich solcher, die Aufsichtsfunktionen aus\u00fcben;<\/li>\n<li>Banken und Finanzinstitute im In- und Ausland bei der Durchf\u00fchrung von Geldtransaktionen;<\/li>\n<li>Versicherungs- und R\u00fcckversicherungsunternehmen;<\/li>\n<li>Anw\u00e4lte, Wirtschaftspr\u00fcfer, Notare, Gerichte, Staatsanw\u00e4lte, Polizei, Ermittlungen;<\/li>\n<li>Auftragnehmer von \u201eVarna City Tour\u201c GmbH zur Erf\u00fcllung ihrer Verpflichtungen, wie Fluggesellschaften, andere Reiseveranstalter, Hoteliers, Marketing und alle Partner-Anbieter von \u201eVarna City Tour\u201c GmbH, die direkt und unmittelbar an die Erf\u00fcllung des abgeschlossenen Vertrags f\u00fcr gebunden sind Bedienung.<\/li>\n<\/ul>\n<p>Jede \u00dcbertragung erfolgt unter strikter Einhaltung der Vertraulichkeit und Sicherheit Ihrer pers\u00f6nlichen Daten.<\/p>\n<p>Ihre pers\u00f6nlichen Daten werden in folgenden F\u00e4llen auch an Dritte weitergegeben:<\/p>\n<ul>\n<li>Auf Antrag der nat\u00fcrlichen Person, die die Daten zur Verf\u00fcgung gestellt hat, vorbehaltlich des Schutzes personenbezogener Daten;<\/li>\n<li>Auf Ersuchen der zust\u00e4ndigen Beh\u00f6rden gem\u00e4\u00df den geltenden Rechtsvorschriften der Republik Bulgarien und der Europ\u00e4ischen Union.<\/li>\n<\/ul>\n<p>&nbsp;<\/p>\n<p>In allen oben genannten F\u00e4llen haben die Personen, denen wir Ihre personenbezogenen Daten zur Verf\u00fcgung stellen, erkl\u00e4rt, dass sie ein angemessenes Ma\u00df an Schutz personenbezogener Daten bieten.<\/p>\n<p>&nbsp;<\/p>\n<h3>IHRE RECHTE<\/h3>\n<p>\u201eVarna City Tour\u201c GmbH respektiert Ihr Recht auf Privatsph\u00e4re. Gem\u00e4\u00df den Anforderungen der Allgemeinen Verordnung zum Schutz personenbezogener Daten (Verordnung 2016\/679) hat die betroffene Person (Kunde) folgende Rechte:<\/p>\n<ul>\n<li>Recht auf Zugang zu personenbezogenen Daten, die verbreitet werden<\/li>\n<li>das Recht, ungenaue Daten zu korrigieren<\/li>\n<li>das Recht, Daten zu l\u00f6schen (unter bestimmten Bedingungen gem\u00e4\u00df Artikel 17 der Verordnung (EU) 2016\/679) &#8211; dies schlie\u00dft keine Daten ein, die wir aus administrativen, rechtlichen oder Sicherheitsgr\u00fcnden aufbewahren m\u00fcssen.<\/li>\n<li>Recht zur Beschr\u00e4nkung der Verbreitung (unter bestimmten Bedingungen gem\u00e4\u00df Artikel 18 der Verordnung (EU) 2016\/679)<\/li>\n<li>das Recht, Daten von einem Controller zu einem anderen zu \u00fcbertragen<\/li>\n<li>das Recht, bei der Aufsichtsbeh\u00f6rde (Kommission f\u00fcr den Schutz personenbezogener Daten) eine Beschwerde wegen illegaler Verarbeitung personenbezogener Daten einzureichen.<\/li>\n<\/ul>\n<p><strong>\u00a0<\/strong><\/p>\n<h3>VERWENDUNG VON COOKIES<\/h3>\n<p>Unsere Webseite verwendet Cookies. Cookies sind kleine Dateien, die auf der Festplatte des Computers eines Kunden gespeichert werden und Informationen \u00fcber Kundenaktionen bei Verwendung unserer Webseite <a href=\"https:\/\/tours4you.online\/de\" target=\"_blank\" rel=\"noopener noreferrer\">www.tours4you.online<\/a> verfolgen, aufzeichnen und speichern. Durch das Lesen von Cookies k\u00f6nnen wir unsere Webseite optimal gestalten f\u00fcr Sie und erleichtert Ihnen die Verwendung.<\/p>\n<p>Gegebenenfalls implementiert diese Webseite ein Cookie-Kontrollsystem, mit dem der Kunde die Verwendung von Cookies auf seinem Computer \/ Ger\u00e4t beim ersten Besuch der Webseite zulassen oder verweigern kann. Dies geschieht im Hinblick auf die Anforderungen an Webseites, die die ausdr\u00fcckliche Zustimmung der Kunden einholen m\u00fcssen, bevor sie Dateien hinterlassen oder lesen, die Cookies auf dem Computer \/ Ger\u00e4t des Kunden \u00e4hneln.<\/p>\n<p>Kunden werden darauf hingewiesen, wenn sie die Verwendung und Speicherung von Cookies von dieser Webseite auf der Festplatte ihres Computers verweigern m\u00f6chten, die entsprechenden Schritte in den Sicherheitseinstellungen ihres Internetbrowsers zu unternehmen, um alle Cookies von dieser Webseite zu blockieren. Webseite und ihre externen Dienstleister. Weitere Informationen zur Funktionsweise von Cookies finden Sie hier: <a href=\"http:\/\/www.allaboutcookies.org\/cookies\/what-information-in-cookie.html\">http:\/\/www.allaboutcookies.org\/cookies\/what-information-in-cookie.html<\/a><\/p>\n<p>Unsere Webseite verwendet Tracking-Software, um die Besucher zu \u00fcberwachen und Informationen zur Verwendung zu erhalten. Die Software wird von Google Analytics bereitgestellt, das Cookies verwendet, um den Verbrauch der Besucher zu verfolgen. Die Software zeichnet ein Cookie auf der Festplatte Ihres Computers auf, damit es Ihre Aktivit\u00e4ten und Ihren Verbrauch auf der Webseite verfolgen und \u00fcberwachen kann, jedoch keine pers\u00f6nlichen Daten aufzeichnet, speichert oder sammelt. Weitere Informationen finden Sie in den Google-Datenschutzbestimmungen. <a href=\"http:\/\/www.google.com\/privacy.html\">http:\/\/www.google.com\/privacy.html<\/a><\/p>\n<p>Andere Cookies k\u00f6nnen von externen Anbietern auf der Festplatte Ihres Computers gespeichert werden, wenn die Webseite Empfehlungsprogramme, gesponserte Links oder Werbung verwendet. Solche Cookies werden verwendet, um die Empfehlung zu verfolgen, und laufen normalerweise nach 30 Tagen ab, obwohl einige m\u00f6glicherweise l\u00e4nger gespeichert werden. Pers\u00f6nliche Informationen werden nicht aufgezeichnet, gespeichert oder gesammelt.<\/p>\n<p>Durch den Besuch unserer Webseite akzeptieren Sie die Verwendung von &#8222;Cookies&#8220;.<\/p>\n<p>&nbsp;<\/p>\n<h3>EXTERNE BEZIEHUNGEN<\/h3>\n<p>Obwohl die Webseite nur hochwertige, sichere und relevante externe Links enth\u00e4lt, werden Kunden gewarnt, vorsichtig zu sein, bevor sie externe Links zu einer auf der Webseite enthaltenen Webseite \u00f6ffnen. Externe Links sind Text, Banner, Fotos in Form von Links zu anderen Webseiten.<\/p>\n<p>Diese Webseiten von Drittanbietern haben separate und unabh\u00e4ngige Datenschutzrichtlinien. Wir k\u00f6nnen den Inhalt der Webseites trotz unserer Bem\u00fchungen nicht durch externe Links garantieren oder \u00fcberpr\u00fcfen. Daher informieren wir Sie als unsere Kunden dar\u00fcber, dass Sie durch das \u00d6ffnen externer Links dies auf eigenes Risiko tun und die Webseite und ihre Eigent\u00fcmer nicht f\u00fcr Sch\u00e4den oder Folgen des Besuchs ver\u00f6ffentlichter externer Links verantwortlich sind.<\/p>\n<p>&nbsp;<\/p>\n<h3>WERBUNG UND GESPONSERTE LINKS<\/h3>\n<p>Die Webseite kann gesponserte Links und Anzeigen enthalten. Sie werden in der Regel von unseren Werbepartnern bereitgestellt, die m\u00f6glicherweise Datenschutzrichtlinien haben, die in direktem Zusammenhang mit den von ihnen bereitgestellten Anzeigen stehen.<\/p>\n<p>Wenn Sie auf solche Anzeigen klicken, werden Sie \u00fcber ein Empfehlungsprogramm, das m\u00f6glicherweise Cookies verwendet, auf die Webseite der Werbetreibenden geleitet und die Anzahl der von dieser Webseite eingereichten Empfehlungen verfolgt. Dies kann die Verwendung von Cookies einschlie\u00dfen, die wiederum auf der Festplatte Ihres Computers gespeichert werden k\u00f6nnen. Wir informieren Sie daher dar\u00fcber, dass das \u00d6ffnen gesponserter externer Links auf eigenes Risiko erfolgt und die Webseite und ihre Eigent\u00fcmer nicht f\u00fcr Sch\u00e4den oder Folgen des Besuchs ver\u00f6ffentlichter Anzeigen oder gesponserter Links verantwortlich sind.<\/p>\n<p><strong>\u00a0<\/strong><\/p>\n<h3>SOZIALE NETZWERKPLATTFORMEN<\/h3>\n<p>Die Verantwortung f\u00fcr Kommunikation und Ma\u00dfnahmen, die \u00fcber externe soziale Netzwerkplattformen ergriffen werden, an denen diese Webseite und ihre Eigent\u00fcmer teilnehmen, unterliegt den Allgemeinen Gesch\u00e4ftsbedingungen sowie den Datenschutzrichtlinien der jeweiligen Plattform.<\/p>\n<p>Kunden werden ermutigt, soziale Netzwerke mit Bedacht zu nutzen und mit ihnen mit der gebotenen Sorgfalt und Vorsicht in Bezug auf ihre Privatsph\u00e4re zu kommunizieren \/ zu arbeiten. Diese Webseite oder ihre Eigent\u00fcmer w\u00fcrden niemals pers\u00f6nliche oder sensible Informationen \u00fcber ein soziales Netzwerk anfordern. Wir empfehlen Kunden, die ihre sensiblen Daten kommunizieren m\u00f6chten, eine Verbindung \u00fcber prim\u00e4re Kommunikationskan\u00e4le wie Telefon oder E-Mail herzustellen.<\/p>\n<p>Diese Webseite verwendet m\u00f6glicherweise Schaltfl\u00e4chen zum Teilen von sozialen Netzwerken, mit denen Internetinhalte direkt von Webseites auf die betreffende Plattform f\u00fcr soziale Netzwerke \u00fcbertragen werden k\u00f6nnen. Kunden werden dar\u00fcber informiert, dass sie jede solche Freigabeschaltfl\u00e4che nach eigenem Ermessen verwenden und die Plattform f\u00fcr soziale Netzwerke Ihre Webseite-Freigabeanforderung \u00fcber Ihr soziales Netzwerkkonto entsprechend verfolgen und speichern kann.<\/p>\n<p>&nbsp;<\/p>\n<h3>INFORMATIONSSCHUTZ<\/h3>\n<p>Wir wenden verschiedene Sicherheitsma\u00dfnahmen an, um Ihre pers\u00f6nlichen Daten zu sch\u00fctzen. Wir verwenden Verschl\u00fcsselungsmethoden, um wichtige online \u00fcbermittelte Kundeninformationen zu sch\u00fctzen. \u201eVarna City Tour\u201c GmbH sch\u00fctzt Ihre Daten auch offline. Ihre pers\u00f6nlichen Daten befinden sich hinter sicheren Netzwerken und stehen nur einer begrenzten Anzahl von Personen zur Verf\u00fcgung, die \u00fcber besondere Rechte zum Zugriff auf solche Systeme verf\u00fcgen und zur Wahrung der Vertraulichkeit der Informationen verpflichtet sind. Die Computer \/ Server, auf denen personenbezogene Daten gespeichert werden, werden in einer sicheren Umgebung aufbewahrt.<\/p>\n<p>Dar\u00fcber hinaus werden alle von Ihnen angegebenen vertraulichen Informationen \/ Kreditinformationen mithilfe der SSL-Technologie (Secure Socket Layer<a href=\"#_ftn1\" name=\"_ftnref1\"><span>[1]<\/span><\/a>) verschl\u00fcsselt. Alle Transaktionen werden von einem Anbieter verarbeitet und nicht auf unseren Servern gespeichert oder verarbeitet.<\/p>\n<p><strong>\u00a0<\/strong><\/p>\n<h3>QUELLEN UND ZUS\u00c4TZLICHE INFORMATIONEN<\/h3>\n<p><a href=\"https:\/\/www.cpdp.bg\/userfiles\/file\/New_legislation\/Regulation_EU_2016_679_Bg.pdf\">Allgemeine Verordnung zum Schutz personenbezogener Daten (Verordnung (EU) 2016\/679)<\/a><\/p>\n<p><a href=\"https:\/\/www.cpdp.bg\/?p=element&amp;aid=373\">Gesetz zum Schutz personenbezogener Daten<\/a><\/p>\n<p><a href=\"http:\/\/twitter.com\/privacy\">Twitter Privacy Policy<\/a><\/p>\n<p><a href=\"https:\/\/help.instagram.com\/519522125107875\">Instagram Data Policy<\/a><\/p>\n<p><a href=\"https:\/\/policy.pinterest.com\/en-gb\/privacy-policy\">Pinterest Privacy Policy<\/a><\/p>\n<p><a href=\"http:\/\/www.facebook.com\/about\/privacy\/\">Facebook Privacy Policy<\/a><\/p>\n<p><a href=\"http:\/\/www.google.com\/privacy.html\">Google Privacy Policy<\/a><\/p>\n<p>&nbsp;<\/p>\n<p>&nbsp;<\/p>\n<p>Wenn Sie Fragen oder Anregungen zur Verarbeitung und Verwendung Ihrer personenbezogenen Daten haben oder Ihre oben beschriebenen Rechte aus\u00fcben m\u00f6chten, k\u00f6nnen Sie uns unter <a href=\"mailto:info@trips4you.online\">info@tours4you.online<\/a> kontaktieren<\/p>\n<p>Diese Datenschutzbestimmungen wurden von \u201eVarna City Tour\u201c GmbH verabschiedet und sind seit Juli 2020 in Kraft.<\/p>\n<p>&nbsp;<\/p>\n<p><a href=\"#_ftnref1\" name=\"_ftn1\"><span>[1]<\/span><\/a> SSL: Standard-Sicherheitstechnologie zum Herstellen einer verschl\u00fcsselten Verbindung zwischen einem Server und einem Kunden<\/p>\n<p>&nbsp;<\/p>\n","protected":false},"excerpt":{"rendered":"<p>Datenschutzbestimmungen der \u201eVarna City Tour\u201c GmbH &nbsp; Diese Datenschutzbestimmungen wurden von \u201eVarna City Tour\u201c GmbH, mit Sitz und Verwaltungsadresse in Varna, Yanaki Bodganov Str. Nr. 9A, eingetragen im Handelsregister der Republik Bulgarien mit EIK \/einheitl. Ident.-Nr.\/ \u00a0200978370, E-Mail info@tours4you.online, Genehmigung zur Durchf\u00fchrung von Reiseveranstaltert\u00e4tigkeit Nr. PK-01-6541, ausgestellt am 04.03.2014 vom Ministerium f\u00fcr Wirtschaft, Energie und&#8230;<\/p>\n","protected":false},"author":1,"featured_media":0,"parent":0,"menu_order":0,"comment_status":"closed","ping_status":"open","template":"","meta":{"_acf_changed":false,"footnotes":""},"class_list":["post-14","page","type-page","status-publish","hentry"],"acf":[],"yoast_head":"<!-- This site is optimized with the Yoast SEO plugin v23.6 - https:\/\/yoast.com\/wordpress\/plugins\/seo\/ -->\n<title>Datenschutzrichtlinie - Tours 4 You<\/title>\n<meta name=\"description\" content=\"Datenschutzrichtlinie und Datenschutz - Tours4You.Online: Wie wir personenbezogene Daten \u00fcber unsere Website sammeln, verarbeiten und speichern.\" \/>\n<meta name=\"robots\" content=\"index, follow, max-snippet:-1, max-image-preview:large, max-video-preview:-1\" \/>\n<link rel=\"canonical\" href=\"https:\/\/tours4you.online\/de\/privacy-policy\/\" \/>\n<meta property=\"og:locale\" content=\"de_DE\" \/>\n<meta property=\"og:type\" content=\"article\" \/>\n<meta property=\"og:title\" content=\"Datenschutzrichtlinie - Tours 4 You\" \/>\n<meta property=\"og:description\" content=\"Datenschutzrichtlinie und Datenschutz - Tours4You.Online: Wie wir personenbezogene Daten \u00fcber unsere Website sammeln, verarbeiten und speichern.\" \/>\n<meta property=\"og:url\" content=\"https:\/\/tours4you.online\/de\/privacy-policy\/\" \/>\n<meta property=\"og:site_name\" content=\"Tours 4 You\" \/>\n<meta property=\"article:modified_time\" content=\"2020-07-31T09:35:18+00:00\" \/>\n<meta name=\"twitter:card\" content=\"summary_large_image\" \/>\n<meta name=\"twitter:label1\" content=\"Gesch\u00e4tzte Lesezeit\" \/>\n\t<meta name=\"twitter:data1\" content=\"10\u00a0Minuten\" \/>\n<script type=\"application\/ld+json\" class=\"yoast-schema-graph\">{\"@context\":\"https:\/\/schema.org\",\"@graph\":[{\"@type\":\"WebPage\",\"@id\":\"https:\/\/tours4you.online\/de\/privacy-policy\/\",\"url\":\"https:\/\/tours4you.online\/de\/privacy-policy\/\",\"name\":\"Datenschutzrichtlinie - Tours 4 You\",\"isPartOf\":{\"@id\":\"https:\/\/tours4you.online\/de\/#website\"},\"datePublished\":\"2019-01-14T11:02:59+00:00\",\"dateModified\":\"2020-07-31T09:35:18+00:00\",\"description\":\"Datenschutzrichtlinie und Datenschutz - Tours4You.Online: Wie wir personenbezogene Daten \u00fcber unsere Website sammeln, verarbeiten und speichern.\",\"breadcrumb\":{\"@id\":\"https:\/\/tours4you.online\/de\/privacy-policy\/#breadcrumb\"},\"inLanguage\":\"de\",\"potentialAction\":[{\"@type\":\"ReadAction\",\"target\":[\"https:\/\/tours4you.online\/de\/privacy-policy\/\"]}]},{\"@type\":\"BreadcrumbList\",\"@id\":\"https:\/\/tours4you.online\/de\/privacy-policy\/#breadcrumb\",\"itemListElement\":[{\"@type\":\"ListItem\",\"position\":1,\"name\":\"Home\",\"item\":\"https:\/\/tours4you.online\/de\/\"},{\"@type\":\"ListItem\",\"position\":2,\"name\":\"Datenschutzrichtlinie\"}]},{\"@type\":\"WebSite\",\"@id\":\"https:\/\/tours4you.online\/de\/#website\",\"url\":\"https:\/\/tours4you.online\/de\/\",\"name\":\"Tours 4 You\",\"description\":\"Tours 4 You\",\"publisher\":{\"@id\":\"https:\/\/tours4you.online\/de\/#organization\"},\"potentialAction\":[{\"@type\":\"SearchAction\",\"target\":{\"@type\":\"EntryPoint\",\"urlTemplate\":\"https:\/\/tours4you.online\/de\/?s={search_term_string}\"},\"query-input\":{\"@type\":\"PropertyValueSpecification\",\"valueRequired\":true,\"valueName\":\"search_term_string\"}}],\"inLanguage\":\"de\"},{\"@type\":\"Organization\",\"@id\":\"https:\/\/tours4you.online\/de\/#organization\",\"name\":\"Varna City Tour\",\"url\":\"https:\/\/tours4you.online\/de\/\",\"logo\":{\"@type\":\"ImageObject\",\"inLanguage\":\"de\",\"@id\":\"https:\/\/tours4you.online\/de\/#\/schema\/logo\/image\/\",\"url\":\"https:\/\/tours4you.online\/wp-content\/uploads\/2023\/12\/logo-t4u.png\",\"contentUrl\":\"https:\/\/tours4you.online\/wp-content\/uploads\/2023\/12\/logo-t4u.png\",\"width\":140,\"height\":60,\"caption\":\"Varna City Tour\"},\"image\":{\"@id\":\"https:\/\/tours4you.online\/de\/#\/schema\/logo\/image\/\"}}]}<\/script>\n<!-- \/ Yoast SEO plugin. -->","yoast_head_json":{"title":"Datenschutzrichtlinie - Tours 4 You","description":"Datenschutzrichtlinie und Datenschutz - Tours4You.Online: Wie wir personenbezogene Daten \u00fcber unsere Website sammeln, verarbeiten und speichern.","robots":{"index":"index","follow":"follow","max-snippet":"max-snippet:-1","max-image-preview":"max-image-preview:large","max-video-preview":"max-video-preview:-1"},"canonical":"https:\/\/tours4you.online\/de\/privacy-policy\/","og_locale":"de_DE","og_type":"article","og_title":"Datenschutzrichtlinie - Tours 4 You","og_description":"Datenschutzrichtlinie und Datenschutz - Tours4You.Online: Wie wir personenbezogene Daten \u00fcber unsere Website sammeln, verarbeiten und speichern.","og_url":"https:\/\/tours4you.online\/de\/privacy-policy\/","og_site_name":"Tours 4 You","article_modified_time":"2020-07-31T09:35:18+00:00","twitter_card":"summary_large_image","twitter_misc":{"Gesch\u00e4tzte Lesezeit":"10\u00a0Minuten"},"schema":{"@context":"https:\/\/schema.org","@graph":[{"@type":"WebPage","@id":"https:\/\/tours4you.online\/de\/privacy-policy\/","url":"https:\/\/tours4you.online\/de\/privacy-policy\/","name":"Datenschutzrichtlinie - Tours 4 You","isPartOf":{"@id":"https:\/\/tours4you.online\/de\/#website"},"datePublished":"2019-01-14T11:02:59+00:00","dateModified":"2020-07-31T09:35:18+00:00","description":"Datenschutzrichtlinie und Datenschutz - Tours4You.Online: Wie wir personenbezogene Daten \u00fcber unsere Website sammeln, verarbeiten und speichern.","breadcrumb":{"@id":"https:\/\/tours4you.online\/de\/privacy-policy\/#breadcrumb"},"inLanguage":"de","potentialAction":[{"@type":"ReadAction","target":["https:\/\/tours4you.online\/de\/privacy-policy\/"]}]},{"@type":"BreadcrumbList","@id":"https:\/\/tours4you.online\/de\/privacy-policy\/#breadcrumb","itemListElement":[{"@type":"ListItem","position":1,"name":"Home","item":"https:\/\/tours4you.online\/de\/"},{"@type":"ListItem","position":2,"name":"Datenschutzrichtlinie"}]},{"@type":"WebSite","@id":"https:\/\/tours4you.online\/de\/#website","url":"https:\/\/tours4you.online\/de\/","name":"Tours 4 You","description":"Tours 4 You","publisher":{"@id":"https:\/\/tours4you.online\/de\/#organization"},"potentialAction":[{"@type":"SearchAction","target":{"@type":"EntryPoint","urlTemplate":"https:\/\/tours4you.online\/de\/?s={search_term_string}"},"query-input":{"@type":"PropertyValueSpecification","valueRequired":true,"valueName":"search_term_string"}}],"inLanguage":"de"},{"@type":"Organization","@id":"https:\/\/tours4you.online\/de\/#organization","name":"Varna City Tour","url":"https:\/\/tours4you.online\/de\/","logo":{"@type":"ImageObject","inLanguage":"de","@id":"https:\/\/tours4you.online\/de\/#\/schema\/logo\/image\/","url":"https:\/\/tours4you.online\/wp-content\/uploads\/2023\/12\/logo-t4u.png","contentUrl":"https:\/\/tours4you.online\/wp-content\/uploads\/2023\/12\/logo-t4u.png","width":140,"height":60,"caption":"Varna City Tour"},"image":{"@id":"https:\/\/tours4you.online\/de\/#\/schema\/logo\/image\/"}}]}},"_links":{"self":[{"href":"https:\/\/tours4you.online\/de\/wp-json\/wp\/v2\/pages\/14","targetHints":{"allow":["GET"]}}],"collection":[{"href":"https:\/\/tours4you.online\/de\/wp-json\/wp\/v2\/pages"}],"about":[{"href":"https:\/\/tours4you.online\/de\/wp-json\/wp\/v2\/types\/page"}],"author":[{"embeddable":true,"href":"https:\/\/tours4you.online\/de\/wp-json\/wp\/v2\/users\/1"}],"replies":[{"embeddable":true,"href":"https:\/\/tours4you.online\/de\/wp-json\/wp\/v2\/comments?post=14"}],"version-history":[{"count":0,"href":"https:\/\/tours4you.online\/de\/wp-json\/wp\/v2\/pages\/14\/revisions"}],"wp:attachment":[{"href":"https:\/\/tours4you.online\/de\/wp-json\/wp\/v2\/media?parent=14"}],"curies":[{"name":"wp","href":"https:\/\/api.w.org\/{rel}","templated":true}]}}