{"id":1296,"date":"2020-09-16T10:56:07","date_gmt":"2020-09-16T10:56:07","guid":{"rendered":"http:\/\/tours4you.online\/?page_id=1296"},"modified":"2024-02-16T17:08:02","modified_gmt":"2024-02-16T15:08:02","slug":"sonnenstrand","status":"publish","type":"page","link":"https:\/\/tours4you.online\/de\/destinationen-schwarzmeerkueste\/sonnenstrand\/","title":{"rendered":"Sonnenstrand"},"content":{"rendered":"\r\n<h2 class=\"wp-block-heading\" style=\"text-align: center;\">Das Seebad Sonnestrand, Bulgarien<\/h2>\r\n\r\n\r\n\r\n<p>Sonnestrand ist der gr\u00f6\u00dfte Sommerferienort an der bulgarischen Schwarzmeerk\u00fcste. Sunny Beach hat mehr als 800 Hotels und Apartments und einen der besten Sandstr\u00e4nde. Das Seebad bietet eine lange Liste von Aktivit\u00e4ten, Ausfl\u00fcgen und Attraktionen f\u00fcr jede Wahl an. Sonnenstrand ist ein beliebter Ort f\u00fcr Partyurlauber. Informieren Sie sich daher im Voraus \u00fcber das Hotel, das Sie ausw\u00e4hlen, falls Sie einen erholsamen und ruhigen Aufenthalt ben\u00f6tigen \ud83d\ude09<\/p>\r\n\r\n\r\n\r\n<h3 class=\"wp-block-heading\" style=\"text-align: center;\">Die Lage<\/h3>\r\n\r\n\r\n\r\n<p>Sonnestrand liegt im zentralen Teil der bulgarischen Schwarzmeerk\u00fcste. Es befindet sich in der N\u00e4he von der Stadt Burgas und des Flughafens (International Airport Bourgas &#8211; BOJ). So es gibt bequeme Transportm\u00f6glichkeiten. Der Flughafen ist ungef\u00e4hr 40 km entfernt, was nicht mehr als eine halbe Stunde dauert (je nach dem Standort Ihres Hotels k\u00f6nnen Sie l\u00e4nger reisen). <a href=\"http:\/\/www.bulgarientransfers.de\/\" target=\"_blank\" rel=\"noreferrer noopener\" aria-label=\"Finden Sie hier ein Angebot f\u00fcr Flughafentransfer nach Sonnenstrand  (opens in a new tab)\">Finden Sie hier ein Angebot f\u00fcr Flughafentransfer nach Sonnenstrand <\/a>und buchen Sie online. Weitere beliebte Orte in unmittelbarer N\u00e4he sind <a href=\"https:\/\/tours4you.online\/de\/destination\/sveti-vlas-de\/\" target=\"_blank\" rel=\"noreferrer noopener\" aria-label=\"Sveti Vlas (opens in a new tab)\">Sveti Vlas<\/a> und Nessebar. Die Stadt Varna und der Flughafen liegen 100 km n\u00f6rdlich.<\/p>\r\n\r\n\r\n\r\n<h3 class=\"wp-block-heading\" style=\"text-align: center;\">Was zu tun in Sonnenstrand, Bulgarien<\/h3>\r\n\r\n\r\n\r\n<p>Der gr\u00f6\u00dfte und ber\u00fchmteste Sommerferienort an der Schwarzmeerk\u00fcste bietet alles, was Sie f\u00fcr einen unvergesslichen Urlaub brauchen an. Hier ist eine kurze Liste der besten Dinge, die Sie in Ihrer Freizeit tun k\u00f6nnen:<\/p>\r\n\r\n\r\n\r\n<h4 class=\"wp-block-heading\">&#8211; Am Strand zu erholen<\/h4>\r\n\r\n\r\n\r\n<p>Als Sommerziel bietet Sonnenstrand perfekte Str\u00e4nde mit allen Arten von Strand- und Wassersportarten an.<\/p>\r\n\r\n\r\n\r\n<h4 class=\"wp-block-heading\">&#8211; <a href=\"https:\/\/www.tripadvisor.de\/Attraction_Review-g499086-d8111289-Reviews-Sunny_Beach_Karting_Track-Sunny_Beach_Burgas_Province.html\" target=\"_blank\" rel=\"noreferrer noopener\" aria-label=\"Kartbahn (opens in a new tab)\">Kartbahn<\/a><\/h4>\r\n\r\n\r\n\r\n<p>Sie befindet sich an der Hauptstra\u00dfe Varna &#8211; Burgas und ist f\u00fcr Kinder geeignet. Die Preise sind angemessen, Spa\u00df und L\u00e4cheln sind garantiert. \ud83d\ude09<\/p>\r\n\r\n\r\n\r\n<ul class=\"wp-block-gallery columns-2 is-cropped wp-block-gallery-1 is-layout-flex wp-block-gallery-is-layout-flex\">\r\n<li class=\"blocks-gallery-item\">\r\n<figure><img loading=\"lazy\" decoding=\"async\" width=\"624\" height=\"415\" class=\"wp-image-1649\" src=\"http:\/\/tours4you.online\/wp-content\/uploads\/2021\/02\/kart-sunny-beach.jpg\" alt=\"\" data-id=\"1649\" data-link=\"http:\/\/tours4you.online\/de\/destinationen-schwarzmeerkueste\/sonnenstrand\/kart-sunny-beach-2\/\" srcset=\"https:\/\/tours4you.online\/wp-content\/uploads\/2021\/02\/kart-sunny-beach.jpg 624w, https:\/\/tours4you.online\/wp-content\/uploads\/2021\/02\/kart-sunny-beach-300x200.jpg 300w, https:\/\/tours4you.online\/wp-content\/uploads\/2021\/02\/kart-sunny-beach-600x400.jpg 600w, https:\/\/tours4you.online\/wp-content\/uploads\/2021\/02\/kart-sunny-beach-150x100.jpg 150w\" sizes=\"auto, (max-width: 624px) 100vw, 624px\" \/><\/figure>\r\n<\/li>\r\n<li class=\"blocks-gallery-item\">\r\n<figure><img loading=\"lazy\" decoding=\"async\" width=\"631\" height=\"370\" class=\"wp-image-1595\" src=\"http:\/\/tours4you.online\/wp-content\/uploads\/2021\/02\/waterslide-aquapark.jpg\" alt=\"Aquapark\" data-id=\"1595\" data-link=\"http:\/\/tours4you.online\/de\/destinationen-schwarzmeerkueste\/goldstrand\/waterslide-aquapark-2\/\" srcset=\"https:\/\/tours4you.online\/wp-content\/uploads\/2021\/02\/waterslide-aquapark.jpg 631w, https:\/\/tours4you.online\/wp-content\/uploads\/2021\/02\/waterslide-aquapark-300x176.jpg 300w\" sizes=\"auto, (max-width: 631px) 100vw, 631px\" \/><\/figure>\r\n<\/li>\r\n<\/ul>\r\n\r\n\r\n\r\n<h4 class=\"wp-block-heading\">&#8211; Den Aquapark besuchen<\/h4>\r\n\r\n\r\n\r\n<p>In der N\u00e4he von Sonnenstrand k\u00f6nnen Sie \u201eAction Aquapark\u201c und \u201eParadies\u201c besuchen. Beide sind gut entwickelt mit vielen Attraktionen, Rutschen und Pools f\u00fcr Kinder. Ein perfekter Tag mit Spa\u00df und Adrenalin.<\/p>\r\n\r\n\r\n\r\n<h4 class=\"wp-block-heading\">&#8211; Der <a href=\"https:\/\/www.tripadvisor.de\/Restaurant_Review-g499086-d2303797-Reviews-Khan_s_Tent-Sunny_Beach_Burgas_Province.html\" target=\"_blank\" rel=\"noreferrer noopener\" aria-label=\"Khan\u2018s Zelt (opens in a new tab)\">Khan\u2018s Zelt<\/a> besuchen<\/h4>\r\n\r\n\r\n\r\n<p>Khan\u2019s Tent ist einer der beliebtesten Orte im Sonnenstrand. Das Restaurant bietet eine unvergessliche Aussicht, k\u00f6stliche lokale Gerichte und ein attraktives Showprogramm an. Seine Architektur \u00e4hnelt dem Zelt der protobulgarischen Khans. Das Nachtprogramm ist vielf\u00e4ltig und umfasst T\u00e4nze, akrobatische Darbietungen und Tricks. Die Lage ist au\u00dferhalb des Urlaubsorts, mit einem sch\u00f6nen Blick auf Sunny Beach und Sveti Vlas.<\/p>\r\n\r\n\r\n\r\n<h4 class=\"wp-block-heading\">&#8211; <a href=\"https:\/\/tours4you.online\/de\/offer\/nessebar-panorama-tour\/\" target=\"_blank\" rel=\"noreferrer noopener\" aria-label=\"Besuchen Sie Nessebar (opens in a new tab)\">Besuchen Sie Nessebar<\/a><\/h4>\r\n\r\n\r\n\r\n<p>F\u00fcr alle, die nach Kulturdenkm\u00e4lern und Museen suchen. Nessebar ist einer der UNESCO-Sch\u00e4tze in Bulgarien und ein Muss f\u00fcr jeden Touristen. Die gesamte Architektur der Stadt und ihr Geist sind zauberhaft. <a href=\"https:\/\/tours4you.online\/de\/destination\/albena-de\/\" target=\"_blank\" rel=\"noreferrer noopener\" aria-label=\"Nessebar (opens in a new tab)\">Nessebar<\/a> kann man nicht mit Worten beschrieben, Sie m\u00fcssen es mit Ihren Augen sehen. <a href=\"https:\/\/tours4you.online\/de\/top-10-sehenswuerdigkeiten-in-nessebar-bulgarien\/\" target=\"_blank\" rel=\"noreferrer noopener\" aria-label=\"Lesen Sie hier mehr \u00fcber die beste Sehensw\u00fcrdigkeiten in Nessebar (opens in a new tab)\">Lesen Sie hier mehr \u00fcber die beste Sehensw\u00fcrdigkeiten in Nessebar<\/a>:<\/p>\r\n\r\n\r\n\r\n<p><em>P.S.<\/em> <em><a href=\"https:\/\/tours4you.online\/de\/was-zu-tun-in-sonnenstrand-bulgarien\/\" target=\"_blank\" rel=\"noreferrer noopener\" aria-label=\"Die beste Dinge zu tun in Sonennstrand - lesen Sie in insere Blog (opens in a new tab)\">Die beste Dinge zu tun in Sonennstrand &#8211; lesen Sie in insere Blog<\/a>:<\/em><\/p>\r\n\r\n\r\n<ul class=\"wp-block-latest-posts__list wp-block-latest-posts\"><li><a class=\"wp-block-latest-posts__post-title\" href=\"https:\/\/tours4you.online\/de\/top-10-gruende-die-heilige-anastasia-insel-burgas-zu-besuchen\/\">10 Gr\u00fcnde die Heilige Anastasia Insel zu besuchen<\/a><\/li>\n<li><a class=\"wp-block-latest-posts__post-title\" href=\"https:\/\/tours4you.online\/de\/das-schloss-und-botanischen-garten-baltschik\/\">Die Geschichte \u00fcber das Schloss und Botanischer Garten in Baltschik<\/a><\/li>\n<li><a class=\"wp-block-latest-posts__post-title\" href=\"https:\/\/tours4you.online\/de\/die-legenden-von-aladzha-kloster-varna\/\">Die Legenden von Aladzha Kloster &#8211; Varna<\/a><\/li>\n<li><a class=\"wp-block-latest-posts__post-title\" href=\"https:\/\/tours4you.online\/de\/party-bus-fotogalerie\/\">Party Bus &#8211; Fotogalerie<\/a><\/li>\n<li><a class=\"wp-block-latest-posts__post-title\" href=\"https:\/\/tours4you.online\/de\/premium-yacht-cruise-fotogalerie\/\">Premium Yacht Cruise &#8211; Fotogalerie<\/a><\/li>\n<\/ul>\r\n\r\n\r\n<h3 class=\"wp-block-heading\" style=\"text-align: center;\">Die besten Ausfl\u00fcge von Sonnenstrand<\/h3>\r\n\r\n\r\n\r\n<p>Wenn Sie sich am Strand langweilen oder unvergessliche Erinnerungen sammeln m\u00f6chten, lesen Sie unsere empfohlenen Tagesausfl\u00fcge, die online auf unserer Website verf\u00fcgbar sind:<\/p>\r\n\r\n\r\n\r\n<div class=\"wp-block-ugb-feature-grid ugb-feature-grid ugb-feature-grid--columns-3\">\r\n<div class=\"ugb-feature-grid__item ugb--shadow-5\" style=\"border-radius: 20px;\">\r\n<div class=\"ugb-feature-grid__image\"><img decoding=\"async\" style=\"width: 100%;\" src=\"http:\/\/tours4you.online\/wp-content\/uploads\/2019\/01\/burgas-market-excursion.jpg\" alt=\" Wochenmarkt und Burgas \" \/><\/div>\r\n<div class=\"ugb-feature-grid__content\">\r\n<h5 class=\"ugb-feature-grid__title\"><strong>Wochenmarkt und Burgas<\/strong><\/h5>\r\n<p class=\"ugb-feature-grid__description\">Die Stadt Burgas ist die gr\u00f6\u00dfte Stadt in der Umgebung. Wenn Sie also gro\u00dfe Einkaufszentren, Einkaufsstra\u00dfen mit Boutiquen und bekannte Orte besuchen m\u00f6chten, ist Burgas die beste Wahl. Dieser Ausflug beinhaltet auch den l\u00e4ndlichen Stra\u00dfenmarkt in einem Dorf, in dem Sie Souvenirs und traditionelle Produkte kaufen k\u00f6nnen:<\/p>\r\n<div><a class=\"ugb-button ugb-button--align-center ugb-button--size-normal\" style=\"border-radius: 1px; background-color: #3fa4e3; color: #ffffff;\" href=\"https:\/\/tours4you.online\/de\/offer\/wochenmarkt-burgas\/\" target=\"_blank\" rel=\"noopener noreferrer\"><span class=\"ugb-button--inner\" style=\"color: #ffffff;\">BOOK NOW!<\/span><\/a><\/div>\r\n<\/div>\r\n<\/div>\r\n<div class=\"ugb-feature-grid__item ugb--shadow-5\" style=\"border-radius: 20px;\">\r\n<div class=\"ugb-feature-grid__image\"><img decoding=\"async\" style=\"width: 100%;\" src=\"http:\/\/tours4you.online\/wp-content\/uploads\/2020\/06\/burgas-port-excursions-trips.jpg\" alt=\"Burgas und  Inselfahrt nach St. Anastasia\" \/><\/div>\r\n<div class=\"ugb-feature-grid__content\">\r\n<h5 class=\"ugb-feature-grid__title\">Burgas und <strong>Inselfahrt nach St. Anastasia<\/strong><\/h5>\r\n<p class=\"ugb-feature-grid__description\">Das ist die gr\u00f6\u00dfte Insel in der Region, daher verdient dieser Besuch auf jeden Fall. Es ist ein romantischer Ort, an dem Sie eine wundervolle Zeit verbringen werden. Es gibt ein Museum, eine Kirche und andere Orte zu besuchen. Wenn Sie Bootsfahrten m\u00f6gen, klicken Sie hier und buchen Sie online:<\/p>\r\n<div><a class=\"ugb-button ugb-button--align-center ugb-button--size-normal\" style=\"border-radius: 1px; background-color: #3fa4e3; color: #ffffff;\" href=\"https:\/\/tours4you.online\/de\/\" target=\"_blank\" rel=\"noopener noreferrer\"><span class=\"ugb-button--inner\" style=\"color: #ffffff;\">BOOK NOW!<\/span><\/a><\/div>\r\n<\/div>\r\n<\/div>\r\n<div class=\"ugb-feature-grid__item ugb--shadow-5\" style=\"border-radius: 20px;\">\r\n<div class=\"ugb-feature-grid__image\"><img decoding=\"async\" style=\"width: 100%;\" src=\"http:\/\/tours4you.online\/wp-content\/uploads\/2020\/07\/mountain-nature.jpg\" alt=\" Tagesausflug \u201eAbenteuer Natur\u201c \" \/><\/div>\r\n<div class=\"ugb-feature-grid__content\">\r\n<h5 class=\"ugb-feature-grid__title\"><strong>Tagesausflug \u201eAbenteuer Natur\u201c<\/strong><\/h5>\r\n<p class=\"ugb-feature-grid__description\">Dieser Ausflug beinhaltet das Fahren mit Gel\u00e4ndewagen in den Bergen, Besuch eines traditionellen bulgarischen Dorfes, ein typisches Mittagessen und Folkloreprogramm. Wenn Sie mit den lokalen Traditionen und Br\u00e4uchen in Kontakt treten m\u00f6chten, sollten Sie diese Tour nicht verpassen!<\/p>\r\n<div><a class=\"ugb-button ugb-button--align-center ugb-button--size-normal\" style=\"border-radius: 1px; background-color: #3fa4e3; color: #ffffff;\" href=\"https:\/\/tours4you.online\/de\/\" target=\"_blank\" rel=\"noopener noreferrer\"><span class=\"ugb-button--inner\" style=\"color: #ffffff;\">BOOK NOW!<\/span><\/a><\/div>\r\n<\/div>\r\n<\/div>\r\n<\/div>\r\n\r\n\r\n\r\n<div class=\"wp-block-ugb-feature ugb-feature ugb--background-opacity-5 ugb-feature--design-basic ugb-feature--content-left ugb--has-background ugb--shadow-5\" style=\"--image-size: 400px; background-color: #ffe200; border-radius: 20px;\">\r\n<div class=\"ugb-content-wrapper\">\r\n<div class=\"ugb-feature__content\">\r\n<h2 class=\"ugb-feature__title\">Der Badeort Sonnenstrand<\/h2>\r\n<p class=\"ugb-feature__description\"><strong>Sonnenstrand<\/strong> ist der beste Ort f\u00fcr einen Sommerurlaub. Der Urlaubsort bietet perfekte Bedingungen f\u00fcr einen Familienurlaub mit Kindern, Partys oder Touristen, die nach Kulturtourismus suchen an. Wenn Sie die Umgebung erkunden und die besten Sehensw\u00fcrdigkeiten besuchen m\u00f6chten, finden Sie hier unsere Liste mit Ausfl\u00fcgen und Reisen und reservieren Sie online Ihre Lieblingstour:<\/p>\r\n<div><a class=\"ugb-button ugb-button--align-left ugb-button--size-normal\" style=\"border-radius: 1px; background-color: #3fa4e3; color: #ffffff;\" href=\"https:\/\/tours4you.online\/de\/destination\/sonnen-strand\/\"><span class=\"ugb-button--inner\" style=\"color: #ffffff;\">BOOK NOW!<\/span><\/a><\/div>\r\n<\/div>\r\n<div class=\"ugb-feature__image-side\"><img decoding=\"async\" class=\"ugb-feature__image\" src=\"http:\/\/tours4you.online\/wp-content\/uploads\/2021\/02\/sunny-beach-bulgaria.jpg\" alt=\"Der Badeort Sonnenstrand\" \/><\/div>\r\n<\/div>\r\n<\/div>\r\n","protected":false},"excerpt":{"rendered":"<p>Das Seebad Sonnestrand, Bulgarien Sonnestrand ist der gr\u00f6\u00dfte Sommerferienort an der bulgarischen Schwarzmeerk\u00fcste. Sunny Beach hat mehr als 800 Hotels und Apartments und einen der besten Sandstr\u00e4nde. Das Seebad bietet eine lange Liste von Aktivit\u00e4ten, Ausfl\u00fcgen und Attraktionen f\u00fcr jede Wahl an. Sonnenstrand ist ein beliebter Ort f\u00fcr Partyurlauber. Informieren Sie sich daher im Voraus&#8230;<\/p>\n","protected":false},"author":1,"featured_media":0,"parent":280,"menu_order":0,"comment_status":"closed","ping_status":"closed","template":"","meta":{"_acf_changed":false,"footnotes":""},"class_list":["post-1296","page","type-page","status-publish","hentry"],"acf":[],"yoast_head":"<!-- This site is optimized with the Yoast SEO plugin v23.6 - https:\/\/yoast.com\/wordpress\/plugins\/seo\/ -->\n<title>Sonnenstrand - Tours 4 You<\/title>\n<meta name=\"description\" content=\"Das Seebad Sonnenstrand (Sunny Beach) Bulgarien. Tours4You.Online - mehr \u00fcber die Lage von Sonnenstrand, was zu tun und welche Ausfl\u00fcge zu buchen:\" \/>\n<meta name=\"robots\" content=\"index, follow, max-snippet:-1, max-image-preview:large, max-video-preview:-1\" \/>\n<link rel=\"canonical\" href=\"https:\/\/tours4you.online\/de\/destinationen-schwarzmeerkueste\/sonnenstrand\/\" \/>\n<meta property=\"og:locale\" content=\"de_DE\" \/>\n<meta property=\"og:type\" content=\"article\" \/>\n<meta property=\"og:title\" content=\"Sonnenstrand - Tours 4 You\" \/>\n<meta property=\"og:description\" content=\"Das Seebad Sonnenstrand (Sunny Beach) Bulgarien. Tours4You.Online - mehr \u00fcber die Lage von Sonnenstrand, was zu tun und welche Ausfl\u00fcge zu buchen:\" \/>\n<meta property=\"og:url\" content=\"https:\/\/tours4you.online\/de\/destinationen-schwarzmeerkueste\/sonnenstrand\/\" \/>\n<meta property=\"og:site_name\" content=\"Tours 4 You\" \/>\n<meta property=\"article:modified_time\" content=\"2024-02-16T15:08:02+00:00\" \/>\n<meta property=\"og:image\" content=\"http:\/\/tours4you.online\/wp-content\/uploads\/2021\/02\/kart-sunny-beach.jpg\" \/>\n<meta name=\"twitter:card\" content=\"summary_large_image\" \/>\n<meta name=\"twitter:label1\" content=\"Gesch\u00e4tzte Lesezeit\" \/>\n\t<meta name=\"twitter:data1\" content=\"5\u00a0Minuten\" \/>\n<script type=\"application\/ld+json\" class=\"yoast-schema-graph\">{\"@context\":\"https:\/\/schema.org\",\"@graph\":[{\"@type\":\"WebPage\",\"@id\":\"https:\/\/tours4you.online\/de\/destinationen-schwarzmeerkueste\/sonnenstrand\/\",\"url\":\"https:\/\/tours4you.online\/de\/destinationen-schwarzmeerkueste\/sonnenstrand\/\",\"name\":\"Sonnenstrand - Tours 4 You\",\"isPartOf\":{\"@id\":\"https:\/\/tours4you.online\/de\/#website\"},\"primaryImageOfPage\":{\"@id\":\"https:\/\/tours4you.online\/de\/destinationen-schwarzmeerkueste\/sonnenstrand\/#primaryimage\"},\"image\":{\"@id\":\"https:\/\/tours4you.online\/de\/destinationen-schwarzmeerkueste\/sonnenstrand\/#primaryimage\"},\"thumbnailUrl\":\"http:\/\/tours4you.online\/wp-content\/uploads\/2021\/02\/kart-sunny-beach.jpg\",\"datePublished\":\"2020-09-16T10:56:07+00:00\",\"dateModified\":\"2024-02-16T15:08:02+00:00\",\"description\":\"Das Seebad Sonnenstrand (Sunny Beach) Bulgarien. Tours4You.Online - mehr \u00fcber die Lage von Sonnenstrand, was zu tun und welche Ausfl\u00fcge zu buchen:\",\"breadcrumb\":{\"@id\":\"https:\/\/tours4you.online\/de\/destinationen-schwarzmeerkueste\/sonnenstrand\/#breadcrumb\"},\"inLanguage\":\"de\",\"potentialAction\":[{\"@type\":\"ReadAction\",\"target\":[\"https:\/\/tours4you.online\/de\/destinationen-schwarzmeerkueste\/sonnenstrand\/\"]}]},{\"@type\":\"ImageObject\",\"inLanguage\":\"de\",\"@id\":\"https:\/\/tours4you.online\/de\/destinationen-schwarzmeerkueste\/sonnenstrand\/#primaryimage\",\"url\":\"http:\/\/tours4you.online\/wp-content\/uploads\/2021\/02\/kart-sunny-beach.jpg\",\"contentUrl\":\"http:\/\/tours4you.online\/wp-content\/uploads\/2021\/02\/kart-sunny-beach.jpg\"},{\"@type\":\"BreadcrumbList\",\"@id\":\"https:\/\/tours4you.online\/de\/destinationen-schwarzmeerkueste\/sonnenstrand\/#breadcrumb\",\"itemListElement\":[{\"@type\":\"ListItem\",\"position\":1,\"name\":\"Home\",\"item\":\"https:\/\/tours4you.online\/de\/\"},{\"@type\":\"ListItem\",\"position\":2,\"name\":\"Schwarzmeerk\u00fcste\",\"item\":\"https:\/\/tours4you.online\/de\/destinationen-schwarzmeerkueste\/\"},{\"@type\":\"ListItem\",\"position\":3,\"name\":\"Sonnenstrand\"}]},{\"@type\":\"WebSite\",\"@id\":\"https:\/\/tours4you.online\/de\/#website\",\"url\":\"https:\/\/tours4you.online\/de\/\",\"name\":\"Tours 4 You\",\"description\":\"Tours 4 You\",\"publisher\":{\"@id\":\"https:\/\/tours4you.online\/de\/#organization\"},\"potentialAction\":[{\"@type\":\"SearchAction\",\"target\":{\"@type\":\"EntryPoint\",\"urlTemplate\":\"https:\/\/tours4you.online\/de\/?s={search_term_string}\"},\"query-input\":{\"@type\":\"PropertyValueSpecification\",\"valueRequired\":true,\"valueName\":\"search_term_string\"}}],\"inLanguage\":\"de\"},{\"@type\":\"Organization\",\"@id\":\"https:\/\/tours4you.online\/de\/#organization\",\"name\":\"Varna City Tour\",\"url\":\"https:\/\/tours4you.online\/de\/\",\"logo\":{\"@type\":\"ImageObject\",\"inLanguage\":\"de\",\"@id\":\"https:\/\/tours4you.online\/de\/#\/schema\/logo\/image\/\",\"url\":\"https:\/\/tours4you.online\/wp-content\/uploads\/2023\/12\/logo-t4u.png\",\"contentUrl\":\"https:\/\/tours4you.online\/wp-content\/uploads\/2023\/12\/logo-t4u.png\",\"width\":140,\"height\":60,\"caption\":\"Varna City Tour\"},\"image\":{\"@id\":\"https:\/\/tours4you.online\/de\/#\/schema\/logo\/image\/\"}}]}<\/script>\n<!-- \/ Yoast SEO plugin. -->","yoast_head_json":{"title":"Sonnenstrand - Tours 4 You","description":"Das Seebad Sonnenstrand (Sunny Beach) Bulgarien. Tours4You.Online - mehr \u00fcber die Lage von Sonnenstrand, was zu tun und welche Ausfl\u00fcge zu buchen:","robots":{"index":"index","follow":"follow","max-snippet":"max-snippet:-1","max-image-preview":"max-image-preview:large","max-video-preview":"max-video-preview:-1"},"canonical":"https:\/\/tours4you.online\/de\/destinationen-schwarzmeerkueste\/sonnenstrand\/","og_locale":"de_DE","og_type":"article","og_title":"Sonnenstrand - Tours 4 You","og_description":"Das Seebad Sonnenstrand (Sunny Beach) Bulgarien. Tours4You.Online - mehr \u00fcber die Lage von Sonnenstrand, was zu tun und welche Ausfl\u00fcge zu buchen:","og_url":"https:\/\/tours4you.online\/de\/destinationen-schwarzmeerkueste\/sonnenstrand\/","og_site_name":"Tours 4 You","article_modified_time":"2024-02-16T15:08:02+00:00","og_image":[{"url":"http:\/\/tours4you.online\/wp-content\/uploads\/2021\/02\/kart-sunny-beach.jpg"}],"twitter_card":"summary_large_image","twitter_misc":{"Gesch\u00e4tzte Lesezeit":"5\u00a0Minuten"},"schema":{"@context":"https:\/\/schema.org","@graph":[{"@type":"WebPage","@id":"https:\/\/tours4you.online\/de\/destinationen-schwarzmeerkueste\/sonnenstrand\/","url":"https:\/\/tours4you.online\/de\/destinationen-schwarzmeerkueste\/sonnenstrand\/","name":"Sonnenstrand - Tours 4 You","isPartOf":{"@id":"https:\/\/tours4you.online\/de\/#website"},"primaryImageOfPage":{"@id":"https:\/\/tours4you.online\/de\/destinationen-schwarzmeerkueste\/sonnenstrand\/#primaryimage"},"image":{"@id":"https:\/\/tours4you.online\/de\/destinationen-schwarzmeerkueste\/sonnenstrand\/#primaryimage"},"thumbnailUrl":"http:\/\/tours4you.online\/wp-content\/uploads\/2021\/02\/kart-sunny-beach.jpg","datePublished":"2020-09-16T10:56:07+00:00","dateModified":"2024-02-16T15:08:02+00:00","description":"Das Seebad Sonnenstrand (Sunny Beach) Bulgarien. Tours4You.Online - mehr \u00fcber die Lage von Sonnenstrand, was zu tun und welche Ausfl\u00fcge zu buchen:","breadcrumb":{"@id":"https:\/\/tours4you.online\/de\/destinationen-schwarzmeerkueste\/sonnenstrand\/#breadcrumb"},"inLanguage":"de","potentialAction":[{"@type":"ReadAction","target":["https:\/\/tours4you.online\/de\/destinationen-schwarzmeerkueste\/sonnenstrand\/"]}]},{"@type":"ImageObject","inLanguage":"de","@id":"https:\/\/tours4you.online\/de\/destinationen-schwarzmeerkueste\/sonnenstrand\/#primaryimage","url":"http:\/\/tours4you.online\/wp-content\/uploads\/2021\/02\/kart-sunny-beach.jpg","contentUrl":"http:\/\/tours4you.online\/wp-content\/uploads\/2021\/02\/kart-sunny-beach.jpg"},{"@type":"BreadcrumbList","@id":"https:\/\/tours4you.online\/de\/destinationen-schwarzmeerkueste\/sonnenstrand\/#breadcrumb","itemListElement":[{"@type":"ListItem","position":1,"name":"Home","item":"https:\/\/tours4you.online\/de\/"},{"@type":"ListItem","position":2,"name":"Schwarzmeerk\u00fcste","item":"https:\/\/tours4you.online\/de\/destinationen-schwarzmeerkueste\/"},{"@type":"ListItem","position":3,"name":"Sonnenstrand"}]},{"@type":"WebSite","@id":"https:\/\/tours4you.online\/de\/#website","url":"https:\/\/tours4you.online\/de\/","name":"Tours 4 You","description":"Tours 4 You","publisher":{"@id":"https:\/\/tours4you.online\/de\/#organization"},"potentialAction":[{"@type":"SearchAction","target":{"@type":"EntryPoint","urlTemplate":"https:\/\/tours4you.online\/de\/?s={search_term_string}"},"query-input":{"@type":"PropertyValueSpecification","valueRequired":true,"valueName":"search_term_string"}}],"inLanguage":"de"},{"@type":"Organization","@id":"https:\/\/tours4you.online\/de\/#organization","name":"Varna City Tour","url":"https:\/\/tours4you.online\/de\/","logo":{"@type":"ImageObject","inLanguage":"de","@id":"https:\/\/tours4you.online\/de\/#\/schema\/logo\/image\/","url":"https:\/\/tours4you.online\/wp-content\/uploads\/2023\/12\/logo-t4u.png","contentUrl":"https:\/\/tours4you.online\/wp-content\/uploads\/2023\/12\/logo-t4u.png","width":140,"height":60,"caption":"Varna City Tour"},"image":{"@id":"https:\/\/tours4you.online\/de\/#\/schema\/logo\/image\/"}}]}},"_links":{"self":[{"href":"https:\/\/tours4you.online\/de\/wp-json\/wp\/v2\/pages\/1296","targetHints":{"allow":["GET"]}}],"collection":[{"href":"https:\/\/tours4you.online\/de\/wp-json\/wp\/v2\/pages"}],"about":[{"href":"https:\/\/tours4you.online\/de\/wp-json\/wp\/v2\/types\/page"}],"author":[{"embeddable":true,"href":"https:\/\/tours4you.online\/de\/wp-json\/wp\/v2\/users\/1"}],"replies":[{"embeddable":true,"href":"https:\/\/tours4you.online\/de\/wp-json\/wp\/v2\/comments?post=1296"}],"version-history":[{"count":1,"href":"https:\/\/tours4you.online\/de\/wp-json\/wp\/v2\/pages\/1296\/revisions"}],"predecessor-version":[{"id":2632,"href":"https:\/\/tours4you.online\/de\/wp-json\/wp\/v2\/pages\/1296\/revisions\/2632"}],"up":[{"embeddable":true,"href":"https:\/\/tours4you.online\/de\/wp-json\/wp\/v2\/pages\/280"}],"wp:attachment":[{"href":"https:\/\/tours4you.online\/de\/wp-json\/wp\/v2\/media?parent=1296"}],"curies":[{"name":"wp","href":"https:\/\/api.w.org\/{rel}","templated":true}]}}